{"id":764237,"date":"2025-08-28T11:04:19","date_gmt":"2025-08-28T08:04:19","guid":{"rendered":"https:\/\/roveyayinevi.com.tr\/index.php\/urun\/yapay-zeka-cagi-2\/"},"modified":"2026-04-15T03:30:13","modified_gmt":"2026-04-15T00:30:13","slug":"yapay-zeka-cagi-2","status":"publish","type":"product","link":"https:\/\/roveyayinevi.com.tr\/index.php\/urun\/yapay-zeka-cagi-2\/","title":{"rendered":"Yapay Zeka \u00c7a\u011f\u0131"},"content":{"rendered":"<p>Yapay zek\u00e2n\u0131n geli\u015fimi, sadece teknolojik bir devrim de\u011fil, ayn\u0131 zamanda insano\u011flunun kendini ve \u00e7evresini nas\u0131l anlad\u0131\u011f\u0131n\u0131 k\u00f6kten de\u011fi\u015ftiren bir d\u00f6n\u00fc\u015f\u00fcmd\u00fcr. Bir zamanlar bilim kurgu romanlar\u0131n\u0131n sayfalar\u0131nda hayal edilen Yapay Zek\u00e2, art\u0131k g\u00fcnl\u00fck ya\u015fam\u0131m\u0131z\u0131n bir par\u00e7as\u0131. \u00dcretim band\u0131ndan y\u00f6netim kuruluna, evimizden etkile\u015fimlerimize kadar her alanda varl\u0131\u011f\u0131n\u0131 hissettiriyor. Yapay Zek\u00e2, verimlili\u011fi katlanarak art\u0131r\u0131rken, piyasa dinamiklerini de yeniden \u015fekillendiriyor. Peki, bu geli\u015fmelerin adalet ve e\u015fitlik \u00fczerindeki etkisi ne olacak? Toplumsal etki alan\u0131nda ise Yapay Zek\u00e2, ileti\u015fim \u015feklimizi, e\u011fitim sistemimizi ve hatta demokrasi anlay\u0131\u015f\u0131m\u0131z\u0131 etkiliyor. Algoritmalar\u0131n, neyi g\u00f6rd\u00fc\u011f\u00fcm\u00fcz\u00fc, neyi \u00f6\u011frendi\u011fimizi ve hatta neye inand\u0131\u011f\u0131m\u0131z\u0131 belirleyebildi\u011fi bir d\u00fcnya&#8230; Yapay Zek\u00e2\u2019n\u0131n getirdi\u011fi d\u00f6n\u00fc\u015f\u00fcm evrensel ve ka\u00e7\u0131n\u0131lmaz. Bu kitap, okuyuculara, Yapay Zek\u00e2\u2019n\u0131n toplumumuz ve ekonomimiz \u00fczerindeki etkisini daha iyi anlamalar\u0131 ve bu devrimin bir par\u00e7as\u0131 olarak bilin\u00e7li ve etkin roller \u00fcstlenmeleri i\u00e7in ilham vermeyi ama\u00e7lamaktad\u0131r&#8230; <\/p>\n","protected":false},"excerpt":{"rendered":"<p>Yapay zek\u00e2n\u0131n geli\u015fimi, sadece teknolojik bir devrim de\u011fil, ayn\u0131 zamanda insano\u011flunun kendini ve \u00e7evresini nas\u0131l anlad\u0131\u011f\u0131n\u0131 k\u00f6kten de\u011fi\u015ftiren bir d\u00f6n\u00fc\u015f\u00fcmd\u00fcr. Bir zamanlar bilim kurgu romanlar\u0131n\u0131n sayfalar\u0131nda<span class=\"excerpt-hellip\"> [\u2026]<\/span><\/p>\n","protected":false},"featured_media":0,"template":"","meta":{"_monsterinsights_skip_tracking":false,"_monsterinsights_sitenote_active":false,"_monsterinsights_sitenote_note":"","_monsterinsights_sitenote_category":0},"product_brand":[],"product_cat":[13043],"product_tag":[],"class_list":{"0":"post-764237","1":"product","2":"type-product","3":"status-publish","5":"product_cat-ekonomi","6":"pa_cilt-ciltsiz","7":"pa_tur-kitap","8":"pa_yayinevi-liberte-yayinlari","9":"pa_yazar-adnan-kum","11":"first","12":"instock","13":"sale","14":"shipping-taxable","15":"purchasable","16":"product-type-simple"},"_links":{"self":[{"href":"https:\/\/roveyayinevi.com.tr\/index.php\/wp-json\/wp\/v2\/product\/764237","targetHints":{"allow":["GET"]}}],"collection":[{"href":"https:\/\/roveyayinevi.com.tr\/index.php\/wp-json\/wp\/v2\/product"}],"about":[{"href":"https:\/\/roveyayinevi.com.tr\/index.php\/wp-json\/wp\/v2\/types\/product"}],"wp:attachment":[{"href":"https:\/\/roveyayinevi.com.tr\/index.php\/wp-json\/wp\/v2\/media?parent=764237"}],"wp:term":[{"taxonomy":"product_brand","embeddable":true,"href":"https:\/\/roveyayinevi.com.tr\/index.php\/wp-json\/wp\/v2\/product_brand?post=764237"},{"taxonomy":"product_cat","embeddable":true,"href":"https:\/\/roveyayinevi.com.tr\/index.php\/wp-json\/wp\/v2\/product_cat?post=764237"},{"taxonomy":"product_tag","embeddable":true,"href":"https:\/\/roveyayinevi.com.tr\/index.php\/wp-json\/wp\/v2\/product_tag?post=764237"}],"curies":[{"name":"wp","href":"https:\/\/api.w.org\/{rel}","templated":true}]}}