{"id":764230,"date":"2025-08-28T11:04:07","date_gmt":"2025-08-28T08:04:07","guid":{"rendered":"https:\/\/roveyayinevi.com.tr\/index.php\/urun\/8-sinif-tum-dersler-konu-anlatimli\/"},"modified":"2026-04-15T03:30:12","modified_gmt":"2026-04-15T00:30:12","slug":"8-sinif-tum-dersler-konu-anlatimli","status":"publish","type":"product","link":"https:\/\/roveyayinevi.com.tr\/index.php\/urun\/8-sinif-tum-dersler-konu-anlatimli\/","title":{"rendered":"8. S\u0131n\u0131f T\u00fcm Dersler Konu Anlat\u0131ml\u0131"},"content":{"rendered":"<p>* Merkezi S\u0131navlara Haz\u0131rl\u0131k* T\u00fcm Dersler Konu Anlat\u0131ml\u0131T\u00fcrk\u00e7eMatematikFen ve TeknolojiT.C.\u0130nk\u0131lap Tarihi ve Atat\u00fcrk\u00e7\u00fcl\u00fck\u0130ngilizceDin K\u00fclt\u00fcr\u00fc ve Ahlak Bilgisi<\/p>\n","protected":false},"excerpt":{"rendered":"<p>* Merkezi S\u0131navlara Haz\u0131rl\u0131k* T\u00fcm Dersler Konu Anlat\u0131ml\u0131T\u00fcrk\u00e7eMatematikFen ve TeknolojiT.C.\u0130nk\u0131lap Tarihi ve Atat\u00fcrk\u00e7\u00fcl\u00fck\u0130ngilizceDin K\u00fclt\u00fcr\u00fc ve Ahlak Bilgisi<\/p>\n","protected":false},"featured_media":0,"template":"","meta":{"_monsterinsights_skip_tracking":false,"_monsterinsights_sitenote_active":false,"_monsterinsights_sitenote_note":"","_monsterinsights_sitenote_category":0},"product_brand":[],"product_cat":[12566,13473],"product_tag":[],"class_list":{"0":"post-764230","1":"product","2":"type-product","3":"status-publish","5":"product_cat-egitim","6":"product_cat-sinavlara-hazirlik-okula-yardimci-kaynaklar","7":"pa_cilt-ciltsiz","8":"pa_tur-kitap","9":"pa_yayinevi-sinav-yayinlari","10":"pa_yazar-kolektif","12":"first","13":"instock","14":"sale","15":"shipping-taxable","16":"purchasable","17":"product-type-simple"},"_links":{"self":[{"href":"https:\/\/roveyayinevi.com.tr\/index.php\/wp-json\/wp\/v2\/product\/764230","targetHints":{"allow":["GET"]}}],"collection":[{"href":"https:\/\/roveyayinevi.com.tr\/index.php\/wp-json\/wp\/v2\/product"}],"about":[{"href":"https:\/\/roveyayinevi.com.tr\/index.php\/wp-json\/wp\/v2\/types\/product"}],"wp:attachment":[{"href":"https:\/\/roveyayinevi.com.tr\/index.php\/wp-json\/wp\/v2\/media?parent=764230"}],"wp:term":[{"taxonomy":"product_brand","embeddable":true,"href":"https:\/\/roveyayinevi.com.tr\/index.php\/wp-json\/wp\/v2\/product_brand?post=764230"},{"taxonomy":"product_cat","embeddable":true,"href":"https:\/\/roveyayinevi.com.tr\/index.php\/wp-json\/wp\/v2\/product_cat?post=764230"},{"taxonomy":"product_tag","embeddable":true,"href":"https:\/\/roveyayinevi.com.tr\/index.php\/wp-json\/wp\/v2\/product_tag?post=764230"}],"curies":[{"name":"wp","href":"https:\/\/api.w.org\/{rel}","templated":true}]}}