{"id":764226,"date":"2025-08-28T11:03:29","date_gmt":"2025-08-28T08:03:29","guid":{"rendered":"https:\/\/roveyayinevi.com.tr\/index.php\/urun\/6-sinif-tum-dersler-konu-anlatimli\/"},"modified":"2026-04-15T03:30:12","modified_gmt":"2026-04-15T00:30:12","slug":"6-sinif-tum-dersler-konu-anlatimli","status":"publish","type":"product","link":"https:\/\/roveyayinevi.com.tr\/index.php\/urun\/6-sinif-tum-dersler-konu-anlatimli\/","title":{"rendered":"6. S\u0131n\u0131f T\u00fcm Dersler Konu Anlat\u0131ml\u0131"},"content":{"rendered":"<p>* T\u00fcm Dersler* Konu Anlat\u0131ml\u0131* Okula Yard\u0131mc\u0131* T\u00fcrk\u00e7e* Matematik* Fen Bilimleri* Sosyal Bilgiler* \u0130ngilizce<\/p>\n","protected":false},"excerpt":{"rendered":"<p>* T\u00fcm Dersler* Konu Anlat\u0131ml\u0131* Okula Yard\u0131mc\u0131* T\u00fcrk\u00e7e* Matematik* Fen Bilimleri* Sosyal Bilgiler* \u0130ngilizce<\/p>\n","protected":false},"featured_media":0,"template":"","meta":{"_monsterinsights_skip_tracking":false,"_monsterinsights_sitenote_active":false,"_monsterinsights_sitenote_note":"","_monsterinsights_sitenote_category":0},"product_brand":[],"product_cat":[12566,13473],"product_tag":[],"class_list":{"0":"post-764226","1":"product","2":"type-product","3":"status-publish","5":"product_cat-egitim","6":"product_cat-sinavlara-hazirlik-okula-yardimci-kaynaklar","7":"pa_cilt-ciltsiz","8":"pa_tur-kitap","9":"pa_yayinevi-sinav-yayinlari","10":"pa_yazar-kolektif","12":"first","13":"instock","14":"sale","15":"shipping-taxable","16":"purchasable","17":"product-type-simple"},"_links":{"self":[{"href":"https:\/\/roveyayinevi.com.tr\/index.php\/wp-json\/wp\/v2\/product\/764226","targetHints":{"allow":["GET"]}}],"collection":[{"href":"https:\/\/roveyayinevi.com.tr\/index.php\/wp-json\/wp\/v2\/product"}],"about":[{"href":"https:\/\/roveyayinevi.com.tr\/index.php\/wp-json\/wp\/v2\/types\/product"}],"wp:attachment":[{"href":"https:\/\/roveyayinevi.com.tr\/index.php\/wp-json\/wp\/v2\/media?parent=764226"}],"wp:term":[{"taxonomy":"product_brand","embeddable":true,"href":"https:\/\/roveyayinevi.com.tr\/index.php\/wp-json\/wp\/v2\/product_brand?post=764226"},{"taxonomy":"product_cat","embeddable":true,"href":"https:\/\/roveyayinevi.com.tr\/index.php\/wp-json\/wp\/v2\/product_cat?post=764226"},{"taxonomy":"product_tag","embeddable":true,"href":"https:\/\/roveyayinevi.com.tr\/index.php\/wp-json\/wp\/v2\/product_tag?post=764226"}],"curies":[{"name":"wp","href":"https:\/\/api.w.org\/{rel}","templated":true}]}}