{"id":764223,"date":"2025-08-28T11:03:25","date_gmt":"2025-08-28T08:03:25","guid":{"rendered":"https:\/\/roveyayinevi.com.tr\/index.php\/urun\/2-sinif-tum-dersler-konu-anlatimli\/"},"modified":"2026-04-15T03:30:12","modified_gmt":"2026-04-15T00:30:12","slug":"2-sinif-tum-dersler-konu-anlatimli","status":"publish","type":"product","link":"https:\/\/roveyayinevi.com.tr\/index.php\/urun\/2-sinif-tum-dersler-konu-anlatimli\/","title":{"rendered":"2. S\u0131n\u0131f T\u00fcm Dersler Konu Anlat\u0131ml\u0131"},"content":{"rendered":"<p>S\u0131nav Yay\u0131nlar\u0131 2. S\u0131n\u0131f T\u00fcm Dersler Konu Anlat\u0131ml\u0131 Yeni M\u00fcfredata UygunAk\u0131ll\u0131 Tahtaya UyumluOkula Yard\u0131mc\u0131S\u0131navlara Haz\u0131rl\u0131kKonu Anlat\u0131mlar\u0131EtkinliklerTestler\u0130\u00e7erdi\u011fi Dersler;T\u00fcrk\u00e7eMatematikHayat Bilgisi\u0130ngilizce<\/p>\n","protected":false},"excerpt":{"rendered":"<p>S\u0131nav Yay\u0131nlar\u0131 2. S\u0131n\u0131f T\u00fcm Dersler Konu Anlat\u0131ml\u0131 Yeni M\u00fcfredata UygunAk\u0131ll\u0131 Tahtaya UyumluOkula Yard\u0131mc\u0131S\u0131navlara Haz\u0131rl\u0131kKonu Anlat\u0131mlar\u0131EtkinliklerTestler\u0130\u00e7erdi\u011fi Dersler;T\u00fcrk\u00e7eMatematikHayat Bilgisi\u0130ngilizce<\/p>\n","protected":false},"featured_media":0,"template":"","meta":{"_monsterinsights_skip_tracking":false,"_monsterinsights_sitenote_active":false,"_monsterinsights_sitenote_note":"","_monsterinsights_sitenote_category":0},"product_brand":[],"product_cat":[138009,12566,45572,42911,13473],"product_tag":[],"class_list":{"0":"post-764223","1":"product","2":"type-product","3":"status-publish","5":"product_cat-2-sinif-tum-dersler-konu","6":"product_cat-egitim","7":"product_cat-ilkogretim-2-sinif","8":"product_cat-ilkogretim-yardimci-kitaplar","9":"product_cat-sinavlara-hazirlik-okula-yardimci-kaynaklar","10":"pa_cilt-ciltsiz","11":"pa_tur-kitap","12":"pa_yayinevi-sinav-yayinlari","13":"pa_yazar-kolektif","15":"first","16":"instock","17":"sale","18":"shipping-taxable","19":"purchasable","20":"product-type-simple"},"_links":{"self":[{"href":"https:\/\/roveyayinevi.com.tr\/index.php\/wp-json\/wp\/v2\/product\/764223","targetHints":{"allow":["GET"]}}],"collection":[{"href":"https:\/\/roveyayinevi.com.tr\/index.php\/wp-json\/wp\/v2\/product"}],"about":[{"href":"https:\/\/roveyayinevi.com.tr\/index.php\/wp-json\/wp\/v2\/types\/product"}],"wp:attachment":[{"href":"https:\/\/roveyayinevi.com.tr\/index.php\/wp-json\/wp\/v2\/media?parent=764223"}],"wp:term":[{"taxonomy":"product_brand","embeddable":true,"href":"https:\/\/roveyayinevi.com.tr\/index.php\/wp-json\/wp\/v2\/product_brand?post=764223"},{"taxonomy":"product_cat","embeddable":true,"href":"https:\/\/roveyayinevi.com.tr\/index.php\/wp-json\/wp\/v2\/product_cat?post=764223"},{"taxonomy":"product_tag","embeddable":true,"href":"https:\/\/roveyayinevi.com.tr\/index.php\/wp-json\/wp\/v2\/product_tag?post=764223"}],"curies":[{"name":"wp","href":"https:\/\/api.w.org\/{rel}","templated":true}]}}