{"id":764219,"date":"2025-08-28T11:03:18","date_gmt":"2025-08-28T08:03:18","guid":{"rendered":"https:\/\/roveyayinevi.com.tr\/index.php\/urun\/maskeli-balo-5\/"},"modified":"2026-04-15T03:30:12","modified_gmt":"2026-04-15T00:30:12","slug":"maskeli-balo-5","status":"publish","type":"product","link":"https:\/\/roveyayinevi.com.tr\/index.php\/urun\/maskeli-balo-5\/","title":{"rendered":"Maskeli Bal&#8217;O"},"content":{"rendered":"<p>PostModern \u015eiirler Bu Kapa\u011f\u0131n Alt\u0131nda.. \u015eeytanlara bi\u2019 ta\u015fta ben olmak istedim bu kitapla. Tek bi\u2019 ta\u015f, Dipsiz kuyular\u0131n dibine dibine sal\u0131nan.. \u2018\u2019K\u0131sa kalan ip miydi, yoksa derin olan kuyu mu?\u2019\u2019 Hadi gel birlikte sorgulayal\u0131m bu bilinmezli\u011fi. KARANLIK Mart 2024<\/p>\n","protected":false},"excerpt":{"rendered":"<p>PostModern \u015eiirler Bu Kapa\u011f\u0131n Alt\u0131nda.. \u015eeytanlara bi\u2019 ta\u015fta ben olmak istedim bu kitapla. Tek bi\u2019 ta\u015f, Dipsiz kuyular\u0131n dibine dibine sal\u0131nan.. \u2018\u2019K\u0131sa kalan ip miydi, yoksa<span class=\"excerpt-hellip\"> [\u2026]<\/span><\/p>\n","protected":false},"featured_media":0,"template":"","meta":{"_monsterinsights_skip_tracking":false,"_monsterinsights_sitenote_active":false,"_monsterinsights_sitenote_note":"","_monsterinsights_sitenote_category":0},"product_brand":[],"product_cat":[12291,12509],"product_tag":[],"class_list":{"0":"post-764219","1":"product","2":"type-product","3":"status-publish","5":"product_cat-edebiyat","6":"product_cat-siir","7":"pa_cilt-ciltsiz","8":"pa_tur-kitap","9":"pa_yayinevi-omca-yayinlari","10":"pa_yazar-i-gokhan-durmaz","12":"first","13":"instock","14":"sale","15":"shipping-taxable","16":"purchasable","17":"product-type-simple"},"_links":{"self":[{"href":"https:\/\/roveyayinevi.com.tr\/index.php\/wp-json\/wp\/v2\/product\/764219","targetHints":{"allow":["GET"]}}],"collection":[{"href":"https:\/\/roveyayinevi.com.tr\/index.php\/wp-json\/wp\/v2\/product"}],"about":[{"href":"https:\/\/roveyayinevi.com.tr\/index.php\/wp-json\/wp\/v2\/types\/product"}],"wp:attachment":[{"href":"https:\/\/roveyayinevi.com.tr\/index.php\/wp-json\/wp\/v2\/media?parent=764219"}],"wp:term":[{"taxonomy":"product_brand","embeddable":true,"href":"https:\/\/roveyayinevi.com.tr\/index.php\/wp-json\/wp\/v2\/product_brand?post=764219"},{"taxonomy":"product_cat","embeddable":true,"href":"https:\/\/roveyayinevi.com.tr\/index.php\/wp-json\/wp\/v2\/product_cat?post=764219"},{"taxonomy":"product_tag","embeddable":true,"href":"https:\/\/roveyayinevi.com.tr\/index.php\/wp-json\/wp\/v2\/product_tag?post=764219"}],"curies":[{"name":"wp","href":"https:\/\/api.w.org\/{rel}","templated":true}]}}