{"id":764218,"date":"2025-08-28T11:03:17","date_gmt":"2025-08-28T08:03:17","guid":{"rendered":"https:\/\/roveyayinevi.com.tr\/index.php\/urun\/norosirurjiyen\/"},"modified":"2026-04-15T03:30:12","modified_gmt":"2026-04-15T00:30:12","slug":"norosirurjiyen","status":"publish","type":"product","link":"https:\/\/roveyayinevi.com.tr\/index.php\/urun\/norosirurjiyen\/","title":{"rendered":"N\u00f6ro\u015fir\u00fcrjiyen"},"content":{"rendered":"<p>N\u00f6ro\u015fir\u00fcrjiyen, telaffuzu ne kadar zor bir kelime de\u011fil mi? Peki yazmas\u0131 ve s\u00f6ylemesi zor olan bu kelime ne i\u015fe yarar?Umar\u0131m ya\u015fayarak \u00f6\u011frenmek zorunda kalmazs\u0131n; yine de ya\u015famadan fark etmeni sa\u011flamak istedim. Bir \u00fclkede bu alanda etkin insanlar olmazsa neler olabilir sence?\u0130\u015fte \u00f6nce bu alan\u0131 tan\u0131tmak istedim. \u2018\u2019N\u00f6ro\u015fir\u00fcrji\u2019\u2019 b\u00f6l\u00fcm\u00fcn\u00fc derleme olarak tan\u0131mlad\u0131m ve devam\u0131nda \u2018\u2019N\u00f6rojir\u00fcrjen\u2019\u2019 kime  denir ve nas\u0131l olunur bunu anlatmak istedim.Ve sonras\u0131nda tamamen hayal g\u00fcc\u00fcmle olaylar\u0131 kurgulad\u0131m, bu sefer olaylarda \u2018\u2019\u00c7ikolata\u2019\u2019 da olsun dedim. \u00c7ikolata b\u00f6l\u00fcm\u00fcn\u00fc yazarken \u2018\u2019Muhooccini\u2019\u2019 ile ger\u00e7ekten \u00e7ocuk\u00e7a e\u011flendim; ama \u2018\u2019N\u00f6ro\u015fir\u00fcrjen\u2019\u2019 b\u00f6l\u00fcm\u00fcn\u00fc kurgularken \u2018\u2019Ernesto\u2019\u2019 ile ger\u00e7ekten g\u00f6zlerimden damlalar s\u00fcz\u00fcld\u00fc&#8230;Yazmak ya\u015famakt\u0131r; yani ben ya\u015fayamad\u0131\u011f\u0131m\u0131 yazamam, kurgularken bile kurgulad\u0131\u011f\u0131m\u0131 ya\u015famam\u0131\u015f olsam da yazarken hissedebiliyorum.Belki, belki sana da hissettirebilirim..Kim bilir?Tabii ki okuyan!!Hastalar\u0131na m\u00fc\u015fteri g\u00f6z\u00fcyle bakmay\u0131p; onlar\u0131n \u00e7ekti\u011fi ac\u0131y\u0131 y\u00fcre\u011finin derinlerinde hissedebilen b\u00fct\u00fcn hassas kalpler\u2019e..Y\u00fcre\u011findeki insanl\u0131kla, insanlara verdi\u011fi de\u011ferle \u2018\u2019Hipokrat\u2019\u2019 yeminine sad\u0131k kalan t\u00fcm doktorlar\u0131m\u0131za; bayram\u0131n\u0131z\u0131 en i\u00e7ten en samimi duygular\u0131mla kutlamak istiyorum.\u0130nsanlar\u0131 daha sa\u011fl\u0131kl\u0131 bir bedende ya\u015fatma \u00e7abalar\u0131n\u0131z i\u00e7in hepinize minnettar\u0131m.\u0130yi ki vars\u0131n\u0131z.B\u00fct\u00fcn doktorlar\u0131m\u0131z\u0131n ve doktor adaylar\u0131m\u0131z\u0131n 14 Mart TIP Bayram\u0131n\u0131 Kutluyorum; hem de i\u00e7imin derinliklerinden gelen en samimi duygular\u0131mla. <\/p>\n","protected":false},"excerpt":{"rendered":"<p>N\u00f6ro\u015fir\u00fcrjiyen, telaffuzu ne kadar zor bir kelime de\u011fil mi? Peki yazmas\u0131 ve s\u00f6ylemesi zor olan bu kelime ne i\u015fe yarar?Umar\u0131m ya\u015fayarak \u00f6\u011frenmek zorunda kalmazs\u0131n; yine de<span class=\"excerpt-hellip\"> [\u2026]<\/span><\/p>\n","protected":false},"featured_media":0,"template":"","meta":{"_monsterinsights_skip_tracking":false,"_monsterinsights_sitenote_active":false,"_monsterinsights_sitenote_note":"","_monsterinsights_sitenote_category":0},"product_brand":[],"product_cat":[13005,37328],"product_tag":[],"class_list":{"0":"post-764218","1":"product","2":"type-product","3":"status-publish","5":"product_cat-bilim-muhendislik","6":"product_cat-diger-bilim-muhendislik","7":"pa_cilt-ciltsiz","8":"pa_tur-kitap","9":"pa_yayinevi-omca-yayinlari","10":"pa_yazar-i-gokhan-durmaz","12":"first","13":"instock","14":"sale","15":"shipping-taxable","16":"purchasable","17":"product-type-simple"},"_links":{"self":[{"href":"https:\/\/roveyayinevi.com.tr\/index.php\/wp-json\/wp\/v2\/product\/764218","targetHints":{"allow":["GET"]}}],"collection":[{"href":"https:\/\/roveyayinevi.com.tr\/index.php\/wp-json\/wp\/v2\/product"}],"about":[{"href":"https:\/\/roveyayinevi.com.tr\/index.php\/wp-json\/wp\/v2\/types\/product"}],"wp:attachment":[{"href":"https:\/\/roveyayinevi.com.tr\/index.php\/wp-json\/wp\/v2\/media?parent=764218"}],"wp:term":[{"taxonomy":"product_brand","embeddable":true,"href":"https:\/\/roveyayinevi.com.tr\/index.php\/wp-json\/wp\/v2\/product_brand?post=764218"},{"taxonomy":"product_cat","embeddable":true,"href":"https:\/\/roveyayinevi.com.tr\/index.php\/wp-json\/wp\/v2\/product_cat?post=764218"},{"taxonomy":"product_tag","embeddable":true,"href":"https:\/\/roveyayinevi.com.tr\/index.php\/wp-json\/wp\/v2\/product_tag?post=764218"}],"curies":[{"name":"wp","href":"https:\/\/api.w.org\/{rel}","templated":true}]}}