{"id":764214,"date":"2025-08-28T11:03:09","date_gmt":"2025-08-28T08:03:09","guid":{"rendered":"https:\/\/roveyayinevi.com.tr\/index.php\/urun\/ilk-otuzum\/"},"modified":"2026-04-08T03:26:33","modified_gmt":"2026-04-08T00:26:33","slug":"ilk-otuzum","status":"publish","type":"product","link":"https:\/\/roveyayinevi.com.tr\/index.php\/urun\/ilk-otuzum\/","title":{"rendered":"\u0130lk Otuzum"},"content":{"rendered":"<p>Bencillik yer y\u00fcz\u00fcndeki en yokedici kavram san\u0131r\u0131m. Bu d\u00fcnyan\u0131n sonunu da kapitalist sistem d\u00fczeninde daha \u00e7ok kazanma h\u0131rs\u0131 ile bencillik egomanyam\u0131z getirebilir mi\u2026 \u0130klimleri \u015fimdiden de\u011fi\u015ftirmi\u015f durumday\u0131z, Nisan ay\u0131n\u0131n kendini \u015eubat sand\u0131\u011f\u0131, May\u0131s\u2019\u0131n da Nisan ay\u0131na \u00f6zendi\u011fi bir Kuzey yar\u0131m k\u00fcrede ya\u015fay\u0131p, buzullar\u0131n tamamen Atlas Okyanusu\u2019na kar\u0131\u015ft\u0131\u011f\u0131 bir zamana \u015fahitlik edebiliriz. Maya Uygarl\u0131\u011f\u0131 2012 kehaneti ile bunu kastediyor olabilir k\u00fcresel d\u00fczeyde. Olsun, bukez de uzaya \u00e7\u0131kar oray\u0131 mahvederiz. Ne de olsa en \u00fcst\u00fcn ve yine en aciz varl\u0131k d\u00fcnya \u00fczerinde biziz. Benim i\u00e7in b\u00fcy\u00fck; ama insanl\u0131k i\u00e7in k\u00fc\u00e7\u00fck bir ad\u0131m att\u0131m ve yazd\u0131m, merhaba insanl\u0131k.. benim ad\u0131m Karanl\u0131k, y\u0131llar \u00f6nce I\u015f\u0131\u011f\u0131m\u2019\u0131 terkettim; O\u2019nun oldu\u011fu yerde ben olmam, benim oldu\u011fum yerde O olamaz. \u00dcstad Herakleitos\u2019un deyimi ile: \u201cz\u0131tl\u0131klar\u0131n sava\u015f\u0131\u201d ki bu sava\u015f asl\u0131nda varolu\u015fun bir kan\u0131ksamas\u0131d\u0131r. Bir \u00e7ok ayd\u0131n\u0131n g\u00f6zlerinin kama\u015ft\u0131\u011f\u0131 bir zamanda ben KARANLIK olmay\u0131 se\u00e7tim, vars\u0131n onlar kendilerine AYDINLIK desin. \u2018\u2019 Art\u0131k ayr\u0131lma zaman\u0131 geldi. Herkes kendi yoluna: ben \u00f6lmeye, siz ya\u015famaya. Hangisinin daha iyi oldu\u011funu yaln\u0131z Tanr\u0131 bilir..\u2019\u2019 (Platon \u2013 Sokratesin Savunmas\u0131) \u0130nsanl\u0131\u011fa en i\u00e7ten sayg\u0131lar\u0131mla.. \u0130.G\u00f6khan DURMAZ (Karanl\u0131k) Ekim -2023<\/p>\n","protected":false},"excerpt":{"rendered":"<p>Bencillik yer y\u00fcz\u00fcndeki en yokedici kavram san\u0131r\u0131m. Bu d\u00fcnyan\u0131n sonunu da kapitalist sistem d\u00fczeninde daha \u00e7ok kazanma h\u0131rs\u0131 ile bencillik egomanyam\u0131z getirebilir mi\u2026 \u0130klimleri \u015fimdiden de\u011fi\u015ftirmi\u015f<span class=\"excerpt-hellip\"> [\u2026]<\/span><\/p>\n","protected":false},"featured_media":0,"template":"","meta":{"_monsterinsights_skip_tracking":false,"_monsterinsights_sitenote_active":false,"_monsterinsights_sitenote_note":"","_monsterinsights_sitenote_category":0},"product_brand":[],"product_cat":[12364,12376],"product_tag":[],"class_list":{"0":"post-764214","1":"product","2":"type-product","3":"status-publish","5":"product_cat-genel-konular","6":"product_cat-kisisel-gelisim","7":"pa_cilt-ciltsiz","8":"pa_tur-kitap","9":"pa_yayinevi-omca-yayinlari","10":"pa_yazar-i-gokhan-durmaz","12":"first","13":"instock","14":"sale","15":"shipping-taxable","16":"purchasable","17":"product-type-simple"},"_links":{"self":[{"href":"https:\/\/roveyayinevi.com.tr\/index.php\/wp-json\/wp\/v2\/product\/764214","targetHints":{"allow":["GET"]}}],"collection":[{"href":"https:\/\/roveyayinevi.com.tr\/index.php\/wp-json\/wp\/v2\/product"}],"about":[{"href":"https:\/\/roveyayinevi.com.tr\/index.php\/wp-json\/wp\/v2\/types\/product"}],"wp:attachment":[{"href":"https:\/\/roveyayinevi.com.tr\/index.php\/wp-json\/wp\/v2\/media?parent=764214"}],"wp:term":[{"taxonomy":"product_brand","embeddable":true,"href":"https:\/\/roveyayinevi.com.tr\/index.php\/wp-json\/wp\/v2\/product_brand?post=764214"},{"taxonomy":"product_cat","embeddable":true,"href":"https:\/\/roveyayinevi.com.tr\/index.php\/wp-json\/wp\/v2\/product_cat?post=764214"},{"taxonomy":"product_tag","embeddable":true,"href":"https:\/\/roveyayinevi.com.tr\/index.php\/wp-json\/wp\/v2\/product_tag?post=764214"}],"curies":[{"name":"wp","href":"https:\/\/api.w.org\/{rel}","templated":true}]}}