{"id":764212,"date":"2025-08-28T11:03:06","date_gmt":"2025-08-28T08:03:06","guid":{"rendered":"https:\/\/roveyayinevi.com.tr\/index.php\/urun\/bir-deste-berceste\/"},"modified":"2026-04-15T03:29:54","modified_gmt":"2026-04-15T00:29:54","slug":"bir-deste-berceste","status":"publish","type":"product","link":"https:\/\/roveyayinevi.com.tr\/index.php\/urun\/bir-deste-berceste\/","title":{"rendered":"Bir Deste Berceste"},"content":{"rendered":"<p>\u201c\u015eiir sanat\u0131, eksiklikleri g\u00fczelliklere \u00e7eviren bir simya bilimidir.\u201d(Aragon)\u0130nsan Neden \u015eiir Yazar?K\u00fc\u00e7\u00fck ya\u015flarda ba\u015flayan edebiyat dal\u0131ndaki \u015fiir merak\u0131 doludizgin devam eden Rabie RU\u015e\u0130D \u201cBir Deste Berceste\u201d adl\u0131 d\u00f6rd\u00fcnc\u00fc \u015fiir kitab\u0131nda do\u011frulu\u011fa olan inanc\u0131 ba\u015fta olmak \u00fczere, sevgiye, hasrete ve insanl\u0131k h\u00e2llerine yer veriyor; \u00fcmit, dua ve hayal k\u0131r\u0131kl\u0131klar\u0131 pe\u015f pe\u015fe diziliyor m\u0131sralar\u0131nda. Ayr\u0131ca kitab\u0131ndaki; \u00e7ocukluk d\u00f6nemi, a\u011fa\u00e7lar\u0131n sessiz mesaj\u0131, bahar mevsimi ile g\u00fcne\u015fli g\u00fcnleri mu\u015ftulayan ku\u015flar\u0131n c\u0131v\u0131lt\u0131s\u0131, ana-baba \u00f6zlemi, iyilik tohumlar\u0131 konular\u0131yla masals\u0131 m\u0131sralar\u0131 ve dua c\u00fcmleleri okurlar\u0131n\u0131 kendi \u00e2lemlerinde bir ba\u015fka yolculuk yapmaya davet ediyor. Ba\u015fka bir deyi\u015fle \u015fiire g\u00f6n\u00fclden ba\u011fl\u0131 olan k\u0131z karde\u015fimin elinizde tutmu\u015f oldu\u011funuz bu eserinde de umut ve h\u00fcz\u00fcn ihtiva eden \u015fiirleriyle T\u00fcrk\u00e7eye hizmet etmekten vazge\u00e7me niyetinde olmad\u0131\u011f\u0131n\u0131 g\u00f6r\u00fcyoruz. Kendisindeki bu \u015fiir sevdas\u0131 ve yazarl\u0131\u011f\u0131 okuyucular\u0131 ile siz de\u011ferli sevenlerine de umut \u0131\u015f\u0131\u011f\u0131 olup bunu a\u015f\u0131lamaya devam ediyor. Duygu yoksunu insan yoktur elbette ama duygular\u0131n\u0131 gizleyen veya farkl\u0131 aksettiren insanlar \u00e7oktur. Yazmak, kimine g\u00f6re yetenek i\u015fi, kimine g\u00f6re ise a\u015f\u0131r\u0131 \u00e7aba ve emekten ba\u015fka bir \u015fey de\u011fildir. Bazen \u00e7ok okur az yazar\u0131z, bazen de \u00e7evremizdeki bireylerin hayal \u00e2lemimizin dile getirilmesine yol a\u00e7an s\u00f6z, tutum ve davran\u0131\u015flar\u0131ndan dolay\u0131 epeyce yazar\u0131z ki bir nebze de olsa rahatlayabilelim. Yazarlara \u2013 k\u0131z karde\u015fime \u2013 hak veriyorum, madem d\u00fcnyaya bir defa geliyoruz ni\u00e7in duygular\u0131m\u0131z\u0131 saklayal\u0131m, neden hak ve hukuka uygun \u015fekilde a\u00e7\u0131\u011fa vurmaktan korkal\u0131m ki?<\/p>\n","protected":false},"excerpt":{"rendered":"<p>\u201c\u015eiir sanat\u0131, eksiklikleri g\u00fczelliklere \u00e7eviren bir simya bilimidir.\u201d(Aragon)\u0130nsan Neden \u015eiir Yazar?K\u00fc\u00e7\u00fck ya\u015flarda ba\u015flayan edebiyat dal\u0131ndaki \u015fiir merak\u0131 doludizgin devam eden Rabie RU\u015e\u0130D \u201cBir Deste Berceste\u201d adl\u0131<span class=\"excerpt-hellip\"> [\u2026]<\/span><\/p>\n","protected":false},"featured_media":0,"template":"","meta":{"_monsterinsights_skip_tracking":false,"_monsterinsights_sitenote_active":false,"_monsterinsights_sitenote_note":"","_monsterinsights_sitenote_category":0},"product_brand":[],"product_cat":[12291,12509],"product_tag":[],"class_list":{"0":"post-764212","1":"product","2":"type-product","3":"status-publish","5":"product_cat-edebiyat","6":"product_cat-siir","7":"pa_cilt-ciltsiz","8":"pa_tur-kitap","9":"pa_yayinevi-omca-yayinlari","10":"pa_yazar-rabie-rusid","12":"first","13":"instock","14":"sale","15":"shipping-taxable","16":"purchasable","17":"product-type-simple"},"_links":{"self":[{"href":"https:\/\/roveyayinevi.com.tr\/index.php\/wp-json\/wp\/v2\/product\/764212","targetHints":{"allow":["GET"]}}],"collection":[{"href":"https:\/\/roveyayinevi.com.tr\/index.php\/wp-json\/wp\/v2\/product"}],"about":[{"href":"https:\/\/roveyayinevi.com.tr\/index.php\/wp-json\/wp\/v2\/types\/product"}],"wp:attachment":[{"href":"https:\/\/roveyayinevi.com.tr\/index.php\/wp-json\/wp\/v2\/media?parent=764212"}],"wp:term":[{"taxonomy":"product_brand","embeddable":true,"href":"https:\/\/roveyayinevi.com.tr\/index.php\/wp-json\/wp\/v2\/product_brand?post=764212"},{"taxonomy":"product_cat","embeddable":true,"href":"https:\/\/roveyayinevi.com.tr\/index.php\/wp-json\/wp\/v2\/product_cat?post=764212"},{"taxonomy":"product_tag","embeddable":true,"href":"https:\/\/roveyayinevi.com.tr\/index.php\/wp-json\/wp\/v2\/product_tag?post=764212"}],"curies":[{"name":"wp","href":"https:\/\/api.w.org\/{rel}","templated":true}]}}