{"id":764211,"date":"2025-08-28T11:03:04","date_gmt":"2025-08-28T08:03:04","guid":{"rendered":"https:\/\/roveyayinevi.com.tr\/index.php\/urun\/duygularin-dansi\/"},"modified":"2026-04-15T03:29:54","modified_gmt":"2026-04-15T00:29:54","slug":"duygularin-dansi","status":"publish","type":"product","link":"https:\/\/roveyayinevi.com.tr\/index.php\/urun\/duygularin-dansi\/","title":{"rendered":"Duygular\u0131n Dans\u0131"},"content":{"rendered":"<p>Duygular insan\u0131n en \u00f6zel d\u00fcnyas\u0131d\u0131r. Hisler bar\u0131n\u0131r burada. Umutlar ye\u015ferir. Yar\u0131nlar\u0131n yolu g\u00f6zlenir. Ac\u0131, sevin\u00e7, g\u00f6zya\u015f\u0131, g\u00fcl\u00fc\u015f bir b\u00fct\u00fcnd\u00fcr bu d\u00fcnyada. Duygular bazen ruhun derinliklerine g\u00f6m\u00fcl\u00fcr. Bazen de bir tebess\u00fcm\u00fcn izinde, y\u00fczdeki \u00e7izgilerde g\u00f6zle g\u00f6r\u00fcl\u00fcr. Kimi zaman sel olur akar duygular c\u0131v\u0131l c\u0131v\u0131l. Kimi zaman da duygular\u0131n renkleri solar. Ya\u015fanan hikayeler duygularla beraber m\u00fcrekkeplerden akar. Duygular\u0131n dans\u0131yla \u015fiirin kalbine yol alan, Kelimelerin b\u00fcy\u00fcl\u00fc d\u00fcnyas\u0131na nam salan, Hat\u0131ralar\u0131n kap\u0131s\u0131n\u0131 aralayan, Zaman dalgas\u0131na k\u00fcrek vuran&#8230;<\/p>\n","protected":false},"excerpt":{"rendered":"<p>Duygular insan\u0131n en \u00f6zel d\u00fcnyas\u0131d\u0131r. Hisler bar\u0131n\u0131r burada. Umutlar ye\u015ferir. Yar\u0131nlar\u0131n yolu g\u00f6zlenir. Ac\u0131, sevin\u00e7, g\u00f6zya\u015f\u0131, g\u00fcl\u00fc\u015f bir b\u00fct\u00fcnd\u00fcr bu d\u00fcnyada. Duygular bazen ruhun derinliklerine g\u00f6m\u00fcl\u00fcr.<span class=\"excerpt-hellip\"> [\u2026]<\/span><\/p>\n","protected":false},"featured_media":0,"template":"","meta":{"_monsterinsights_skip_tracking":false,"_monsterinsights_sitenote_active":false,"_monsterinsights_sitenote_note":"","_monsterinsights_sitenote_category":0},"product_brand":[],"product_cat":[18545,12291],"product_tag":[],"class_list":{"0":"post-764211","1":"product","2":"type-product","3":"status-publish","5":"product_cat-anlati","6":"product_cat-edebiyat","7":"pa_cilt-ciltsiz","8":"pa_tur-kitap","9":"pa_yayinevi-omca-yayinlari","10":"pa_yazar-sena-uz","12":"first","13":"instock","14":"sale","15":"shipping-taxable","16":"purchasable","17":"product-type-simple"},"_links":{"self":[{"href":"https:\/\/roveyayinevi.com.tr\/index.php\/wp-json\/wp\/v2\/product\/764211","targetHints":{"allow":["GET"]}}],"collection":[{"href":"https:\/\/roveyayinevi.com.tr\/index.php\/wp-json\/wp\/v2\/product"}],"about":[{"href":"https:\/\/roveyayinevi.com.tr\/index.php\/wp-json\/wp\/v2\/types\/product"}],"wp:attachment":[{"href":"https:\/\/roveyayinevi.com.tr\/index.php\/wp-json\/wp\/v2\/media?parent=764211"}],"wp:term":[{"taxonomy":"product_brand","embeddable":true,"href":"https:\/\/roveyayinevi.com.tr\/index.php\/wp-json\/wp\/v2\/product_brand?post=764211"},{"taxonomy":"product_cat","embeddable":true,"href":"https:\/\/roveyayinevi.com.tr\/index.php\/wp-json\/wp\/v2\/product_cat?post=764211"},{"taxonomy":"product_tag","embeddable":true,"href":"https:\/\/roveyayinevi.com.tr\/index.php\/wp-json\/wp\/v2\/product_tag?post=764211"}],"curies":[{"name":"wp","href":"https:\/\/api.w.org\/{rel}","templated":true}]}}