{"id":764207,"date":"2025-08-28T11:02:55","date_gmt":"2025-08-28T08:02:55","guid":{"rendered":"https:\/\/roveyayinevi.com.tr\/index.php\/urun\/lisan-i-hudhud-salatim-ask\/"},"modified":"2026-04-15T03:29:54","modified_gmt":"2026-04-15T00:29:54","slug":"lisan-i-hudhud-salatim-ask","status":"publish","type":"product","link":"https:\/\/roveyayinevi.com.tr\/index.php\/urun\/lisan-i-hudhud-salatim-ask\/","title":{"rendered":"Lisan-\u0131 H\u00fcdh\u00fcd Salat\u0131m A\u015fk"},"content":{"rendered":"<p>Rahman&#8217;\u0131n Nefesi Kelimeler C\u00fcmle, c\u00fcmle kit\u00e2b-\u0131 \u00e2lemi okuyor.. Gizli s\u0131rlar\u0131 if\u015f\u00e2 eden hak\u00eem Hikmetle i\u015f g\u00f6r\u00fcyor.. Kendinde bildi\u011fi nice al\u00e2meti Rumuzla sergiliyor.. \u015eerri, hay\u0131r bilen r\u0131za ufkunun kahraman\u0131 Batn\u0131ndaki zuhurda, kendini okuyor..  Bak\u0131yor da nak\u0131\u015f nak\u0131\u015f esm\u00e2! N\u00e2m\u00fctenahi ilim istiyor&#8230; G\u00f6nl\u00fc mutmain olmu\u015f vel\u00ee, Nefsini tahsil ediyor.. Tan\u0131d\u0131k\u00e7a seviyor, Sevdik\u00e7e g\u00f6nl\u00fcn\u00fc co\u015fku sar\u0131yor.. \u00c2\u015f\u0131k ise demde donmu\u015f! \u00c2z\u00e2lar\u0131 k\u00e2inat\u0131n madde m\u00e2n\u00e2 m\u00fcr\u00e2difi O raks ettik\u00e7e d\u00fcnya d\u00f6n\u00fcyor.. A\u015fk ile inledik\u00e7e b\u00fclb\u00fcller co\u015fup bay\u0131l\u0131yor Bayg\u0131n g\u00f6zlerini bir aralasa G\u00fcne\u015f tepede g\u00fcl\u00fcms\u00fcyor.. Kuca\u011f\u0131n\u0131 ard\u0131na kadar a\u00e7sa Res\u00fblullah yan\u0131nda beliriyor! Belinden tuttu\u011fu gibi donup kald\u0131! O demde h\u00e2l\u00e2 cismi&#8230;<\/p>\n","protected":false},"excerpt":{"rendered":"<p>Rahman&#8217;\u0131n Nefesi Kelimeler C\u00fcmle, c\u00fcmle kit\u00e2b-\u0131 \u00e2lemi okuyor.. Gizli s\u0131rlar\u0131 if\u015f\u00e2 eden hak\u00eem Hikmetle i\u015f g\u00f6r\u00fcyor.. Kendinde bildi\u011fi nice al\u00e2meti Rumuzla sergiliyor.. \u015eerri, hay\u0131r bilen r\u0131za<span class=\"excerpt-hellip\"> [\u2026]<\/span><\/p>\n","protected":false},"featured_media":0,"template":"","meta":{"_monsterinsights_skip_tracking":false,"_monsterinsights_sitenote_active":false,"_monsterinsights_sitenote_note":"","_monsterinsights_sitenote_category":0},"product_brand":[],"product_cat":[12291,12509],"product_tag":[],"class_list":{"0":"post-764207","1":"product","2":"type-product","3":"status-publish","5":"product_cat-edebiyat","6":"product_cat-siir","7":"pa_cilt-ciltsiz","8":"pa_tur-kitap","9":"pa_yayinevi-omca-yayinlari","10":"pa_yazar-asuman-serce","12":"first","13":"instock","14":"sale","15":"shipping-taxable","16":"purchasable","17":"product-type-simple"},"_links":{"self":[{"href":"https:\/\/roveyayinevi.com.tr\/index.php\/wp-json\/wp\/v2\/product\/764207","targetHints":{"allow":["GET"]}}],"collection":[{"href":"https:\/\/roveyayinevi.com.tr\/index.php\/wp-json\/wp\/v2\/product"}],"about":[{"href":"https:\/\/roveyayinevi.com.tr\/index.php\/wp-json\/wp\/v2\/types\/product"}],"wp:attachment":[{"href":"https:\/\/roveyayinevi.com.tr\/index.php\/wp-json\/wp\/v2\/media?parent=764207"}],"wp:term":[{"taxonomy":"product_brand","embeddable":true,"href":"https:\/\/roveyayinevi.com.tr\/index.php\/wp-json\/wp\/v2\/product_brand?post=764207"},{"taxonomy":"product_cat","embeddable":true,"href":"https:\/\/roveyayinevi.com.tr\/index.php\/wp-json\/wp\/v2\/product_cat?post=764207"},{"taxonomy":"product_tag","embeddable":true,"href":"https:\/\/roveyayinevi.com.tr\/index.php\/wp-json\/wp\/v2\/product_tag?post=764207"}],"curies":[{"name":"wp","href":"https:\/\/api.w.org\/{rel}","templated":true}]}}