{"id":764206,"date":"2025-08-28T11:02:53","date_gmt":"2025-08-28T08:02:53","guid":{"rendered":"https:\/\/roveyayinevi.com.tr\/index.php\/urun\/kirlangic-yureklilere\/"},"modified":"2026-04-15T03:29:54","modified_gmt":"2026-04-15T00:29:54","slug":"kirlangic-yureklilere","status":"publish","type":"product","link":"https:\/\/roveyayinevi.com.tr\/index.php\/urun\/kirlangic-yureklilere\/","title":{"rendered":"K\u0131rlang\u0131\u00e7 Y\u00fcreklilere"},"content":{"rendered":"<p>Gen\u00e7 yazar\u0131m\u0131z; a\u015fk, sevgi, inan\u00e7, \u00f6l\u00fcm, ayr\u0131l\u0131k\u2026 Hayat\u0131n ger\u00e7eklerini i\u00e7inde ya\u015fad\u0131\u011f\u0131 k\u00fclt\u00fcr\u00fcn kazand\u0131rd\u0131\u011f\u0131 ruh zenginli\u011fi ile ve ya\u015f\u0131n\u0131n \u00fcst\u00fcnde bir olgunlukla aktar\u0131yor bu k\u00fc\u00e7\u00fck hik\u00e2ye kitab\u0131nda bizlere\u2026 Ve tabiatla insan\u0131n ger\u00e7ekleriyle i\u00e7 i\u00e7e, ben de\u011fil biz bilinci ile bulu\u015ftu\u011fumuz sanat verimleri insan olman\u0131n do\u011fal ger\u00e7ekleri ile bulu\u015fturuyor bizleri. G\u00f6zlemler, izlenimlerle bir \u015fahs\u0131n kanaatlerine g\u00f6m\u00fclm\u00fcyor, ya\u015fanm\u0131\u015fl\u0131klar, insanlar\u0131n hayat\u0131ndan kesitler i\u00e7inde buluyoruz okurken kendimizi. G\u00fcn\u00fcm\u00fcz insan\u0131n\u0131n hapsoldu\u011fu duvarlarla \u00f6r\u00fcl\u00fc bir ya\u015fam\u0131n, \u015fehir hayat\u0131n\u0131n d\u0131\u015f\u0131nda gezdiriyor bizleri, hi\u00e7 kopmamam\u0131z gereken do\u011fal ortamlara buyur ederek anl\u0131k uyumlar, rahatlamalar ya\u015fat\u0131yor bizlere. Toplumun en k\u00fc\u00e7\u00fck birimi, atomu olan, par\u00e7alanan, par\u00e7aland\u0131k\u00e7a insanl\u0131\u011fa da zarar ailenin her t\u00fcrl\u00fc zorlu\u011fa kar\u015f\u0131 direnen olumlu, sa\u011flam bireylerini ve \u00f6rneklerini de g\u00f6r\u00fcyoruz hik\u00e2yelerde. B\u00fcy\u00fck, sa\u011flam aileler, kendisini ailesine adam\u0131\u015f, dayan\u0131\u015fma i\u00e7inde \u00f6rnek aile bireyleri ile okurlar\u0131 olmas\u0131 gereken insan tiplerine do\u011fru y\u00f6nlendirip, onlarla tan\u0131\u015ft\u0131r\u0131yor gen\u00e7 yazar\u0131m\u0131z\u2026 Giderek geli\u015fen ve daha \u00e7ekici, daha verimli, daha etkili bir \u00fcslupla yeni eserlerle ilerleyen y\u0131llarda kar\u015f\u0131m\u0131za \u00e7\u0131kma\u011fa devam edece\u011fine inan\u0131yoruz Rabie Ru\u015fid\u2019in. \u0130nsanlar\u0131n her zaman g\u00fczele, g\u00fczelli\u011fe, olumlu \u00f6rneklere ihtiyac\u0131 var. Allah\u2019ta g\u00fczeli ve g\u00fczelli\u011fi \u00e7o\u011faltanlarla beraber. \u0130yilik ve g\u00fczellikler daima bizlerle olsun.<\/p>\n","protected":false},"excerpt":{"rendered":"<p>Gen\u00e7 yazar\u0131m\u0131z; a\u015fk, sevgi, inan\u00e7, \u00f6l\u00fcm, ayr\u0131l\u0131k\u2026 Hayat\u0131n ger\u00e7eklerini i\u00e7inde ya\u015fad\u0131\u011f\u0131 k\u00fclt\u00fcr\u00fcn kazand\u0131rd\u0131\u011f\u0131 ruh zenginli\u011fi ile ve ya\u015f\u0131n\u0131n \u00fcst\u00fcnde bir olgunlukla aktar\u0131yor bu k\u00fc\u00e7\u00fck hik\u00e2ye kitab\u0131nda<span class=\"excerpt-hellip\"> [\u2026]<\/span><\/p>\n","protected":false},"featured_media":0,"template":"","meta":{"_monsterinsights_skip_tracking":false,"_monsterinsights_sitenote_active":false,"_monsterinsights_sitenote_note":"","_monsterinsights_sitenote_category":0},"product_brand":[],"product_cat":[12291,12711],"product_tag":[],"class_list":{"0":"post-764206","1":"product","2":"type-product","3":"status-publish","5":"product_cat-edebiyat","6":"product_cat-roman-oyku","7":"pa_cilt-ciltsiz","8":"pa_tur-kitap","9":"pa_yayinevi-omca-yayinlari","10":"pa_yazar-rabie-rusid","12":"first","13":"instock","14":"sale","15":"shipping-taxable","16":"purchasable","17":"product-type-simple"},"_links":{"self":[{"href":"https:\/\/roveyayinevi.com.tr\/index.php\/wp-json\/wp\/v2\/product\/764206","targetHints":{"allow":["GET"]}}],"collection":[{"href":"https:\/\/roveyayinevi.com.tr\/index.php\/wp-json\/wp\/v2\/product"}],"about":[{"href":"https:\/\/roveyayinevi.com.tr\/index.php\/wp-json\/wp\/v2\/types\/product"}],"wp:attachment":[{"href":"https:\/\/roveyayinevi.com.tr\/index.php\/wp-json\/wp\/v2\/media?parent=764206"}],"wp:term":[{"taxonomy":"product_brand","embeddable":true,"href":"https:\/\/roveyayinevi.com.tr\/index.php\/wp-json\/wp\/v2\/product_brand?post=764206"},{"taxonomy":"product_cat","embeddable":true,"href":"https:\/\/roveyayinevi.com.tr\/index.php\/wp-json\/wp\/v2\/product_cat?post=764206"},{"taxonomy":"product_tag","embeddable":true,"href":"https:\/\/roveyayinevi.com.tr\/index.php\/wp-json\/wp\/v2\/product_tag?post=764206"}],"curies":[{"name":"wp","href":"https:\/\/api.w.org\/{rel}","templated":true}]}}