{"id":764205,"date":"2025-08-28T11:02:51","date_gmt":"2025-08-28T08:02:51","guid":{"rendered":"https:\/\/roveyayinevi.com.tr\/index.php\/urun\/kordugum-cemile\/"},"modified":"2026-04-15T03:29:54","modified_gmt":"2026-04-15T00:29:54","slug":"kordugum-cemile","status":"publish","type":"product","link":"https:\/\/roveyayinevi.com.tr\/index.php\/urun\/kordugum-cemile\/","title":{"rendered":"K\u00f6rd\u00fc\u011f\u00fcm &#8211; Cemile"},"content":{"rendered":"<p>Bir kona\u011f\u0131n avlusunda ba\u015flayan sevdan\u0131n nak\u0131\u015f nak\u0131\u015f i\u015flendi\u011fi, g\u00f6n\u00fcllerin a\u015fk ate\u015fiyle yan\u0131p kavruldu\u011fu iflah olmaz hali&#8217;K\u00f6rd\u00fc\u011f\u00fcm&#8230;&#8217;Cemile, sevdan\u0131n en saf haliyle seven bir kad\u0131n. Asaf&#8217;\u0131n onu sevmeyece\u011fini, g\u00f6nl\u00fcn\u00fc sarma\u015f\u0131k misali saran sevdas\u0131na bir kar\u015f\u0131l\u0131k g\u00f6remeyece\u011fini bile bile sadakatle sevmeye devam eden narin k\u0131r\u0131lgan bir kad\u0131n&#8230;Asaf, y\u00fcre\u011fi y\u00fcce da\u011flar gibi engin, dumanl\u0131 bir delikanl\u0131. G\u00f6nl\u00fcne gizli ekti\u011fi sevda tohumlar\u0131n\u0131 sevdi\u011fi kad\u0131na g\u00f6stermekten dahi \u00e7ekinen, sevdi\u011fini korumak i\u00e7in yeri geldi\u011finde sevdi\u011fi kad\u0131n\u0131 g\u00f6rmezden gelecek kadar fedak\u00e2r biri&#8230;Ah Ag\u00e2h g\u00f6nl\u00fc g\u00fczel adam, sevdi\u011fi kad\u0131n\u0131n ba\u015fkas\u0131n\u0131 sevdi\u011fini \u00f6\u011frendi\u011fi anda sevdi\u011fi kad\u0131n\u0131n mutlulu\u011funu se\u00e7ecek kadar g\u00fczel seven bir adam&#8230;Onlar\u0131n birbirinden e\u015fsiz sevdalar\u0131, fedakarl\u0131klar\u0131 kaderin bir \u00e7enti\u011fi ile yol bulacakt\u0131r.<\/p>\n","protected":false},"excerpt":{"rendered":"<p>Bir kona\u011f\u0131n avlusunda ba\u015flayan sevdan\u0131n nak\u0131\u015f nak\u0131\u015f i\u015flendi\u011fi, g\u00f6n\u00fcllerin a\u015fk ate\u015fiyle yan\u0131p kavruldu\u011fu iflah olmaz hali&#8217;K\u00f6rd\u00fc\u011f\u00fcm&#8230;&#8217;Cemile, sevdan\u0131n en saf haliyle seven bir kad\u0131n. Asaf&#8217;\u0131n onu sevmeyece\u011fini,<span class=\"excerpt-hellip\"> [\u2026]<\/span><\/p>\n","protected":false},"featured_media":0,"template":"","meta":{"_monsterinsights_skip_tracking":false,"_monsterinsights_sitenote_active":false,"_monsterinsights_sitenote_note":"","_monsterinsights_sitenote_category":0},"product_brand":[],"product_cat":[12291,12711],"product_tag":[],"class_list":{"0":"post-764205","1":"product","2":"type-product","3":"status-publish","5":"product_cat-edebiyat","6":"product_cat-roman-oyku","7":"pa_cilt-ciltsiz","8":"pa_tur-kitap","9":"pa_yayinevi-omca-yayinlari","10":"pa_yazar-selma-unlu","12":"first","13":"instock","14":"sale","15":"shipping-taxable","16":"purchasable","17":"product-type-simple"},"_links":{"self":[{"href":"https:\/\/roveyayinevi.com.tr\/index.php\/wp-json\/wp\/v2\/product\/764205","targetHints":{"allow":["GET"]}}],"collection":[{"href":"https:\/\/roveyayinevi.com.tr\/index.php\/wp-json\/wp\/v2\/product"}],"about":[{"href":"https:\/\/roveyayinevi.com.tr\/index.php\/wp-json\/wp\/v2\/types\/product"}],"wp:attachment":[{"href":"https:\/\/roveyayinevi.com.tr\/index.php\/wp-json\/wp\/v2\/media?parent=764205"}],"wp:term":[{"taxonomy":"product_brand","embeddable":true,"href":"https:\/\/roveyayinevi.com.tr\/index.php\/wp-json\/wp\/v2\/product_brand?post=764205"},{"taxonomy":"product_cat","embeddable":true,"href":"https:\/\/roveyayinevi.com.tr\/index.php\/wp-json\/wp\/v2\/product_cat?post=764205"},{"taxonomy":"product_tag","embeddable":true,"href":"https:\/\/roveyayinevi.com.tr\/index.php\/wp-json\/wp\/v2\/product_tag?post=764205"}],"curies":[{"name":"wp","href":"https:\/\/api.w.org\/{rel}","templated":true}]}}