{"id":764202,"date":"2025-08-28T11:02:46","date_gmt":"2025-08-28T08:02:46","guid":{"rendered":"https:\/\/roveyayinevi.com.tr\/index.php\/urun\/sessizligin-hikayesi\/"},"modified":"2026-04-15T03:29:54","modified_gmt":"2026-04-15T00:29:54","slug":"sessizligin-hikayesi","status":"publish","type":"product","link":"https:\/\/roveyayinevi.com.tr\/index.php\/urun\/sessizligin-hikayesi\/","title":{"rendered":"Sessizli\u011fin Hikayesi"},"content":{"rendered":"<p>\u00c7\u0131plak ac\u0131lar\u0131m gece karanl\u0131\u011f\u0131nda ate\u015f b\u00f6ce\u011fi gibi parl\u0131yor. Onun s\u0131rt\u0131nda \u0131\u015f\u0131k sa\u00e7an nur benim \u015fiirlerimdir. \u015eiirlerim sanki bir \u00f6r\u00fcmcek gibi gecemde a\u011f \u00f6rer. \u00c7\u00fcnk\u00fc ben gece de do\u011fdum , gece de ya\u015fad\u0131m. \u015eiirlerimi okuyanlar benim narin ac\u0131lar\u0131ma dalar. Ac\u0131m asl\u0131nda ben ait olan toplumun ac\u0131s\u0131d\u0131r. Ayd\u0131nl\u0131\u011f\u0131 arayan her insan i\u00e7in umuttur \u015fiir. Ben bu sebepten \u015fiir yaz\u0131yorum .<\/p>\n","protected":false},"excerpt":{"rendered":"<p>\u00c7\u0131plak ac\u0131lar\u0131m gece karanl\u0131\u011f\u0131nda ate\u015f b\u00f6ce\u011fi gibi parl\u0131yor. Onun s\u0131rt\u0131nda \u0131\u015f\u0131k sa\u00e7an nur benim \u015fiirlerimdir. \u015eiirlerim sanki bir \u00f6r\u00fcmcek gibi gecemde a\u011f \u00f6rer. \u00c7\u00fcnk\u00fc ben gece<span class=\"excerpt-hellip\"> [\u2026]<\/span><\/p>\n","protected":false},"featured_media":0,"template":"","meta":{"_monsterinsights_skip_tracking":false,"_monsterinsights_sitenote_active":false,"_monsterinsights_sitenote_note":"","_monsterinsights_sitenote_category":0},"product_brand":[],"product_cat":[12291,12509],"product_tag":[],"class_list":{"0":"post-764202","1":"product","2":"type-product","3":"status-publish","5":"product_cat-edebiyat","6":"product_cat-siir","7":"pa_cilt-ciltsiz","8":"pa_tur-kitap","9":"pa_yayinevi-omca-yayinlari","10":"pa_yazar-abdusukur-muhammed","12":"first","13":"instock","14":"sale","15":"shipping-taxable","16":"purchasable","17":"product-type-simple"},"_links":{"self":[{"href":"https:\/\/roveyayinevi.com.tr\/index.php\/wp-json\/wp\/v2\/product\/764202","targetHints":{"allow":["GET"]}}],"collection":[{"href":"https:\/\/roveyayinevi.com.tr\/index.php\/wp-json\/wp\/v2\/product"}],"about":[{"href":"https:\/\/roveyayinevi.com.tr\/index.php\/wp-json\/wp\/v2\/types\/product"}],"wp:attachment":[{"href":"https:\/\/roveyayinevi.com.tr\/index.php\/wp-json\/wp\/v2\/media?parent=764202"}],"wp:term":[{"taxonomy":"product_brand","embeddable":true,"href":"https:\/\/roveyayinevi.com.tr\/index.php\/wp-json\/wp\/v2\/product_brand?post=764202"},{"taxonomy":"product_cat","embeddable":true,"href":"https:\/\/roveyayinevi.com.tr\/index.php\/wp-json\/wp\/v2\/product_cat?post=764202"},{"taxonomy":"product_tag","embeddable":true,"href":"https:\/\/roveyayinevi.com.tr\/index.php\/wp-json\/wp\/v2\/product_tag?post=764202"}],"curies":[{"name":"wp","href":"https:\/\/api.w.org\/{rel}","templated":true}]}}