{"id":764201,"date":"2025-08-28T11:02:44","date_gmt":"2025-08-28T08:02:44","guid":{"rendered":"https:\/\/roveyayinevi.com.tr\/index.php\/urun\/kaybolan-mutlulugu-hecelerken\/"},"modified":"2026-04-15T03:29:54","modified_gmt":"2026-04-15T00:29:54","slug":"kaybolan-mutlulugu-hecelerken","status":"publish","type":"product","link":"https:\/\/roveyayinevi.com.tr\/index.php\/urun\/kaybolan-mutlulugu-hecelerken\/","title":{"rendered":"Kaybolan Mutlulu\u011fu Hecelerken"},"content":{"rendered":"<p>B\u00fcy\u00fck Sufi Yunus Emre ne g\u00fczel s\u00f6ylemi\u015f. \u201cBir ben var bende, benden i\u00e7eru\u201d diye. B\u00fcy\u00fck Sufi Yunus Emre\u2019nin s\u00f6z\u00fcn\u00fc etti\u011fi \u201ci\u00e7teki ben\u201d ki\u015finin ula\u015fmak istedi\u011fi kendi ger\u00e7ekli\u011fi. Belki de \u201cmutlak mutlulu\u011fun\u201d t\u00fcm s\u0131rlar\u0131 orada sakl\u0131. Hayat d\u0131\u015far\u0131da gezip dola\u015fan; a\u011flay\u0131p g\u00fclen noksan benli\u011fin i\u00e7imizdeki \u201colgunla\u015fan benlikle\u201d bulu\u015fup \u201ckaybolan ger\u00e7ek mutlulu\u011fu\u201d arama \u00e7abas\u0131 m\u0131 acaba? Bu kitapta mutluluk iksiri veya saadetin temeline konulacak temel kavramlar, de\u011fi\u015fik bir \u00fcslupla anlat\u0131lm\u0131\u015f. Ayr\u0131ca insanlar\u0131n bu kavramlar\u0131 hayat\u0131na rehber etmesi ve mutluluktaki \u00f6nemi anlat\u0131lm\u0131\u015f. Gerek Bat\u0131 gerekse Do\u011fu medeniyetinde yeti\u015fen d\u00fc\u015f\u00fcn\u00fcrlerin, zaman zaman da modern psikolojinin mutluluk konusunda ileri s\u00fcrd\u00fckleri fikirler veya kavramlar \u201csoyut\u201d olduklar\u0131 i\u00e7in, okunmas\u0131 s\u0131k\u0131c\u0131 ve yorucu olaca\u011f\u0131ndan, farkl\u0131 bir y\u00f6ntem takip edilmi\u015ftir. Kitapta mutluluk konusu soru-cevap y\u00f6ntemi ile i\u015flenmi\u015f. Anlat\u0131lan anekdotlar\u0131n sonlar\u0131nda mutlulukla ilgili \u00f6nemli mesajlar verilmi\u015f. Yeri geldik\u00e7e de okuyucuyu dinlendirmek d\u00fc\u015f\u00fcncesi ile baz\u0131 tarihi olaylar\u0131n ve mek\u00e2nlar\u0131n anlat\u0131m\u0131na da yer verilmi\u015ftir. <\/p>\n","protected":false},"excerpt":{"rendered":"<p>B\u00fcy\u00fck Sufi Yunus Emre ne g\u00fczel s\u00f6ylemi\u015f. \u201cBir ben var bende, benden i\u00e7eru\u201d diye. B\u00fcy\u00fck Sufi Yunus Emre\u2019nin s\u00f6z\u00fcn\u00fc etti\u011fi \u201ci\u00e7teki ben\u201d ki\u015finin ula\u015fmak istedi\u011fi kendi<span class=\"excerpt-hellip\"> [\u2026]<\/span><\/p>\n","protected":false},"featured_media":0,"template":"","meta":{"_monsterinsights_skip_tracking":false,"_monsterinsights_sitenote_active":false,"_monsterinsights_sitenote_note":"","_monsterinsights_sitenote_category":0},"product_brand":[],"product_cat":[12777,12291],"product_tag":[],"class_list":{"0":"post-764201","1":"product","2":"type-product","3":"status-publish","5":"product_cat-deneme","6":"product_cat-edebiyat","7":"pa_cilt-ciltsiz","8":"pa_tur-kitap","9":"pa_yayinevi-omca-yayinlari","10":"pa_yazar-doc-dr-mikail-soylemez","12":"first","13":"instock","14":"sale","15":"shipping-taxable","16":"purchasable","17":"product-type-simple"},"_links":{"self":[{"href":"https:\/\/roveyayinevi.com.tr\/index.php\/wp-json\/wp\/v2\/product\/764201","targetHints":{"allow":["GET"]}}],"collection":[{"href":"https:\/\/roveyayinevi.com.tr\/index.php\/wp-json\/wp\/v2\/product"}],"about":[{"href":"https:\/\/roveyayinevi.com.tr\/index.php\/wp-json\/wp\/v2\/types\/product"}],"wp:attachment":[{"href":"https:\/\/roveyayinevi.com.tr\/index.php\/wp-json\/wp\/v2\/media?parent=764201"}],"wp:term":[{"taxonomy":"product_brand","embeddable":true,"href":"https:\/\/roveyayinevi.com.tr\/index.php\/wp-json\/wp\/v2\/product_brand?post=764201"},{"taxonomy":"product_cat","embeddable":true,"href":"https:\/\/roveyayinevi.com.tr\/index.php\/wp-json\/wp\/v2\/product_cat?post=764201"},{"taxonomy":"product_tag","embeddable":true,"href":"https:\/\/roveyayinevi.com.tr\/index.php\/wp-json\/wp\/v2\/product_tag?post=764201"}],"curies":[{"name":"wp","href":"https:\/\/api.w.org\/{rel}","templated":true}]}}