{"id":764199,"date":"2025-08-28T11:02:40","date_gmt":"2025-08-28T08:02:40","guid":{"rendered":"https:\/\/roveyayinevi.com.tr\/index.php\/urun\/yazarlikla-ilgili-en-iyi-99-film\/"},"modified":"2026-04-15T03:29:54","modified_gmt":"2026-04-15T00:29:54","slug":"yazarlikla-ilgili-en-iyi-99-film","status":"publish","type":"product","link":"https:\/\/roveyayinevi.com.tr\/index.php\/urun\/yazarlikla-ilgili-en-iyi-99-film\/","title":{"rendered":"Yazarl\u0131kla \u0130lgili En \u0130yi 99 Film"},"content":{"rendered":"<p>Polat Onat bu kitab\u0131nda yazarl\u0131\u011f\u0131n t\u00fcm y\u00f6nlerini yans\u0131tan etkileyici filmlerden geni\u015f bir se\u00e7ki olu\u015fturdu. Yazman\u0131n b\u00fcy\u00fcs\u00fcn\u00fc, zorluklar\u0131n\u0131, hazlar\u0131n\u0131, ne\u015fesini, s\u0131rlar\u0131n\u0131, bunal\u0131mlar\u0131n\u0131 anlatan unutulmaz filmleri tek tek ele alarak tan\u0131tt\u0131 ve yorumlad\u0131. Yazarl\u0131kla ilgilenenlere e\u015fsiz bir ba\u015fvuru k\u0131lavuzu haz\u0131rlad\u0131. Elinizdeki geni\u015fletilmi\u015f, yeni bask\u0131s\u0131 yap\u0131lm\u0131\u015f bu eser &#8220;Yazarl\u0131k Filmleri&#8221; kategorisindeki d\u00fcnya sinemas\u0131na damga vurmu\u015f en m\u00fchim yap\u0131tlar\u0131 derleyerek T\u00fcrk edebiyat\u0131ndaki \u00f6nemli bir eksikli\u011fi gidermi\u015ftir. Yazarl\u0131\u011f\u0131n t\u00fcrl\u00fc hallerini, usta sinemac\u0131lar\u0131n kadraj\u0131ndan izlemenin, edebiyata olan yakla\u015f\u0131m\u0131 derinle\u015ftirip zenginle\u015ftirece\u011fine \u015f\u00fcphe yoktur. Bu kitapta bahsi ge\u00e7en filmleri seyretmenin, t\u00fcm okur ve yazarlara, farkl\u0131 ve derin bir perspektif a\u00e7aca\u011f\u0131 yads\u0131namaz bir ger\u00e7ektir.<\/p>\n","protected":false},"excerpt":{"rendered":"<p>Polat Onat bu kitab\u0131nda yazarl\u0131\u011f\u0131n t\u00fcm y\u00f6nlerini yans\u0131tan etkileyici filmlerden geni\u015f bir se\u00e7ki olu\u015fturdu. Yazman\u0131n b\u00fcy\u00fcs\u00fcn\u00fc, zorluklar\u0131n\u0131, hazlar\u0131n\u0131, ne\u015fesini, s\u0131rlar\u0131n\u0131, bunal\u0131mlar\u0131n\u0131 anlatan unutulmaz filmleri tek tek<span class=\"excerpt-hellip\"> [\u2026]<\/span><\/p>\n","protected":false},"featured_media":0,"template":"","meta":{"_monsterinsights_skip_tracking":false,"_monsterinsights_sitenote_active":false,"_monsterinsights_sitenote_note":"","_monsterinsights_sitenote_category":0},"product_brand":[],"product_cat":[12409,12408],"product_tag":[],"class_list":{"0":"post-764199","1":"product","2":"type-product","3":"status-publish","5":"product_cat-fotograf-sinema-tiyatro","6":"product_cat-sanat","7":"pa_cilt-ciltsiz","8":"pa_tur-kitap","9":"pa_yayinevi-omca-yayinlari","10":"pa_yazar-polat-onat","12":"first","13":"instock","14":"sale","15":"shipping-taxable","16":"purchasable","17":"product-type-simple"},"_links":{"self":[{"href":"https:\/\/roveyayinevi.com.tr\/index.php\/wp-json\/wp\/v2\/product\/764199","targetHints":{"allow":["GET"]}}],"collection":[{"href":"https:\/\/roveyayinevi.com.tr\/index.php\/wp-json\/wp\/v2\/product"}],"about":[{"href":"https:\/\/roveyayinevi.com.tr\/index.php\/wp-json\/wp\/v2\/types\/product"}],"wp:attachment":[{"href":"https:\/\/roveyayinevi.com.tr\/index.php\/wp-json\/wp\/v2\/media?parent=764199"}],"wp:term":[{"taxonomy":"product_brand","embeddable":true,"href":"https:\/\/roveyayinevi.com.tr\/index.php\/wp-json\/wp\/v2\/product_brand?post=764199"},{"taxonomy":"product_cat","embeddable":true,"href":"https:\/\/roveyayinevi.com.tr\/index.php\/wp-json\/wp\/v2\/product_cat?post=764199"},{"taxonomy":"product_tag","embeddable":true,"href":"https:\/\/roveyayinevi.com.tr\/index.php\/wp-json\/wp\/v2\/product_tag?post=764199"}],"curies":[{"name":"wp","href":"https:\/\/api.w.org\/{rel}","templated":true}]}}