{"id":764198,"date":"2025-08-28T11:02:38","date_gmt":"2025-08-28T08:02:38","guid":{"rendered":"https:\/\/roveyayinevi.com.tr\/index.php\/urun\/gonul-soluklari\/"},"modified":"2026-04-15T03:29:54","modified_gmt":"2026-04-15T00:29:54","slug":"gonul-soluklari","status":"publish","type":"product","link":"https:\/\/roveyayinevi.com.tr\/index.php\/urun\/gonul-soluklari\/","title":{"rendered":"G\u00f6n\u00fcl Soluklar\u0131"},"content":{"rendered":"<p>G\u00f6n\u00fcl Soluklar\u0131, d\u00fcnyaya geli\u015f gayesini a\u015fk ile idrak etmi\u015f bir Hak yolcusunun g\u00f6nl\u00fcne do\u011fan hakikatlerin dile geli\u015fidir.\u201cYedi\u011fimiz i\u00e7ti\u011fimiz, sevdi\u011fimiz insanlar ve hatta soludu\u011fumuz hava bile o ger\u00e7e\u011fe eri\u015fme i\u015ftiy\u00e2k\u0131ndand\u0131r.\u201d der.Hakikat yolcusu \u015fuurludur. Sadece a\u015fk bine\u011fiyle ona var\u0131labilece\u011fini bilir.Yolculu\u011fun mertebelerinde tatmin olmaz ve &#8220;hel min mez\u00eed&#8221;, daha yok mu, diyerek co\u015fkuyla seyrine devam eder.Nihayet a\u015fk\u0131n kendisi olan \u00e2\u015f\u0131k, \u00e2n gelir, damla iken dery\u00e2 olur, halini ve g\u00f6nl\u00fcne gelen esintileri ilahi m\u0131sralarda hayat bulur:\u201cM\u00fcrekkep halli nefesimDilimle \u015fekil ald\u0131k\u00e7aNas\u0131l da iman\u0131n zuhura &#8216;A\u015fk&#8217; diye geldi\u011finiKendi eserine a\u015f\u0131k m\u00fcessir olman\u0131n edas\u0131yla,Etraf\u0131nda pervane etti\u011fim meleklerimleSeni tesbih ede ede bitiremedi\u011fimiAnlat!Anlat!A\u015fk\u0131m\u0131,Co\u015fkumu,\u0130man\u0131m\u0131..Kul olan\u0131 anlat!\u201dBu ilahi varid\u00e2tlar\u0131 ancak ehli i\u00e7er.\u00c2\u015f\u0131klara ikr\u00e2m\u0131m\u0131zd\u0131r.<\/p>\n","protected":false},"excerpt":{"rendered":"<p>G\u00f6n\u00fcl Soluklar\u0131, d\u00fcnyaya geli\u015f gayesini a\u015fk ile idrak etmi\u015f bir Hak yolcusunun g\u00f6nl\u00fcne do\u011fan hakikatlerin dile geli\u015fidir.\u201cYedi\u011fimiz i\u00e7ti\u011fimiz, sevdi\u011fimiz insanlar ve hatta soludu\u011fumuz hava bile o<span class=\"excerpt-hellip\"> [\u2026]<\/span><\/p>\n","protected":false},"featured_media":0,"template":"","meta":{"_monsterinsights_skip_tracking":false,"_monsterinsights_sitenote_active":false,"_monsterinsights_sitenote_note":"","_monsterinsights_sitenote_category":0},"product_brand":[],"product_cat":[12291,12711],"product_tag":[],"class_list":{"0":"post-764198","1":"product","2":"type-product","3":"status-publish","5":"product_cat-edebiyat","6":"product_cat-roman-oyku","7":"pa_cilt-ciltsiz","8":"pa_tur-kitap","9":"pa_yayinevi-omca-yayinlari","10":"pa_yazar-asuman-serce","12":"first","13":"instock","14":"sale","15":"shipping-taxable","16":"purchasable","17":"product-type-simple"},"_links":{"self":[{"href":"https:\/\/roveyayinevi.com.tr\/index.php\/wp-json\/wp\/v2\/product\/764198","targetHints":{"allow":["GET"]}}],"collection":[{"href":"https:\/\/roveyayinevi.com.tr\/index.php\/wp-json\/wp\/v2\/product"}],"about":[{"href":"https:\/\/roveyayinevi.com.tr\/index.php\/wp-json\/wp\/v2\/types\/product"}],"wp:attachment":[{"href":"https:\/\/roveyayinevi.com.tr\/index.php\/wp-json\/wp\/v2\/media?parent=764198"}],"wp:term":[{"taxonomy":"product_brand","embeddable":true,"href":"https:\/\/roveyayinevi.com.tr\/index.php\/wp-json\/wp\/v2\/product_brand?post=764198"},{"taxonomy":"product_cat","embeddable":true,"href":"https:\/\/roveyayinevi.com.tr\/index.php\/wp-json\/wp\/v2\/product_cat?post=764198"},{"taxonomy":"product_tag","embeddable":true,"href":"https:\/\/roveyayinevi.com.tr\/index.php\/wp-json\/wp\/v2\/product_tag?post=764198"}],"curies":[{"name":"wp","href":"https:\/\/api.w.org\/{rel}","templated":true}]}}