{"id":764191,"date":"2025-08-28T11:02:28","date_gmt":"2025-08-28T08:02:28","guid":{"rendered":"https:\/\/roveyayinevi.com.tr\/index.php\/urun\/calisan-memnuniyetinin-insan-kaynaklari-yonetimi-uzerindeki-etkinligi\/"},"modified":"2026-04-15T03:29:54","modified_gmt":"2026-04-15T00:29:54","slug":"calisan-memnuniyetinin-insan-kaynaklari-yonetimi-uzerindeki-etkinligi","status":"publish","type":"product","link":"https:\/\/roveyayinevi.com.tr\/index.php\/urun\/calisan-memnuniyetinin-insan-kaynaklari-yonetimi-uzerindeki-etkinligi\/","title":{"rendered":"\u00c7al\u0131\u015fan Memnuniyetinin \u0130nsan Kaynaklar\u0131 Y\u00f6netimi \u00dczerindeki Etkinli\u011fi"},"content":{"rendered":"<p>G\u00fcn\u00fcm\u00fcz i\u015f d\u00fcnyas\u0131nda, \u00e7al\u0131\u015fan memnuniyeti, organizasyonlar\u0131n ba\u015far\u0131s\u0131nda kilit bir rol oynamaktad\u0131r. Peki, \u00e7al\u0131\u015fanlar\u0131n i\u015flerinden duydu\u011fu memnuniyet, insan kaynaklar\u0131 y\u00f6netimi s\u00fcre\u00e7lerini nas\u0131l etkilemektedir? Hangi stratejiler, \u00e7al\u0131\u015fan ba\u011fl\u0131l\u0131\u011f\u0131n\u0131 art\u0131rarak \u015firketin performans\u0131na katk\u0131 sa\u011flamaktad\u0131r? Bu kitap, insan kaynaklar\u0131 y\u00f6netiminin en \u00f6nemli unsurlar\u0131ndan biri olan \u00e7al\u0131\u015fan memnuniyetini derinlemesine incelemektedir. Bu kapsaml\u0131 \u00e7al\u0131\u015fma, \u00e7al\u0131\u015fan memnuniyetinin i\u015f g\u00fcc\u00fc verimlili\u011finden inovasyona, tak\u0131m ruhundan m\u00fc\u015fteri memnuniyetine kadar bir\u00e7ok alandaki etkilerini ele almaktad\u0131r. Ayr\u0131ca, insan kaynaklar\u0131 profesyonellerine, \u00e7al\u0131\u015fanlar\u0131n ihtiya\u00e7lar\u0131n\u0131 anlamak, onlar\u0131n motivasyonlar\u0131n\u0131 art\u0131rmak ve i\u015f yerinde pozitif bir k\u00fclt\u00fcr yaratmak i\u00e7in uygulanabilir \u00e7\u00f6z\u00fcmler sunmaktad\u0131r. Gelece\u011fin ba\u015far\u0131l\u0131 organizasyonlar\u0131n\u0131 in\u015fa etmek isteyen liderler, y\u00f6neticiler ve insan kaynaklar\u0131 profesyonelleri i\u00e7in rehber olabilecek nitelikte bir kaynak. \u00c7al\u0131\u015fanlar\u0131n i\u015f memnuniyetinin art\u0131r\u0131lmas\u0131, sadece organizasyonun ba\u015far\u0131s\u0131n\u0131 de\u011fil, ayn\u0131 zamanda i\u015f yerindeki genel mutlulu\u011fu da garanti etmektedir.<\/p>\n","protected":false},"excerpt":{"rendered":"<p>G\u00fcn\u00fcm\u00fcz i\u015f d\u00fcnyas\u0131nda, \u00e7al\u0131\u015fan memnuniyeti, organizasyonlar\u0131n ba\u015far\u0131s\u0131nda kilit bir rol oynamaktad\u0131r. Peki, \u00e7al\u0131\u015fanlar\u0131n i\u015flerinden duydu\u011fu memnuniyet, insan kaynaklar\u0131 y\u00f6netimi s\u00fcre\u00e7lerini nas\u0131l etkilemektedir? Hangi stratejiler, \u00e7al\u0131\u015fan ba\u011fl\u0131l\u0131\u011f\u0131n\u0131<span class=\"excerpt-hellip\"> [\u2026]<\/span><\/p>\n","protected":false},"featured_media":0,"template":"","meta":{"_monsterinsights_skip_tracking":false,"_monsterinsights_sitenote_active":false,"_monsterinsights_sitenote_note":"","_monsterinsights_sitenote_category":0},"product_brand":[],"product_cat":[13043],"product_tag":[],"class_list":{"0":"post-764191","1":"product","2":"type-product","3":"status-publish","5":"product_cat-ekonomi","6":"pa_cilt-ciltsiz","7":"pa_tur-kitap","8":"pa_yayinevi-astana-yayinlari","9":"pa_yazar-dr-mehmet-ercorumlu","11":"first","12":"instock","13":"sale","14":"shipping-taxable","15":"purchasable","16":"product-type-simple"},"_links":{"self":[{"href":"https:\/\/roveyayinevi.com.tr\/index.php\/wp-json\/wp\/v2\/product\/764191","targetHints":{"allow":["GET"]}}],"collection":[{"href":"https:\/\/roveyayinevi.com.tr\/index.php\/wp-json\/wp\/v2\/product"}],"about":[{"href":"https:\/\/roveyayinevi.com.tr\/index.php\/wp-json\/wp\/v2\/types\/product"}],"wp:attachment":[{"href":"https:\/\/roveyayinevi.com.tr\/index.php\/wp-json\/wp\/v2\/media?parent=764191"}],"wp:term":[{"taxonomy":"product_brand","embeddable":true,"href":"https:\/\/roveyayinevi.com.tr\/index.php\/wp-json\/wp\/v2\/product_brand?post=764191"},{"taxonomy":"product_cat","embeddable":true,"href":"https:\/\/roveyayinevi.com.tr\/index.php\/wp-json\/wp\/v2\/product_cat?post=764191"},{"taxonomy":"product_tag","embeddable":true,"href":"https:\/\/roveyayinevi.com.tr\/index.php\/wp-json\/wp\/v2\/product_tag?post=764191"}],"curies":[{"name":"wp","href":"https:\/\/api.w.org\/{rel}","templated":true}]}}