{"id":764189,"date":"2025-08-28T11:02:25","date_gmt":"2025-08-28T08:02:25","guid":{"rendered":"https:\/\/roveyayinevi.com.tr\/index.php\/urun\/otlu-peynir\/"},"modified":"2026-04-15T03:29:54","modified_gmt":"2026-04-15T00:29:54","slug":"otlu-peynir","status":"publish","type":"product","link":"https:\/\/roveyayinevi.com.tr\/index.php\/urun\/otlu-peynir\/","title":{"rendered":"Otlu Peynir"},"content":{"rendered":"<p>Bu kitab\u0131n ilk bask\u0131s\u0131 2005 y\u0131l\u0131nda G\u0131da Teknolojisi Derne\u011fi taraf\u0131ndan yap\u0131lm\u0131\u015ft\u0131. Aradan ge\u00e7en yakla\u015f\u0131k 20 y\u0131ll\u0131k zaman zarf\u0131nda Otlu peynir \u00fczerinde yap\u0131lan bilimsel \u00e7al\u0131\u015fmalar ve yay\u0131nlar olanca h\u0131z\u0131yla artm\u0131\u015ft\u0131r. \u00d6yle olunca kitab\u0131n birinci bask\u0131s\u0131nda yer alan bilgilerin g\u00fcncellenmesine ihtiya\u00e7 duyulmu\u015ftur. Geni\u015fletilmi\u015f ikinci bask\u0131 \u00e7al\u0131\u015fmalar\u0131 kapsam\u0131nda baz\u0131 yeni foto\u011fraflar ve \u00e7izelgeler kitapta yerini alm\u0131\u015ft\u0131r. Ayr\u0131ca ilk bask\u0131 tarihinden, 2024 tarihine kadar Otlu peynir hakk\u0131nda \u00e7\u0131km\u0131\u015f t\u00fcm yay\u0131nlar tek tek g\u00f6zden ge\u00e7irilerek yeni bilgiler kitaba dahil edilmi\u015ftir. Kitapta b\u00f6ylece yararlan\u0131lan kaynak say\u0131s\u0131 200\u2019e ula\u015fm\u0131\u015ft\u0131r. Bir \u00fclkede \u00fcretilen her peynir o \u00fclke i\u00e7in k\u00fclt\u00fcrel bir hazinedir. Di\u011fer taraftan peynir yap\u0131m\u0131 bir sanat i\u015fi ve ayn\u0131 zamanda bilgi, tecr\u00fcbe ve teknoloji gerektirir. Her peynirin kendine ait bir \u00fcretim y\u00f6ntemi, lezzeti ve \u00f6zelli\u011fi vard\u0131r. Otlu peyniri di\u011ferlerinden ay\u0131ran en \u00f6nemli \u00f6zellik i\u00e7erisine farkl\u0131 \u00e7e\u015fitte ve miktarda ot kat\u0131l\u0131yor olmas\u0131d\u0131r. Otlu peynir \u00fclkemizin Do\u011fu ve G\u00fcney Do\u011fu Anadolu B\u00f6lgelerinde; ba\u015fta Van olmak \u00fczere, Hakk\u00e2ri, Bitlis, Siirt gibi illerimizde \u00fcretilmektedir. Uzun bir tarihi ge\u00e7mi\u015fi olan Otlu peynir co\u011frafi i\u015farete de sahiptir. \u00dcn\u00fc gerek \u00fclke i\u00e7inde ve gerekse \u00fclke d\u0131\u015f\u0131nda h\u0131zla yay\u0131lmaktad\u0131r. Kitap, ba\u015fta akademik \u00e7al\u0131\u015fanlar olmak \u00fczere, \u00f6\u011frenciler, \u00fcreticiler ve sanayiciler i\u00e7in kaynak kitap olma \u00f6zelli\u011fini ta\u015f\u0131maktad\u0131r. Kitab\u0131 yay\u0131na haz\u0131rlarken s\u0131k s\u0131k g\u00f6r\u00fc\u015flerine ba\u015fvurdu\u011fum, Van Y\u00fcz\u00fcnc\u00fc Y\u0131l \u00dcniversitesi G\u0131da M\u00fchendisli\u011fi B\u00f6l\u00fcm\u00fc \u00f6\u011fretim \u00fcyesi de\u011ferli arkada\u015f\u0131m Prof. Dr. Yusuf TUN\u00c7T\u00dcRK\u2019e, ayr\u0131ca kitab\u0131n bas\u0131lmas\u0131nda sa\u011flad\u0131\u011f\u0131 destek i\u00e7in Van Ticaret ve Sanayi Odas\u0131\u2019na ve kitab\u0131 bas\u0131ma haz\u0131rlayan Astana Yay\u0131nevi\u2019ne te\u015fekk\u00fcr ederim. Kitapta olas\u0131 g\u00f6zden ka\u00e7an yay\u0131nlar\u0131n, eksiklerin, anla\u015f\u0131lmayan k\u0131s\u0131mlar\u0131n veya yaz\u0131m hatalar\u0131n\u0131n iletilmesi kitab\u0131n m\u00fckemmelle\u015fmesine katk\u0131 sa\u011flayacakt\u0131r. T\u00fcm okuyuculara faydal\u0131 olmas\u0131 dile\u011fiyle. 03.07.2024 Prof. Dr. Hayri CO\u015eKUN<\/p>\n","protected":false},"excerpt":{"rendered":"<p>Bu kitab\u0131n ilk bask\u0131s\u0131 2005 y\u0131l\u0131nda G\u0131da Teknolojisi Derne\u011fi taraf\u0131ndan yap\u0131lm\u0131\u015ft\u0131. Aradan ge\u00e7en yakla\u015f\u0131k 20 y\u0131ll\u0131k zaman zarf\u0131nda Otlu peynir \u00fczerinde yap\u0131lan bilimsel \u00e7al\u0131\u015fmalar ve yay\u0131nlar<span class=\"excerpt-hellip\"> [\u2026]<\/span><\/p>\n","protected":false},"featured_media":0,"template":"","meta":{"_monsterinsights_skip_tracking":false,"_monsterinsights_sitenote_active":false,"_monsterinsights_sitenote_note":"","_monsterinsights_sitenote_category":0},"product_brand":[],"product_cat":[12312,12304],"product_tag":[],"class_list":{"0":"post-764189","1":"product","2":"type-product","3":"status-publish","5":"product_cat-diger","6":"product_cat-tarih","7":"pa_cilt-ciltsiz","8":"pa_tur-kitap","9":"pa_yayinevi-astana-yayinlari","10":"pa_yazar-hayri-coskun","12":"first","13":"instock","14":"sale","15":"shipping-taxable","16":"purchasable","17":"product-type-simple"},"_links":{"self":[{"href":"https:\/\/roveyayinevi.com.tr\/index.php\/wp-json\/wp\/v2\/product\/764189","targetHints":{"allow":["GET"]}}],"collection":[{"href":"https:\/\/roveyayinevi.com.tr\/index.php\/wp-json\/wp\/v2\/product"}],"about":[{"href":"https:\/\/roveyayinevi.com.tr\/index.php\/wp-json\/wp\/v2\/types\/product"}],"wp:attachment":[{"href":"https:\/\/roveyayinevi.com.tr\/index.php\/wp-json\/wp\/v2\/media?parent=764189"}],"wp:term":[{"taxonomy":"product_brand","embeddable":true,"href":"https:\/\/roveyayinevi.com.tr\/index.php\/wp-json\/wp\/v2\/product_brand?post=764189"},{"taxonomy":"product_cat","embeddable":true,"href":"https:\/\/roveyayinevi.com.tr\/index.php\/wp-json\/wp\/v2\/product_cat?post=764189"},{"taxonomy":"product_tag","embeddable":true,"href":"https:\/\/roveyayinevi.com.tr\/index.php\/wp-json\/wp\/v2\/product_tag?post=764189"}],"curies":[{"name":"wp","href":"https:\/\/api.w.org\/{rel}","templated":true}]}}