{"id":764188,"date":"2025-08-28T11:02:24","date_gmt":"2025-08-28T08:02:24","guid":{"rendered":"https:\/\/roveyayinevi.com.tr\/index.php\/urun\/enerjiden-silaha-nukleer\/"},"modified":"2026-04-15T03:29:54","modified_gmt":"2026-04-15T00:29:54","slug":"enerjiden-silaha-nukleer","status":"publish","type":"product","link":"https:\/\/roveyayinevi.com.tr\/index.php\/urun\/enerjiden-silaha-nukleer\/","title":{"rendered":"Enerjiden Silaha N\u00fckleer"},"content":{"rendered":"<p>N\u00fckleer enerjinin faydalar\u0131n\u0131 ve tehlikelerini anlamak, gelecekte daha bilin\u00e7li ve sorumlu kararlar almam\u0131z\u0131 sa\u011flayacakt\u0131r. N\u00fckleer silahlar\u0131n yol a\u00e7abilece\u011fi y\u0131k\u0131m, t\u00fcm insanl\u0131k i\u00e7in b\u00fcy\u00fck bir tehdittir ve bu tehdidin fark\u0131nda olmak, bar\u0131\u015f\u00e7\u0131l \u00e7\u00f6z\u00fcmler \u00fcretmek i\u00e7in kritik \u00f6neme sahiptir. G\u00fcn\u00fcm\u00fczde, baz\u0131 \u00fclkelerin n\u00fckleer silah kullanma tehdidi, d\u00fcnyan\u0131n kars\u0131 kars\u0131ya oldu\u011fu en b\u00fcy\u00fck tehlikelerden biridir. N\u00fckleer teknolojinin bar\u0131\u015f\u00e7\u0131l ama\u00e7larla kullan\u0131m\u0131, enerji krizlerine s\u00fcrd\u00fcr\u00fclebilir \u00e7\u00f6z\u00fcmler sunarken, n\u00fckleer silahlar\u0131n yay\u0131lmas\u0131 ve olas\u0131 bir n\u00fckleer \u00e7at\u0131\u015fma riski, k\u00fcresel g\u00fcvenli\u011fi tehdit etmektedir. &#8220;Enerjiden Silaha N\u00fckleer&#8221; kitab\u0131n\u0131n, n\u00fckleer enerjinin karma\u015f\u0131kl\u0131\u011f\u0131n\u0131 ve \u00e7ok y\u00f6nl\u00fcl\u00fc\u011f\u00fcn\u00fc anlamak isteyen herkes i\u00e7in de\u011ferli bir kaynak olmas\u0131n\u0131 diliyoruz. Bu eser, n\u00fckleer enerjiyi daha g\u00fcvenli ve s\u00fcrd\u00fcr\u00fclebilir bir \u015fekilde kullanmak i\u00e7in fark\u0131ndal\u0131\u011f\u0131n artmas\u0131na yard\u0131mc\u0131 olmay\u0131 ama\u00e7lamaktad\u0131r. Unutmayal\u0131m ki, bilin\u00e7li ve sorumlu yakla\u015f\u0131mlar, d\u00fcnyan\u0131n gelece\u011fi i\u00e7in hayati \u00f6neme sahiptir. S\u00dcMEYRA U\u00c7AR<\/p>\n","protected":false},"excerpt":{"rendered":"<p>N\u00fckleer enerjinin faydalar\u0131n\u0131 ve tehlikelerini anlamak, gelecekte daha bilin\u00e7li ve sorumlu kararlar almam\u0131z\u0131 sa\u011flayacakt\u0131r. N\u00fckleer silahlar\u0131n yol a\u00e7abilece\u011fi y\u0131k\u0131m, t\u00fcm insanl\u0131k i\u00e7in b\u00fcy\u00fck bir tehdittir ve<span class=\"excerpt-hellip\"> [\u2026]<\/span><\/p>\n","protected":false},"featured_media":0,"template":"","meta":{"_monsterinsights_skip_tracking":false,"_monsterinsights_sitenote_active":false,"_monsterinsights_sitenote_note":"","_monsterinsights_sitenote_category":0},"product_brand":[],"product_cat":[13005,37328],"product_tag":[],"class_list":{"0":"post-764188","1":"product","2":"type-product","3":"status-publish","5":"product_cat-bilim-muhendislik","6":"product_cat-diger-bilim-muhendislik","7":"pa_cilt-ciltsiz","8":"pa_tur-kitap","9":"pa_yayinevi-astana-yayinlari","10":"pa_yazar-sumeyra-ucar","12":"first","13":"instock","14":"sale","15":"shipping-taxable","16":"purchasable","17":"product-type-simple"},"_links":{"self":[{"href":"https:\/\/roveyayinevi.com.tr\/index.php\/wp-json\/wp\/v2\/product\/764188","targetHints":{"allow":["GET"]}}],"collection":[{"href":"https:\/\/roveyayinevi.com.tr\/index.php\/wp-json\/wp\/v2\/product"}],"about":[{"href":"https:\/\/roveyayinevi.com.tr\/index.php\/wp-json\/wp\/v2\/types\/product"}],"wp:attachment":[{"href":"https:\/\/roveyayinevi.com.tr\/index.php\/wp-json\/wp\/v2\/media?parent=764188"}],"wp:term":[{"taxonomy":"product_brand","embeddable":true,"href":"https:\/\/roveyayinevi.com.tr\/index.php\/wp-json\/wp\/v2\/product_brand?post=764188"},{"taxonomy":"product_cat","embeddable":true,"href":"https:\/\/roveyayinevi.com.tr\/index.php\/wp-json\/wp\/v2\/product_cat?post=764188"},{"taxonomy":"product_tag","embeddable":true,"href":"https:\/\/roveyayinevi.com.tr\/index.php\/wp-json\/wp\/v2\/product_tag?post=764188"}],"curies":[{"name":"wp","href":"https:\/\/api.w.org\/{rel}","templated":true}]}}