{"id":764185,"date":"2025-08-28T11:02:20","date_gmt":"2025-08-28T08:02:20","guid":{"rendered":"https:\/\/roveyayinevi.com.tr\/index.php\/urun\/trabzona-arap-turist-cikarmasi-guncel-2-baski\/"},"modified":"2026-04-15T03:29:54","modified_gmt":"2026-04-15T00:29:54","slug":"trabzona-arap-turist-cikarmasi-guncel-2-baski","status":"publish","type":"product","link":"https:\/\/roveyayinevi.com.tr\/index.php\/urun\/trabzona-arap-turist-cikarmasi-guncel-2-baski\/","title":{"rendered":"Trabzon\u2019a Arap Turist \u00c7\u0131karmas\u0131 (G\u00fcncel 2.Bask\u0131)"},"content":{"rendered":"<p>Suudi Arabistan ve Birle\u015fik Arap Emirlikleri\u2019nin ard\u0131ndan Katar ve Kuveyt\u2019ten \u00f6zellikle do\u011fal g\u00fczellikleri ve \u0131l\u0131man iklimiyle tan\u0131nan \u0130svi\u00e7re\u2019de yo\u011funla\u015fan Arap turizmi, son y\u0131llarda T\u00fcrkiye\u2019de, \u00f6zellikle \u0130stanbul, Sapanca ve Do\u011fu Karadeniz B\u00f6lgesi\u2019nde her ge\u00e7en g\u00fcn \u00f6nemini art\u0131rmaktad\u0131r. Doktora tezi olarak haz\u0131rlanan bu \u00e7al\u0131\u015fmada, 1970\u2019li y\u0131llardan bug\u00fcne b\u00fct\u00fcn d\u00fcnyada uygulanmakta olan s\u00fcrd\u00fcr\u00fclebilir turizm b\u00fct\u00fcn y\u00f6nleriyle ele al\u0131nm\u0131\u015f ve Covid-19 salg\u0131n\u0131n\u0131n neden oldu\u011fu zorunluluklarla sadece e-anket y\u00f6ntemi kullan\u0131l\u0131p, Trabzon destinasyonunda Arap turizmi ve s\u00fcrd\u00fcr\u00fclebilirli\u011fine ili\u015fkin ara\u015ft\u0131rmalar yap\u0131lm\u0131\u015ft\u0131r. Bu ama\u00e7la \u00f6nce \u00f6zg\u00fcn bir \u00f6l\u00e7ek geli\u015ftirilmi\u015ftir. Ard\u0131ndan, bu \u00f6l\u00e7ekle Trabzon\u2019u ziyaret etmi\u015f ve\/veya ziyaret etmek isteyen 162 kat\u0131l\u0131mc\u0131ya, Trabzon\u2019da sat\u0131lan turistik \u00fcr\u00fcn ve hizmetlerden alg\u0131lanan memnuniyet d\u00fczeyini, Trabzon\u2019u ziyaret etmek istemelerine sebep olan unsurlar\u0131 ve ziyaret \u00f6ncesinde, s\u0131ras\u0131nda ve sonras\u0131nda kendilerinde olu\u015fan Trabzon destinasyon imaj\u0131nda yer alan unsurlar\u0131 belirtmeleri istenmi\u015ftir. Ziyaret etmek isteme nedenleri olarak al\u0131nan yan\u0131tlar\u0131n oransal de\u011fi\u015fimi \u015f\u00f6yledir: %13,3 ile do\u011fa, %10,11 ile dinlenme ve % 9,43 ile fizyolojik ve psikolojik rahatlama g\u00f6r\u00fclmektedir. Bunu takip eden sebepler s\u0131ras\u0131yla, %8,1 ile helal yemek, % 8 ile tarihi ve k\u00fclt\u00fcr mek\u00e2nlar\u0131, % 7,84 ile deniz, % 7,04 ile e\u011flence, % 6,93 ile s\u00fcrekli ya\u015fan\u0131lan yerden k\u0131sa s\u00fcreli\u011fine ayr\u0131lmak, % 6,6 ile din, % 6,25 ile k\u00fclt\u00fcr, % 5,6 ile farkl\u0131 k\u00fclt\u00fcrlerden insanlarla tan\u0131\u015fmak, % 5,34 ile heyecan, % 4,2 ile macera ve % 1,4 ile spor. Destinasyon imaj\u0131 olarak 7 unsur belirlenmi\u015f olup, bunlar %22\u2019lik oranla \u201cDo\u011fa-Tarih-K\u00fclt\u00fcr\u201d, % 16\u2019l\u0131k oranla \u201cDeniz-Orman-Ya\u011fmur\u201d ve % 12,3 ile \u201cMavi-Ye\u015fil\u201d ve % 9,02 ile \u201cDindar\u201dl\u0131kt\u0131r. Kat\u0131l\u0131mc\u0131lar Trabzon\u2019da s\u00fcrd\u00fcr\u00fclebilir Arap turizmi ba\u011flam\u0131nda \u201cOlanaklar\u201d, \u201c\u00c7ekicilikler\u201d ve \u201c\u0130stikrar\u201d fakt\u00f6r gruplar\u0131na g\u00f6re sosyo-demografik \u00f6zellikler a\u00e7\u0131s\u0131ndan de\u011fi\u015fiklikler g\u00f6stermektedir.<\/p>\n","protected":false},"excerpt":{"rendered":"<p>Suudi Arabistan ve Birle\u015fik Arap Emirlikleri\u2019nin ard\u0131ndan Katar ve Kuveyt\u2019ten \u00f6zellikle do\u011fal g\u00fczellikleri ve \u0131l\u0131man iklimiyle tan\u0131nan \u0130svi\u00e7re\u2019de yo\u011funla\u015fan Arap turizmi, son y\u0131llarda T\u00fcrkiye\u2019de, \u00f6zellikle \u0130stanbul,<span class=\"excerpt-hellip\"> [\u2026]<\/span><\/p>\n","protected":false},"featured_media":0,"template":"","meta":{"_monsterinsights_skip_tracking":false,"_monsterinsights_sitenote_active":false,"_monsterinsights_sitenote_note":"","_monsterinsights_sitenote_category":0},"product_brand":[],"product_cat":[12324],"product_tag":[],"class_list":{"0":"post-764185","1":"product","2":"type-product","3":"status-publish","5":"product_cat-sosyoloji","6":"pa_cilt-ciltsiz","7":"pa_tur-kitap","8":"pa_yayinevi-astana-yayinlari","9":"pa_yazar-murat-kayalar","10":"pa_yazar-yunus-emre-genc","12":"first","13":"instock","14":"sale","15":"shipping-taxable","16":"purchasable","17":"product-type-simple"},"_links":{"self":[{"href":"https:\/\/roveyayinevi.com.tr\/index.php\/wp-json\/wp\/v2\/product\/764185","targetHints":{"allow":["GET"]}}],"collection":[{"href":"https:\/\/roveyayinevi.com.tr\/index.php\/wp-json\/wp\/v2\/product"}],"about":[{"href":"https:\/\/roveyayinevi.com.tr\/index.php\/wp-json\/wp\/v2\/types\/product"}],"wp:attachment":[{"href":"https:\/\/roveyayinevi.com.tr\/index.php\/wp-json\/wp\/v2\/media?parent=764185"}],"wp:term":[{"taxonomy":"product_brand","embeddable":true,"href":"https:\/\/roveyayinevi.com.tr\/index.php\/wp-json\/wp\/v2\/product_brand?post=764185"},{"taxonomy":"product_cat","embeddable":true,"href":"https:\/\/roveyayinevi.com.tr\/index.php\/wp-json\/wp\/v2\/product_cat?post=764185"},{"taxonomy":"product_tag","embeddable":true,"href":"https:\/\/roveyayinevi.com.tr\/index.php\/wp-json\/wp\/v2\/product_tag?post=764185"}],"curies":[{"name":"wp","href":"https:\/\/api.w.org\/{rel}","templated":true}]}}