{"id":764183,"date":"2025-08-28T11:02:18","date_gmt":"2025-08-28T08:02:18","guid":{"rendered":"https:\/\/roveyayinevi.com.tr\/index.php\/urun\/iyi-kotu-cirkef-politikada-sporun-psikolojisi\/"},"modified":"2026-04-15T03:29:54","modified_gmt":"2026-04-15T00:29:54","slug":"iyi-kotu-cirkef-politikada-sporun-psikolojisi","status":"publish","type":"product","link":"https:\/\/roveyayinevi.com.tr\/index.php\/urun\/iyi-kotu-cirkef-politikada-sporun-psikolojisi\/","title":{"rendered":"\u0130yi K\u00f6t\u00fc \u00c7irkef Politikada Sporun Psikolojisi"},"content":{"rendered":"<p>Psikodinamik bak\u0131\u015fla, Uzm. Klinik Psikolog Onurhan Kasnak, iktidar sahipleri ile toplumun birbirini \u015fekillendiren unsurlar\u0131n\u0131, spor \u00fczerinden ele al\u0131yor. N\u00fcfusu 20 milyonu a\u015fk\u0131n ve \u00e7o\u011fu, 1.D\u00fcnya Sava\u015f\u0131 evvelinden, egemen devlet stat\u00fcs\u00fcn\u00fc s\u00fcrd\u00fcrmekte olan \u00fclkeler tarihsel s\u00fcre\u00e7te anlat\u0131l\u0131rken, g\u00fcn\u00fcm\u00fcz perspektifini yaratan a\u015famalar incelemekte\u2026<\/p>\n","protected":false},"excerpt":{"rendered":"<p>Psikodinamik bak\u0131\u015fla, Uzm. Klinik Psikolog Onurhan Kasnak, iktidar sahipleri ile toplumun birbirini \u015fekillendiren unsurlar\u0131n\u0131, spor \u00fczerinden ele al\u0131yor. N\u00fcfusu 20 milyonu a\u015fk\u0131n ve \u00e7o\u011fu, 1.D\u00fcnya Sava\u015f\u0131<span class=\"excerpt-hellip\"> [\u2026]<\/span><\/p>\n","protected":false},"featured_media":0,"template":"","meta":{"_monsterinsights_skip_tracking":false,"_monsterinsights_sitenote_active":false,"_monsterinsights_sitenote_note":"","_monsterinsights_sitenote_category":0},"product_brand":[],"product_cat":[12755,12357],"product_tag":[],"class_list":{"0":"post-764183","1":"product","2":"type-product","3":"status-publish","5":"product_cat-gelisim-psikolojisi","6":"product_cat-psikoloji","7":"pa_cilt-ciltsiz","8":"pa_tur-kitap","9":"pa_yayinevi-astana-yayinlari","10":"pa_yazar-onurhan-kasnak","12":"first","13":"instock","14":"sale","15":"shipping-taxable","16":"purchasable","17":"product-type-simple"},"_links":{"self":[{"href":"https:\/\/roveyayinevi.com.tr\/index.php\/wp-json\/wp\/v2\/product\/764183","targetHints":{"allow":["GET"]}}],"collection":[{"href":"https:\/\/roveyayinevi.com.tr\/index.php\/wp-json\/wp\/v2\/product"}],"about":[{"href":"https:\/\/roveyayinevi.com.tr\/index.php\/wp-json\/wp\/v2\/types\/product"}],"wp:attachment":[{"href":"https:\/\/roveyayinevi.com.tr\/index.php\/wp-json\/wp\/v2\/media?parent=764183"}],"wp:term":[{"taxonomy":"product_brand","embeddable":true,"href":"https:\/\/roveyayinevi.com.tr\/index.php\/wp-json\/wp\/v2\/product_brand?post=764183"},{"taxonomy":"product_cat","embeddable":true,"href":"https:\/\/roveyayinevi.com.tr\/index.php\/wp-json\/wp\/v2\/product_cat?post=764183"},{"taxonomy":"product_tag","embeddable":true,"href":"https:\/\/roveyayinevi.com.tr\/index.php\/wp-json\/wp\/v2\/product_tag?post=764183"}],"curies":[{"name":"wp","href":"https:\/\/api.w.org\/{rel}","templated":true}]}}