{"id":764182,"date":"2025-08-28T11:02:17","date_gmt":"2025-08-28T08:02:17","guid":{"rendered":"https:\/\/roveyayinevi.com.tr\/index.php\/urun\/turk-dunyasi-jeopolitigi\/"},"modified":"2026-04-15T03:29:54","modified_gmt":"2026-04-15T00:29:54","slug":"turk-dunyasi-jeopolitigi","status":"publish","type":"product","link":"https:\/\/roveyayinevi.com.tr\/index.php\/urun\/turk-dunyasi-jeopolitigi\/","title":{"rendered":"T\u00fcrk D\u00fcnyas\u0131 Jeopoliti\u011fi"},"content":{"rendered":"<p>Orta Asya ve Kafkasya\u2019da T\u00fcrk devletlerinin ba\u011f\u0131ms\u0131zl\u0131klar\u0131n\u0131n da etkisiyle T\u00fcrk D\u00fcnyas\u0131 jeopoliti\u011finin y\u00fckseli\u015fi ve g\u00fcn\u00fcm\u00fczde Avrasya\u2019n\u0131n yeniden k\u00fcresel rekabetin oyun sahalar\u0131ndan bir tanesi olmas\u0131ndan \u00f6t\u00fcr\u00fc T\u00fcrk D\u00fcnyas\u0131, uluslararas\u0131 politika a\u00e7\u0131s\u0131ndan daha fazla \u00f6nem arz etmeye ba\u015flam\u0131\u015ft\u0131r.  Son y\u00fczy\u0131lda ya\u015fanan jeopolitik geli\u015fmeler ba\u011flam\u0131nda T\u00fcrk D\u00fcnyas\u0131\u2019n\u0131 ele alan \u201cT\u00fcrk D\u00fcnyas\u0131 Jeopoliti\u011fi\u201d adl\u0131 bu eser, b\u00f6lgenin ge\u00e7mi\u015ften g\u00fcn\u00fcm\u00fcze politik yap\u0131s\u0131na \u0131\u015f\u0131k tutacak nitelikte bir \u00e7al\u0131\u015fma olmakla beraber, ayn\u0131 zamanda b\u00f6lgenin g\u00fcn\u00fcm\u00fczdeki \u00f6nemine ve gelecekteki muhtemel geli\u015fmelere vurgu yapmay\u0131 hedeflemektedir. B\u00f6ylece b\u00f6lgenin siyasi, iktisadi ve k\u00fclt\u00fcrel istikrar\u0131n\u0131n, de\u011fi\u015fim ve d\u00f6n\u00fc\u015f\u00fcm\u00fcn\u00fcn dinamiklerinin ortaya konulmas\u0131 ama\u00e7lanm\u0131\u015ft\u0131r.      T\u00fcrk D\u00fcnyas\u0131\u2019n\u0131n jeopolitik \u00f6nemini ve bahse konu alandaki jeopolitik geli\u015fmeleri on iki ba\u015fl\u0131kta ele alan ve uluslararas\u0131 ili\u015fkiler alan\u0131nda \u00e7al\u0131\u015fma y\u00fcr\u00fcten akademisyenlerin katk\u0131lar\u0131yla ortaya \u00e7\u0131kan bu eserin konuya ilgi duyan herkes i\u00e7in faydal\u0131 olmas\u0131n\u0131 temenni ederim.<\/p>\n","protected":false},"excerpt":{"rendered":"<p>Orta Asya ve Kafkasya\u2019da T\u00fcrk devletlerinin ba\u011f\u0131ms\u0131zl\u0131klar\u0131n\u0131n da etkisiyle T\u00fcrk D\u00fcnyas\u0131 jeopoliti\u011finin y\u00fckseli\u015fi ve g\u00fcn\u00fcm\u00fczde Avrasya\u2019n\u0131n yeniden k\u00fcresel rekabetin oyun sahalar\u0131ndan bir tanesi olmas\u0131ndan \u00f6t\u00fcr\u00fc T\u00fcrk<span class=\"excerpt-hellip\"> [\u2026]<\/span><\/p>\n","protected":false},"featured_media":0,"template":"","meta":{"_monsterinsights_skip_tracking":false,"_monsterinsights_sitenote_active":false,"_monsterinsights_sitenote_note":"","_monsterinsights_sitenote_category":0},"product_brand":[],"product_cat":[48062,12337],"product_tag":[],"class_list":{"0":"post-764182","1":"product","2":"type-product","3":"status-publish","5":"product_cat-dis-politika","6":"product_cat-politika-siyaset","7":"pa_cilt-ciltsiz","8":"pa_tur-kitap","9":"pa_yayinevi-astana-yayinlari","10":"pa_yazar-kadir-ertac-celik","12":"first","13":"instock","14":"sale","15":"shipping-taxable","16":"purchasable","17":"product-type-simple"},"_links":{"self":[{"href":"https:\/\/roveyayinevi.com.tr\/index.php\/wp-json\/wp\/v2\/product\/764182","targetHints":{"allow":["GET"]}}],"collection":[{"href":"https:\/\/roveyayinevi.com.tr\/index.php\/wp-json\/wp\/v2\/product"}],"about":[{"href":"https:\/\/roveyayinevi.com.tr\/index.php\/wp-json\/wp\/v2\/types\/product"}],"wp:attachment":[{"href":"https:\/\/roveyayinevi.com.tr\/index.php\/wp-json\/wp\/v2\/media?parent=764182"}],"wp:term":[{"taxonomy":"product_brand","embeddable":true,"href":"https:\/\/roveyayinevi.com.tr\/index.php\/wp-json\/wp\/v2\/product_brand?post=764182"},{"taxonomy":"product_cat","embeddable":true,"href":"https:\/\/roveyayinevi.com.tr\/index.php\/wp-json\/wp\/v2\/product_cat?post=764182"},{"taxonomy":"product_tag","embeddable":true,"href":"https:\/\/roveyayinevi.com.tr\/index.php\/wp-json\/wp\/v2\/product_tag?post=764182"}],"curies":[{"name":"wp","href":"https:\/\/api.w.org\/{rel}","templated":true}]}}