{"id":764181,"date":"2025-08-28T11:02:14","date_gmt":"2025-08-28T08:02:14","guid":{"rendered":"https:\/\/roveyayinevi.com.tr\/index.php\/urun\/kalem-ile-gumus-levha\/"},"modified":"2026-04-15T03:29:54","modified_gmt":"2026-04-15T00:29:54","slug":"kalem-ile-gumus-levha","status":"publish","type":"product","link":"https:\/\/roveyayinevi.com.tr\/index.php\/urun\/kalem-ile-gumus-levha\/","title":{"rendered":"Kalem \u0130le G\u00fcm\u00fc\u015f Levha"},"content":{"rendered":"<p>Bulmak, bilmek, susmak\u2026 Bu bir \u00f6\u011freti kural\u0131d\u0131r, ba\u015fka yerde kullan\u0131lmaz. Bulmak bilmeye giden yanan yoldur. Biliyorken susmazsan yolu bulamazs\u0131n. Her bildi\u011fin \u015fey s\u0131f\u0131rda kaybolur, kaybolduk\u00e7a tekrar bulursun fakat konu\u015famazs\u0131n. Her \u015feyi dinlemek zorunda kal\u0131rs\u0131n, lakin sessizli\u011fin dilinden kurtulamazs\u0131n. Hayat\u0131 anlars\u0131n ama anlatamazs\u0131n. Yukar\u0131 \u00e7\u0131kt\u0131k\u00e7a a\u015fa\u011f\u0131lara iner, a\u015fa\u011f\u0131lara indik\u00e7e yukar\u0131lara \u00e7\u0131kars\u0131n, bir simya i\u015flemi ile kurgunun \u00e7emberinden ge\u00e7meye haz\u0131r m\u0131s\u0131n? \u0130\u015fte bu y\u00fczden gelen bulur, bulan bilir, bilen susar\u2026<\/p>\n","protected":false},"excerpt":{"rendered":"<p>Bulmak, bilmek, susmak\u2026 Bu bir \u00f6\u011freti kural\u0131d\u0131r, ba\u015fka yerde kullan\u0131lmaz. Bulmak bilmeye giden yanan yoldur. Biliyorken susmazsan yolu bulamazs\u0131n. Her bildi\u011fin \u015fey s\u0131f\u0131rda kaybolur, kaybolduk\u00e7a tekrar<span class=\"excerpt-hellip\"> [\u2026]<\/span><\/p>\n","protected":false},"featured_media":0,"template":"","meta":{"_monsterinsights_skip_tracking":false,"_monsterinsights_sitenote_active":false,"_monsterinsights_sitenote_note":"","_monsterinsights_sitenote_category":0},"product_brand":[],"product_cat":[12291,12711],"product_tag":[],"class_list":{"0":"post-764181","1":"product","2":"type-product","3":"status-publish","5":"product_cat-edebiyat","6":"product_cat-roman-oyku","7":"pa_cilt-ciltsiz","8":"pa_tur-kitap","9":"pa_yayinevi-astana-yayinlari","10":"pa_yazar-murat-koyun","12":"first","13":"instock","14":"sale","15":"shipping-taxable","16":"purchasable","17":"product-type-simple"},"_links":{"self":[{"href":"https:\/\/roveyayinevi.com.tr\/index.php\/wp-json\/wp\/v2\/product\/764181","targetHints":{"allow":["GET"]}}],"collection":[{"href":"https:\/\/roveyayinevi.com.tr\/index.php\/wp-json\/wp\/v2\/product"}],"about":[{"href":"https:\/\/roveyayinevi.com.tr\/index.php\/wp-json\/wp\/v2\/types\/product"}],"wp:attachment":[{"href":"https:\/\/roveyayinevi.com.tr\/index.php\/wp-json\/wp\/v2\/media?parent=764181"}],"wp:term":[{"taxonomy":"product_brand","embeddable":true,"href":"https:\/\/roveyayinevi.com.tr\/index.php\/wp-json\/wp\/v2\/product_brand?post=764181"},{"taxonomy":"product_cat","embeddable":true,"href":"https:\/\/roveyayinevi.com.tr\/index.php\/wp-json\/wp\/v2\/product_cat?post=764181"},{"taxonomy":"product_tag","embeddable":true,"href":"https:\/\/roveyayinevi.com.tr\/index.php\/wp-json\/wp\/v2\/product_tag?post=764181"}],"curies":[{"name":"wp","href":"https:\/\/api.w.org\/{rel}","templated":true}]}}