{"id":764180,"date":"2025-08-28T11:02:13","date_gmt":"2025-08-28T08:02:13","guid":{"rendered":"https:\/\/roveyayinevi.com.tr\/index.php\/urun\/turkiyenin-terorle-mucadele-stratejisi-onleyici-mudahale\/"},"modified":"2026-04-12T03:21:27","modified_gmt":"2026-04-12T00:21:27","slug":"turkiyenin-terorle-mucadele-stratejisi-onleyici-mudahale","status":"publish","type":"product","link":"https:\/\/roveyayinevi.com.tr\/index.php\/urun\/turkiyenin-terorle-mucadele-stratejisi-onleyici-mudahale\/","title":{"rendered":"T\u00fcrkiye\u2019nin Ter\u00f6rle M\u00fccadele Stratejisi: \u00d6nleyici M\u00fcdahale"},"content":{"rendered":"<p>T\u00fcrkiye, ter\u00f6rle m\u00fccadele konusunda tarih boyunca bir\u00e7ok zorlukla kar\u015f\u0131 kar\u015f\u0131ya kalm\u0131\u015ft\u0131r. &#8220;T\u00fcrkiye&#8217;nin Ter\u00f6rle M\u00fccadele Stratejisi: \u00d6nleyici M\u00fcdahale&#8221; kitab\u0131, bu zorlu m\u00fccadelenin derinliklerine inerek, T\u00fcrkiye&#8217;nin ter\u00f6rle m\u00fccadelesinde uygulad\u0131\u011f\u0131 stratejileri ve elde etti\u011fi sonu\u00e7lar\u0131 ele almaktad\u0131r. Bu eser, ter\u00f6r ve g\u00fcvenlik kavramlar\u0131n\u0131 teorik ve pratik boyutlar\u0131yla inceleyerek, ter\u00f6rizmin modern d\u00fcnyadaki etkilerini ve uluslararas\u0131 ili\u015fkiler \u00fczerindeki yans\u0131malar\u0131n\u0131 detayl\u0131 bir \u015fekilde analiz etmektedir. Kitap, T\u00fcrkiye\u2019nin ter\u00f6rle m\u00fccadelesindeki yeni stratejisi olan \u00f6nleyici m\u00fcdahale ve ileri konu\u015flanma stratejisini ayr\u0131nt\u0131l\u0131 olarak a\u00e7\u0131klamaktad\u0131r. Kitapta, T\u00fcrkiye&#8217;nin savunma sanayisindeki geli\u015fmelerden s\u0131n\u0131r \u00f6tesi askeri operasyonlara kadar geni\u015f bir yelpazede ter\u00f6rle m\u00fccadeledeki yenilik\u00e7i yakla\u015f\u0131mlar ele al\u0131nmaktad\u0131r. \u00d6zellikle F\u0131rat Kalkan\u0131, Zeytin Dal\u0131, Bar\u0131\u015f P\u0131nar\u0131 ve Bahar Kalkan\u0131 harek\u00e2tlar\u0131 gibi s\u0131n\u0131r \u00f6tesi operasyonlar\u0131n stratejik \u00f6nemi ve bu operasyonlar\u0131n diplomatik ili\u015fkiler \u00fczerindeki etkileri de kapsaml\u0131 bir \u015fekilde incelemektedir. &#8220;T\u00fcrkiye&#8217;nin Ter\u00f6rle M\u00fccadele Stratejisi: \u00d6nleyici M\u00fcdahale&#8221;, sadece g\u00fcvenlik ve ter\u00f6r konular\u0131na ilgi duyan okuyucular i\u00e7in de\u011fil, ayn\u0131 zamanda uluslararas\u0131 ili\u015fkiler, T\u00fcrkiye&#8217;nin ter\u00f6rle m\u00fccadeledeki kararl\u0131 duru\u015funu ve bu s\u00fcre\u00e7teki stratejik d\u00f6n\u00fc\u015f\u00fcm\u00fc ve savunma politikalar\u0131 \u00fczerine \u00e7al\u0131\u015fan akademisyenler ve analistler i\u00e7in de de\u011ferli bir kaynak niteli\u011findedir.<\/p>\n","protected":false},"excerpt":{"rendered":"<p>T\u00fcrkiye, ter\u00f6rle m\u00fccadele konusunda tarih boyunca bir\u00e7ok zorlukla kar\u015f\u0131 kar\u015f\u0131ya kalm\u0131\u015ft\u0131r. &#8220;T\u00fcrkiye&#8217;nin Ter\u00f6rle M\u00fccadele Stratejisi: \u00d6nleyici M\u00fcdahale&#8221; kitab\u0131, bu zorlu m\u00fccadelenin derinliklerine inerek, T\u00fcrkiye&#8217;nin ter\u00f6rle m\u00fccadelesinde<span class=\"excerpt-hellip\"> [\u2026]<\/span><\/p>\n","protected":false},"featured_media":0,"template":"","meta":{"_monsterinsights_skip_tracking":false,"_monsterinsights_sitenote_active":false,"_monsterinsights_sitenote_note":"","_monsterinsights_sitenote_category":0},"product_brand":[],"product_cat":[16058,12337],"product_tag":[],"class_list":{"0":"post-764180","1":"product","2":"type-product","3":"status-publish","5":"product_cat-kurumlar-orgutler","6":"product_cat-politika-siyaset","7":"pa_cilt-ciltsiz","8":"pa_tur-kitap","9":"pa_yayinevi-astana-yayinlari","10":"pa_yazar-gurkan-demir","12":"first","13":"instock","14":"sale","15":"shipping-taxable","16":"purchasable","17":"product-type-simple"},"_links":{"self":[{"href":"https:\/\/roveyayinevi.com.tr\/index.php\/wp-json\/wp\/v2\/product\/764180","targetHints":{"allow":["GET"]}}],"collection":[{"href":"https:\/\/roveyayinevi.com.tr\/index.php\/wp-json\/wp\/v2\/product"}],"about":[{"href":"https:\/\/roveyayinevi.com.tr\/index.php\/wp-json\/wp\/v2\/types\/product"}],"wp:attachment":[{"href":"https:\/\/roveyayinevi.com.tr\/index.php\/wp-json\/wp\/v2\/media?parent=764180"}],"wp:term":[{"taxonomy":"product_brand","embeddable":true,"href":"https:\/\/roveyayinevi.com.tr\/index.php\/wp-json\/wp\/v2\/product_brand?post=764180"},{"taxonomy":"product_cat","embeddable":true,"href":"https:\/\/roveyayinevi.com.tr\/index.php\/wp-json\/wp\/v2\/product_cat?post=764180"},{"taxonomy":"product_tag","embeddable":true,"href":"https:\/\/roveyayinevi.com.tr\/index.php\/wp-json\/wp\/v2\/product_tag?post=764180"}],"curies":[{"name":"wp","href":"https:\/\/api.w.org\/{rel}","templated":true}]}}