{"id":764179,"date":"2025-08-28T11:02:12","date_gmt":"2025-08-28T08:02:12","guid":{"rendered":"https:\/\/roveyayinevi.com.tr\/index.php\/urun\/hazine-arazilerinde-yatirim-firsatlari-3\/"},"modified":"2026-04-15T03:29:53","modified_gmt":"2026-04-15T00:29:53","slug":"hazine-arazilerinde-yatirim-firsatlari-3","status":"publish","type":"product","link":"https:\/\/roveyayinevi.com.tr\/index.php\/urun\/hazine-arazilerinde-yatirim-firsatlari-3\/","title":{"rendered":"Hazine Arazilerinde Yat\u0131r\u0131m F\u0131rsatlar\u0131"},"content":{"rendered":"<p>\u00dclkemizin i\u00e7inde bulundu\u011fu ekonomik ko\u015fullar gere\u011fi uygulanan i\u00e7 talebi azaltmaya d\u00f6n\u00fck s\u0131k\u0131la\u015ft\u0131r\u0131c\u0131 para politikas\u0131, hi\u00e7 \u015f\u00fcphesiz; maliye politikas\u0131 devreye sokularak \u00fcretim ve istihdam\u0131 artt\u0131r\u0131c\u0131 yat\u0131r\u0131mlar\u0131n te\u015fvik edilmesi ile ba\u015far\u0131l\u0131 olacakt\u0131r. Yat\u0131r\u0131m ve istihdam\u0131 artt\u0131r\u0131c\u0131 maliye politikas\u0131n\u0131n en \u00f6nemli ara\u00e7lar\u0131ndan birisi de hazine arazilerinin yat\u0131r\u0131m te\u015fvik sistemi i\u00e7inde veya d\u0131\u015f\u0131nda yat\u0131r\u0131mc\u0131lara uygun ko\u015fullarda verilerek yat\u0131r\u0131m yapma imkanlar\u0131n\u0131n artt\u0131r\u0131lmas\u0131d\u0131r. Hazine arsa ve arazilerinin yat\u0131r\u0131m ve istihdam\u0131n artt\u0131r\u0131lmas\u0131 amac\u0131yla yat\u0131r\u0131mc\u0131lara verilmesinde bir \u00e7ok y\u00f6ntem uygulanmakta olup bu y\u00f6ntemlerinde \u00e7er\u00e7evesi kanun, y\u00f6netmelik ve tebli\u011flerle belirlenmektedir. Bu t\u00fcr yasal d\u00fczenlemeler, s\u00fcre\u00e7 i\u00e7erisinde kar\u015f\u0131la\u015f\u0131lan sorunlar\u0131n ve yeni ihtiya\u00e7lar\u0131n giderilmesine d\u00f6n\u00fck olarak de\u011fi\u015ftirilebilmekte veya yeni d\u00fczenlemeler getirilebilmektedir. Yap\u0131lan de\u011fi\u015fiklikler ve yeni getirilen d\u00fczenlemelerin, okuyucu, uygulay\u0131c\u0131 ve yat\u0131r\u0131mc\u0131lar\u0131m\u0131za do\u011fru ve h\u0131zl\u0131 bir \u015fekilde ula\u015ft\u0131r\u0131lmas\u0131 amac\u0131yla, Hazine Arazilerinde Yat\u0131r\u0131m F\u0131rsatlar\u0131 adl\u0131 kitab\u0131m\u0131z\u0131 g\u00fcncellemi\u015f ve yenilemi\u015f bulunmaktay\u0131m. Kitab\u0131m\u0131z\u0131n bu bas\u0131m\u0131nda, Hazine arsa ve arazilerinin sat\u0131n al\u0131nmas\u0131, kiralanmas\u0131, Yat\u0131r\u0131m Te\u015fvik Sistemi i\u00e7inde yat\u0131r\u0131mc\u0131lar lehine irtifak hakk\u0131 tesis edilmesi veya kullanma izni verilmesi ile ta\u015f\u0131nmazlar\u0131n bedelsiz devredilmesine ili\u015fkin usul ve esaslar ayr\u0131nt\u0131lar\u0131 ile \u00e7ok soru gelmesi nedeniyle vak\u0131f, orman ve mera arazilerinin yat\u0131r\u0131m yapma ama\u00e7l\u0131 kiralama i\u015flemleri, g\u00fcncel mevzuat h\u00fck\u00fcmlerine g\u00f6re ayr\u0131nt\u0131l\u0131 a\u00e7\u0131klanm\u0131\u015ft\u0131r. Bu vesile ile; bu \u00e7al\u0131\u015fman\u0131n Y\u00fcce T\u00fcrk Milletine ula\u015ft\u0131r\u0131lmas\u0131na vesile olan ve katk\u0131lar\u0131n\u0131 esirgemeyen Astana Yay\u0131nlar\u0131\u2019n\u0131n t\u00fcm \u00e7al\u0131\u015fanlar\u0131na en i\u00e7ten sevgi, sayg\u0131 ve te\u015fekk\u00fcrlerimi sunar\u0131m.<\/p>\n","protected":false},"excerpt":{"rendered":"<p>\u00dclkemizin i\u00e7inde bulundu\u011fu ekonomik ko\u015fullar gere\u011fi uygulanan i\u00e7 talebi azaltmaya d\u00f6n\u00fck s\u0131k\u0131la\u015ft\u0131r\u0131c\u0131 para politikas\u0131, hi\u00e7 \u015f\u00fcphesiz; maliye politikas\u0131 devreye sokularak \u00fcretim ve istihdam\u0131 artt\u0131r\u0131c\u0131 yat\u0131r\u0131mlar\u0131n te\u015fvik<span class=\"excerpt-hellip\"> [\u2026]<\/span><\/p>\n","protected":false},"featured_media":0,"template":"","meta":{"_monsterinsights_skip_tracking":false,"_monsterinsights_sitenote_active":false,"_monsterinsights_sitenote_note":"","_monsterinsights_sitenote_category":0},"product_brand":[],"product_cat":[13043],"product_tag":[],"class_list":{"0":"post-764179","1":"product","2":"type-product","3":"status-publish","5":"product_cat-ekonomi","6":"pa_cilt-ciltsiz","7":"pa_tur-kitap","8":"pa_yayinevi-astana-yayinlari","9":"pa_yazar-hidayet-mat","11":"first","12":"instock","13":"sale","14":"shipping-taxable","15":"purchasable","16":"product-type-simple"},"_links":{"self":[{"href":"https:\/\/roveyayinevi.com.tr\/index.php\/wp-json\/wp\/v2\/product\/764179","targetHints":{"allow":["GET"]}}],"collection":[{"href":"https:\/\/roveyayinevi.com.tr\/index.php\/wp-json\/wp\/v2\/product"}],"about":[{"href":"https:\/\/roveyayinevi.com.tr\/index.php\/wp-json\/wp\/v2\/types\/product"}],"wp:attachment":[{"href":"https:\/\/roveyayinevi.com.tr\/index.php\/wp-json\/wp\/v2\/media?parent=764179"}],"wp:term":[{"taxonomy":"product_brand","embeddable":true,"href":"https:\/\/roveyayinevi.com.tr\/index.php\/wp-json\/wp\/v2\/product_brand?post=764179"},{"taxonomy":"product_cat","embeddable":true,"href":"https:\/\/roveyayinevi.com.tr\/index.php\/wp-json\/wp\/v2\/product_cat?post=764179"},{"taxonomy":"product_tag","embeddable":true,"href":"https:\/\/roveyayinevi.com.tr\/index.php\/wp-json\/wp\/v2\/product_tag?post=764179"}],"curies":[{"name":"wp","href":"https:\/\/api.w.org\/{rel}","templated":true}]}}