{"id":764176,"date":"2025-08-28T11:02:08","date_gmt":"2025-08-28T08:02:08","guid":{"rendered":"https:\/\/roveyayinevi.com.tr\/index.php\/urun\/sebze-meyve-ticaretinin-5957-sayili-kanun-nezdinde-denetimi-ve-bu-kapsamda-uygulanan-idari-yaptirimlara-iliskin-guncel-sorunlar\/"},"modified":"2026-04-15T03:29:53","modified_gmt":"2026-04-15T00:29:53","slug":"sebze-meyve-ticaretinin-5957-sayili-kanun-nezdinde-denetimi-ve-bu-kapsamda-uygulanan-idari-yaptirimlara-iliskin-guncel-sorunlar","status":"publish","type":"product","link":"https:\/\/roveyayinevi.com.tr\/index.php\/urun\/sebze-meyve-ticaretinin-5957-sayili-kanun-nezdinde-denetimi-ve-bu-kapsamda-uygulanan-idari-yaptirimlara-iliskin-guncel-sorunlar\/","title":{"rendered":"Sebze \u2013 Meyve Ticaretinin 5957 Say\u0131l\u0131 Kanun Nezdinde Denetimi ve Bu Kapsamda Uygulanan \u0130dari Yapt\u0131r\u0131mlara \u0130li\u015fkin G\u00fcncel Sorunlar"},"content":{"rendered":"<p>Marketlerden veya pazar yerlerinden temin etti\u011fimiz tar\u0131m \u00fcr\u00fcnlerine y\u00f6nelik ticaretin, \u00fcretimden t\u00fcketime kadarki s\u00fcre\u00e7te nas\u0131l denetlendi\u011fini merak ediyor musunuz? Bir zincir ma\u011fazan\u0131n herhangi bir reyonunda yer alan ya\u015f sebze veya meyveye ili\u015fkin olarak, \u00fcretici bilgisinden fiyat ge\u00e7mi\u015fine kadar bir\u00e7ok veriye eri\u015febilmenin m\u00fcmk\u00fcn oldu\u011funu biliyor muydunuz? \u00dcstelik bunun i\u00e7in ihtiyac\u0131n\u0131z olan \u015fey sadece bir \u201cak\u0131ll\u0131 telefon\u201d Perakende sat\u0131\u015f i\u015fi ile u\u011fra\u015fan bir esnaf \/ t\u00fcccar kimli\u011finiz olmasa bile, T\u00fcrkiye&#8217;deki t\u00fcm toptanc\u0131 hallerinden \u00fcr\u00fcn sat\u0131n alabilece\u011finizi, bunun kanundan kaynakl\u0131 bir hak oldu\u011funu daha \u00f6nce duymu\u015f muydunuz? Y\u00fcksek lisans d\u00f6nem projemden esinlenerek kaleme ald\u0131\u011f\u0131m bu kitap, \u00fclkemizdeki sebze \u2013 meyve ticaretine y\u00f6nelik denetim s\u00fcre\u00e7lerini, izlenebilirlik mekanizmalar\u0131n\u0131, bu kapsamda uygulanan idari yapt\u0131r\u0131mlar\u0131 ve g\u00fcncel sorunlar\u0131 ele almaktad\u0131r. \u0130\u00e7eri\u011finde \u00e7ok say\u0131da yarg\u0131 karar\u0131n\u0131 da bulabilece\u011finiz bu eserde hukuki terimlerin yaratt\u0131\u011f\u0131 karma\u015fadan uzak, sade ve basit bir anlat\u0131m tarz\u0131 benimsenmi\u015ftir. Bu y\u00f6n\u00fcyle, sekt\u00f6rde \u00e7al\u0131\u015fan uzmanlar, akademisyenler ve hukuk\u00e7ular\u0131n yan\u0131 s\u0131ra, konuya hassasiyet g\u00f6steren herkesin ilgisine sunulmu\u015f \u00f6nemli bir kaynak niteli\u011fi g\u00f6stermektedir. Keyifli okumalar!<\/p>\n","protected":false},"excerpt":{"rendered":"<p>Marketlerden veya pazar yerlerinden temin etti\u011fimiz tar\u0131m \u00fcr\u00fcnlerine y\u00f6nelik ticaretin, \u00fcretimden t\u00fcketime kadarki s\u00fcre\u00e7te nas\u0131l denetlendi\u011fini merak ediyor musunuz? Bir zincir ma\u011fazan\u0131n herhangi bir reyonunda yer<span class=\"excerpt-hellip\"> [\u2026]<\/span><\/p>\n","protected":false},"featured_media":0,"template":"","meta":{"_monsterinsights_skip_tracking":false,"_monsterinsights_sitenote_active":false,"_monsterinsights_sitenote_note":"","_monsterinsights_sitenote_category":0},"product_brand":[],"product_cat":[12457],"product_tag":[],"class_list":{"0":"post-764176","1":"product","2":"type-product","3":"status-publish","5":"product_cat-yemek-kitaplari","6":"pa_cilt-ciltsiz","7":"pa_tur-kitap","8":"pa_yayinevi-astana-yayinlari","9":"pa_yazar-serkan-aktepe","11":"first","12":"instock","13":"sale","14":"shipping-taxable","15":"purchasable","16":"product-type-simple"},"_links":{"self":[{"href":"https:\/\/roveyayinevi.com.tr\/index.php\/wp-json\/wp\/v2\/product\/764176","targetHints":{"allow":["GET"]}}],"collection":[{"href":"https:\/\/roveyayinevi.com.tr\/index.php\/wp-json\/wp\/v2\/product"}],"about":[{"href":"https:\/\/roveyayinevi.com.tr\/index.php\/wp-json\/wp\/v2\/types\/product"}],"wp:attachment":[{"href":"https:\/\/roveyayinevi.com.tr\/index.php\/wp-json\/wp\/v2\/media?parent=764176"}],"wp:term":[{"taxonomy":"product_brand","embeddable":true,"href":"https:\/\/roveyayinevi.com.tr\/index.php\/wp-json\/wp\/v2\/product_brand?post=764176"},{"taxonomy":"product_cat","embeddable":true,"href":"https:\/\/roveyayinevi.com.tr\/index.php\/wp-json\/wp\/v2\/product_cat?post=764176"},{"taxonomy":"product_tag","embeddable":true,"href":"https:\/\/roveyayinevi.com.tr\/index.php\/wp-json\/wp\/v2\/product_tag?post=764176"}],"curies":[{"name":"wp","href":"https:\/\/api.w.org\/{rel}","templated":true}]}}