{"id":764175,"date":"2025-08-28T11:02:07","date_gmt":"2025-08-28T08:02:07","guid":{"rendered":"https:\/\/roveyayinevi.com.tr\/index.php\/urun\/sistem-yaklasimi-perspektifinden-ulusal-guvenlik-iranin-nukleer-guc-politikasi\/"},"modified":"2026-04-15T03:29:53","modified_gmt":"2026-04-15T00:29:53","slug":"sistem-yaklasimi-perspektifinden-ulusal-guvenlik-iranin-nukleer-guc-politikasi","status":"publish","type":"product","link":"https:\/\/roveyayinevi.com.tr\/index.php\/urun\/sistem-yaklasimi-perspektifinden-ulusal-guvenlik-iranin-nukleer-guc-politikasi\/","title":{"rendered":"Sistem Yakla\u015f\u0131m\u0131 Perspektifinden Ulusal G\u00fcvenlik: \u0130ran&#8217;\u0131n N\u00fckleer G\u00fc\u00e7 Politikas\u0131"},"content":{"rendered":"<p>\u0130nsan\u0131n g\u00fcvenlik arzusu, ana rahmini terk edi\u015fiyle ba\u015flar ve son nefesini verinceye kadar t\u0131pk\u0131 sa\u011fl\u0131k, a\u015fk, onur, gurur gibi oralarda bir yerlerde ya\u015fam\u0131na e\u015flik eder. Asl\u0131nda bu \u00e7\u0131kar\u0131m ya\u015fam\u0131 ve evreni ama\u00e7lar \u00fczerinden okuyan teleoloji felsefesini takip eden t\u00fcm akt\u00f6rler i\u00e7in ge\u00e7erlidir. Dolay\u0131s\u0131yla devletler de g\u00fcvenlik tutkusunun pe\u015finden giderler. Bu kadar ger\u00e7ek olmas\u0131na ra\u011fmen g\u00fcvenlik olgusu i\u00e7inde bar\u0131nd\u0131rd\u0131\u011f\u0131 paradokslarla tan\u0131mlanma giri\u015fimlerine meydan okur. Bu meydan okuyu\u015f uluslararas\u0131 ili\u015fkilerin alt disiplini olarak g\u00fcvenlik \u00e7al\u0131\u015fmalar\u0131n\u0131 da tart\u0131\u015fmal\u0131 bir alana \u00e7eker. Disiplinler aras\u0131 mu\u011flak bir olguyla \u00e7al\u0131\u015fmak s\u0131n\u0131rlar\u0131 belirsiz problemli bir do\u011fayla da y\u00fczle\u015fmek anlam\u0131na gelir. Bu noktada elinizdeki kitap, kuramlar\u0131n kavramlar\u0131n\u0131 anlaml\u0131 bir b\u00fct\u00fcn olu\u015fturacak \u015fekilde sistem modelinde konumland\u0131rarak g\u00fcvenli\u011fin analizine bir y\u00f6ntem sunmaktad\u0131r. Y\u00f6ntemi a\u00e7\u0131klamak \u00fczere \u0130ran\u2019\u0131n n\u00fckleer g\u00fc\u00e7 olma politikas\u0131na \u00f6rnek olay kapsam\u0131nda yer verilmektedir. Ulusal g\u00fcvenlikte sistem yakla\u015f\u0131m\u0131 olarak isimlendirilen model, ulusal g\u00fcvenlik politikalar\u0131na ilgi duyulanlar i\u00e7in bir rehber ve karar vericiler i\u00e7in bir yol haritas\u0131 sunmaktad\u0131r. Ayr\u0131ca modelde yer alan bile\u015fenlerin kavram ve kuramlar\u0131na kapsaml\u0131 bir a\u00e7\u0131klama getiren kitap, g\u00fcvenlik \u00e7al\u0131\u015fmalar\u0131 alan\u0131nda bir ba\u015fvuru kayna\u011f\u0131 olma iddias\u0131 ta\u015f\u0131maktad\u0131r. Bir nebze olsa da katk\u0131 sa\u011flamas\u0131 \u00fcmidiyle\u2026<\/p>\n","protected":false},"excerpt":{"rendered":"<p>\u0130nsan\u0131n g\u00fcvenlik arzusu, ana rahmini terk edi\u015fiyle ba\u015flar ve son nefesini verinceye kadar t\u0131pk\u0131 sa\u011fl\u0131k, a\u015fk, onur, gurur gibi oralarda bir yerlerde ya\u015fam\u0131na e\u015flik eder. Asl\u0131nda<span class=\"excerpt-hellip\"> [\u2026]<\/span><\/p>\n","protected":false},"featured_media":0,"template":"","meta":{"_monsterinsights_skip_tracking":false,"_monsterinsights_sitenote_active":false,"_monsterinsights_sitenote_note":"","_monsterinsights_sitenote_category":0},"product_brand":[],"product_cat":[12338,12337],"product_tag":[],"class_list":{"0":"post-764175","1":"product","2":"type-product","3":"status-publish","5":"product_cat-dunya-siyaseti-ve-politikasi","6":"product_cat-politika-siyaset","7":"pa_cilt-ciltsiz","8":"pa_tur-kitap","9":"pa_yayinevi-astana-yayinlari","10":"pa_yazar-hakki-bahadir-ozturk","12":"first","13":"instock","14":"sale","15":"shipping-taxable","16":"purchasable","17":"product-type-simple"},"_links":{"self":[{"href":"https:\/\/roveyayinevi.com.tr\/index.php\/wp-json\/wp\/v2\/product\/764175","targetHints":{"allow":["GET"]}}],"collection":[{"href":"https:\/\/roveyayinevi.com.tr\/index.php\/wp-json\/wp\/v2\/product"}],"about":[{"href":"https:\/\/roveyayinevi.com.tr\/index.php\/wp-json\/wp\/v2\/types\/product"}],"wp:attachment":[{"href":"https:\/\/roveyayinevi.com.tr\/index.php\/wp-json\/wp\/v2\/media?parent=764175"}],"wp:term":[{"taxonomy":"product_brand","embeddable":true,"href":"https:\/\/roveyayinevi.com.tr\/index.php\/wp-json\/wp\/v2\/product_brand?post=764175"},{"taxonomy":"product_cat","embeddable":true,"href":"https:\/\/roveyayinevi.com.tr\/index.php\/wp-json\/wp\/v2\/product_cat?post=764175"},{"taxonomy":"product_tag","embeddable":true,"href":"https:\/\/roveyayinevi.com.tr\/index.php\/wp-json\/wp\/v2\/product_tag?post=764175"}],"curies":[{"name":"wp","href":"https:\/\/api.w.org\/{rel}","templated":true}]}}