{"id":764172,"date":"2025-08-28T11:02:02","date_gmt":"2025-08-28T08:02:02","guid":{"rendered":"https:\/\/roveyayinevi.com.tr\/index.php\/urun\/emperyalistlerin-hizmetinde-ermeniler-donemin-gazetelerine-gore-guney-cephesinde-ermeni-cetelerinin-yaptigi-katliamlar-1919-1921\/"},"modified":"2026-04-15T03:29:53","modified_gmt":"2026-04-15T00:29:53","slug":"emperyalistlerin-hizmetinde-ermeniler-donemin-gazetelerine-gore-guney-cephesinde-ermeni-cetelerinin-yaptigi-katliamlar-1919-1921","status":"publish","type":"product","link":"https:\/\/roveyayinevi.com.tr\/index.php\/urun\/emperyalistlerin-hizmetinde-ermeniler-donemin-gazetelerine-gore-guney-cephesinde-ermeni-cetelerinin-yaptigi-katliamlar-1919-1921\/","title":{"rendered":"Emperyalistlerin Hizmetinde Ermeniler &#8211; D\u00f6nemin Gazetelerine G\u00f6re G\u00fcney Cephesinde Ermeni \u00c7etelerinin Yapt\u0131\u011f\u0131 Katliamlar (1919-1921)"},"content":{"rendered":"<p>Bu \u00e7al\u0131\u015fma, Milli M\u00fccadele bas\u0131n\u0131 \u00fczerinde G\u00fcney Cephesi Ermeni olaylar\u0131na tarihsel ara\u015ft\u0131rma y\u00f6ntemiyle e\u011filmeyi ama\u00e7layan bir \u00e7al\u0131\u015fmad\u0131r. \u00c7al\u0131\u015fmam\u0131zda gazetelerde yer alan Ermeni olaylar\u0131 ile ilgili haberleri, tarih ara\u015ft\u0131rmalar\u0131na katk\u0131s\u0131 a\u00e7\u0131s\u0131ndan inceleyip, olaylar\u0131n meydana geldi\u011fi d\u00f6nemi de g\u00f6z \u00f6n\u00fcnde bulundurmak suretiyle yapt\u0131\u011f\u0131m\u0131z de\u011ferlendirmeler \u0131\u015f\u0131\u011f\u0131nda bir sonuca varmaya \u00e7al\u0131\u015ft\u0131k. \u00c7al\u0131\u015fmam\u0131z\u0131n, Mill\u00ee M\u00fccadele d\u00f6nemine ili\u015fkin bas\u0131n incelemesine dayal\u0131 ara\u015ft\u0131rmalar\u0131n eksikli\u011finden dolay\u0131, bu alana katk\u0131da bulunmas\u0131 umudunday\u0131z. 19. Y\u00fczy\u0131lda ortaya \u00e7\u0131kan Ermeni sorunu b\u00fcy\u00fck devletlerin, \u00f6zellikle de Rusya\u2019n\u0131n ve \u0130ngiltere\u2019nin \u00e7al\u0131\u015fmalar\u0131yla uluslararas\u0131 bir karakter kazanm\u0131\u015ft\u0131r. Osmanl\u0131 Devleti i\u00e7indeki di\u011fer az\u0131nl\u0131klar gibi Ermenileri de etkileyen milliyet\u00e7ilik ak\u0131m\u0131, b\u00fcy\u00fck devletlerin s\u00f6m\u00fcrgecilik yar\u0131\u015f\u0131nda k\u00fc\u00e7\u00fck uluslar\u0131 piyon olarak kullanmalar\u0131, Ermenileri devlete kar\u015f\u0131 isyana sevk eden \u00f6nemli nedenlerdendir. Rusya, tarihi emeli olan s\u0131cak denizlere inmek, \u0130ngiltere de Hindistan ve Uzak Do\u011fu\u2019daki s\u00f6m\u00fcrgelerine ula\u015facak g\u00fcvenli bir yol i\u00e7in Ermenileri kullanm\u0131\u015flard\u0131r. Rusya ve \u0130ngiltere\u2019nin yan\u0131nda, Fransa da emperyalist ama\u00e7lar\u0131 i\u00e7in Ermenileri \u00c7ukurova b\u00f6lgesinde piyon olarak kullanm\u0131\u015ft\u0131r. O d\u00f6nemde Ta\u015fnak ve H\u0131n\u00e7ak sonras\u0131nda da ASALA bug\u00fcn de PKK emperyalistlerin hizmetindeki ter\u00f6r \u00f6rg\u00fctleridir. Ba\u015fka bir ifadeyle bu ter\u00f6r \u00f6rg\u00fctleri emperyalistlerin T\u00fcrkiye\u2019deki ta\u015feronlar\u0131d\u0131r. Birinci D\u00fcnya Sava\u015f\u0131 s\u0131ras\u0131nda Do\u011fu Anadolu\u2019da b\u00fcy\u00fck boyutlara varan Ermeni isyan ve olaylar\u0131, sava\u015f sonras\u0131nda imzalanan Mondros M\u00fctarekesi\u2019nden sonra G\u00fcney Cephesi\u2019nde yo\u011funluk kazanm\u0131\u015ft\u0131r. Ancak emellerine ula\u015famayan emperyalistler ve ta\u015feronlar\u0131 Ermeniler Kurtulu\u015f Sava\u015f\u0131 sonunda Anadolu\u2019yu terk etmek zorunda kalm\u0131\u015flard\u0131r. D\u00fcnya Ermeni sorununu, Ermenilerin anlatt\u0131\u011f\u0131 \u015fekilde \u00f6\u011frendi ve onlar\u0131n ma\u011fdur oldu\u011funa inand\u0131. Beh\u00e7et Kemal Ye\u015filbursa&#8217;n\u0131n bu eseri ise, ger\u00e7ek ma\u011fdurun M\u00fcsl\u00fcman T\u00fcrk halk\u0131 oldu\u011funu d\u00f6nemin bas\u0131n\u0131n\u0131n tan\u0131kl\u0131\u011f\u0131 ile g\u00f6zler \u00f6n\u00fcne seriyor. Adana, Antep, Urfa ve Mara\u015f M\u00fcsl\u00fcmanlar\u0131n\u0131n u\u011frad\u0131\u011f\u0131 mezalim ve katliamlar\u0131 b\u00fct\u00fcn \u00e7\u0131plakl\u0131\u011f\u0131 ile anlatan bu esere, T\u00fcrk-Ermeni ili\u015fkilerinin tarihi geli\u015fimi hakk\u0131nda gayet anla\u015f\u0131labilir bir giri\u015f e\u015flik etmi\u015f olmas\u0131 ayr\u0131ca kayda de\u011ferdir. Prof. Dr. Kemal \u00c7i\u00e7ek<\/p>\n","protected":false},"excerpt":{"rendered":"<p>Bu \u00e7al\u0131\u015fma, Milli M\u00fccadele bas\u0131n\u0131 \u00fczerinde G\u00fcney Cephesi Ermeni olaylar\u0131na tarihsel ara\u015ft\u0131rma y\u00f6ntemiyle e\u011filmeyi ama\u00e7layan bir \u00e7al\u0131\u015fmad\u0131r. \u00c7al\u0131\u015fmam\u0131zda gazetelerde yer alan Ermeni olaylar\u0131 ile ilgili haberleri,<span class=\"excerpt-hellip\"> [\u2026]<\/span><\/p>\n","protected":false},"featured_media":0,"template":"","meta":{"_monsterinsights_skip_tracking":false,"_monsterinsights_sitenote_active":false,"_monsterinsights_sitenote_note":"","_monsterinsights_sitenote_category":0},"product_brand":[],"product_cat":[12337],"product_tag":[],"class_list":{"0":"post-764172","1":"product","2":"type-product","3":"status-publish","5":"product_cat-politika-siyaset","6":"pa_cilt-ciltsiz","7":"pa_tur-kitap","8":"pa_yayinevi-astana-yayinlari","9":"pa_yazar-prof-dr-behcet-kemal-yesilbursa","11":"first","12":"instock","13":"sale","14":"shipping-taxable","15":"purchasable","16":"product-type-simple"},"_links":{"self":[{"href":"https:\/\/roveyayinevi.com.tr\/index.php\/wp-json\/wp\/v2\/product\/764172","targetHints":{"allow":["GET"]}}],"collection":[{"href":"https:\/\/roveyayinevi.com.tr\/index.php\/wp-json\/wp\/v2\/product"}],"about":[{"href":"https:\/\/roveyayinevi.com.tr\/index.php\/wp-json\/wp\/v2\/types\/product"}],"wp:attachment":[{"href":"https:\/\/roveyayinevi.com.tr\/index.php\/wp-json\/wp\/v2\/media?parent=764172"}],"wp:term":[{"taxonomy":"product_brand","embeddable":true,"href":"https:\/\/roveyayinevi.com.tr\/index.php\/wp-json\/wp\/v2\/product_brand?post=764172"},{"taxonomy":"product_cat","embeddable":true,"href":"https:\/\/roveyayinevi.com.tr\/index.php\/wp-json\/wp\/v2\/product_cat?post=764172"},{"taxonomy":"product_tag","embeddable":true,"href":"https:\/\/roveyayinevi.com.tr\/index.php\/wp-json\/wp\/v2\/product_tag?post=764172"}],"curies":[{"name":"wp","href":"https:\/\/api.w.org\/{rel}","templated":true}]}}