{"id":764171,"date":"2025-08-28T11:02:01","date_gmt":"2025-08-28T08:02:01","guid":{"rendered":"https:\/\/roveyayinevi.com.tr\/index.php\/urun\/kelam-ozgurluk-teorisi\/"},"modified":"2026-04-15T03:29:53","modified_gmt":"2026-04-15T00:29:53","slug":"kelam-ozgurluk-teorisi","status":"publish","type":"product","link":"https:\/\/roveyayinevi.com.tr\/index.php\/urun\/kelam-ozgurluk-teorisi\/","title":{"rendered":"Kelam \u00d6zg\u00fcrl\u00fck Teorisi"},"content":{"rendered":"<p>Eserin meselesi din \u00f6zg\u00fcrl\u00fc\u011f\u00fcd\u00fcr. Kur\u2019an-\u0131 Kerim semav\u00ee olsun, olmas\u0131n her inanca din demi\u015ftir. O halde her inan\u00e7 ya\u015fama hakk\u0131na sahiptir. Fakat Kur\u2019an M\u00fcsl\u00fcmanlara akl\u0131 kullanarak <b>delil<\/b> bulmay\u0131 tavsiye etmi\u015ftir. Ak\u0131lc\u0131 olmas\u0131 ve delile dayanmas\u0131 dolay\u0131s\u0131ylad\u0131r ki \u0130slam, Allah kat\u0131nda tek makbul\/hak dindir. G\u00fcn\u00fcm\u00fczde dinin \u00f6zg\u00fcrl\u00fckle icra edilmesinde en temelde iki engel bulunmaktad\u0131r. Bunlar; i\u00e7tima\u00ee hayatta kar\u015f\u0131m\u0131za \u00e7\u0131kan k\u00f6lelik kurumu ve bireysel planda ki\u015filerin taassubudur. K\u00f6leli\u011fin do\u011fu\u015fundan ilg\u00e2s\u0131na ge\u00e7en s\u00fcre\u00e7te g\u00f6z ard\u0131 edilemeyecek m\u00fcktesebat olu\u015fmu\u015ftur. K\u00f6leli\u011fi ger\u00e7ekten ortadan kald\u0131rm\u0131\u015f toplumlar, ifrat ve tefrit \u201csavrulmalar\u0131n\u0131n\u201d \u00fcstesinden gelmi\u015f bireylerden olu\u015fuyorsa mutedil bir anlay\u0131\u015fla dini \u00f6zg\u00fcrl\u00fckleri ya\u015fama alan\u0131 yarat\u0131lm\u0131\u015f demektir. Mesele, Kur\u2019an\u2019\u0131 idrak meselesidir. \u0130drakin s\u0131n\u0131rlar\u0131 ba\u015fka bir ifadeyle ki\u015finin Kur\u2019an\u2019dan nasibini belirleyen unsurlar ise ki\u015finin ilimden, irfandan, hikmetten, adetten, \u00f6rften, haktan ve hukuktan, ticaretten, k\u00fclt\u00fcrden, sanattan ve spordan k\u0131saca hayat\u0131n dinamiklerinden anlad\u0131\u011f\u0131 ve anlamland\u0131rd\u0131\u011f\u0131 kadard\u0131r.<\/p>\n","protected":false},"excerpt":{"rendered":"<p>Eserin meselesi din \u00f6zg\u00fcrl\u00fc\u011f\u00fcd\u00fcr. Kur\u2019an-\u0131 Kerim semav\u00ee olsun, olmas\u0131n her inanca din demi\u015ftir. O halde her inan\u00e7 ya\u015fama hakk\u0131na sahiptir. Fakat Kur\u2019an M\u00fcsl\u00fcmanlara akl\u0131 kullanarak delil<span class=\"excerpt-hellip\"> [\u2026]<\/span><\/p>\n","protected":false},"featured_media":0,"template":"","meta":{"_monsterinsights_skip_tracking":false,"_monsterinsights_sitenote_active":false,"_monsterinsights_sitenote_note":"","_monsterinsights_sitenote_category":0},"product_brand":[],"product_cat":[12718,12719],"product_tag":[],"class_list":{"0":"post-764171","1":"product","2":"type-product","3":"status-publish","5":"product_cat-din","6":"product_cat-islam","7":"pa_cilt-ciltsiz","8":"pa_tur-kitap","9":"pa_yayinevi-astana-yayinlari","10":"pa_yazar-mustafa-baris","12":"first","13":"instock","14":"sale","15":"shipping-taxable","16":"purchasable","17":"product-type-simple"},"_links":{"self":[{"href":"https:\/\/roveyayinevi.com.tr\/index.php\/wp-json\/wp\/v2\/product\/764171","targetHints":{"allow":["GET"]}}],"collection":[{"href":"https:\/\/roveyayinevi.com.tr\/index.php\/wp-json\/wp\/v2\/product"}],"about":[{"href":"https:\/\/roveyayinevi.com.tr\/index.php\/wp-json\/wp\/v2\/types\/product"}],"wp:attachment":[{"href":"https:\/\/roveyayinevi.com.tr\/index.php\/wp-json\/wp\/v2\/media?parent=764171"}],"wp:term":[{"taxonomy":"product_brand","embeddable":true,"href":"https:\/\/roveyayinevi.com.tr\/index.php\/wp-json\/wp\/v2\/product_brand?post=764171"},{"taxonomy":"product_cat","embeddable":true,"href":"https:\/\/roveyayinevi.com.tr\/index.php\/wp-json\/wp\/v2\/product_cat?post=764171"},{"taxonomy":"product_tag","embeddable":true,"href":"https:\/\/roveyayinevi.com.tr\/index.php\/wp-json\/wp\/v2\/product_tag?post=764171"}],"curies":[{"name":"wp","href":"https:\/\/api.w.org\/{rel}","templated":true}]}}