{"id":764169,"date":"2025-08-28T11:01:58","date_gmt":"2025-08-28T08:01:58","guid":{"rendered":"https:\/\/roveyayinevi.com.tr\/index.php\/urun\/yahudilikte-oteki-bir-seytanlastirma-surecinin-teo-politigi\/"},"modified":"2026-04-15T03:29:53","modified_gmt":"2026-04-15T00:29:53","slug":"yahudilikte-oteki-bir-seytanlastirma-surecinin-teo-politigi","status":"publish","type":"product","link":"https:\/\/roveyayinevi.com.tr\/index.php\/urun\/yahudilikte-oteki-bir-seytanlastirma-surecinin-teo-politigi\/","title":{"rendered":"Yahudilikte \u00d6teki Bir \u015eeytanla\u015ft\u0131rma S\u00fcrecinin Teo-Politi\u011fi"},"content":{"rendered":"<p>\u05d5\u05b0\u05d4\u05b8\u05bd\u05dc\u05b0\u05db\u059e\u05d5\u05bc \u05e2\u05b7\u05de\u05bc\u05b4\u05a3\u05d9\u05dd \u05e8\u05b7\u05d1\u05bc\u05b4\u0597\u05d9\u05dd \u05d5\u05b0\u05d0\u05b8\u05bd\u05de\u05b0\u05e8\u05d5\u05bc\u0599 \u05dc\u05b0\u05db\u05a3\u05d5\u05bc | \u05d5\u05b0\u05e0\u05b7\u05bd\u05e2\u05b2\u05dc\u05b6\u05a3\u05d4 \u05d0\u05b6\u05dc\u05be\u05d4\u05b7\u05e8\u05be\u05d9\u05b0\u05d4\u05b9\u05d5\u05b8\u0597\u05d4 \u05d0\u05b6\u05dc\u05be\u05d1\u05bc\u05b5\u05d9\u05ea\u0599 \u05d0\u05b1\u05dc\u05b9\u05d4\u05b5\u05a3\u05d9 \u05d9\u05b7\u05bd\u05e2\u05b2\u05e7\u05b9\u0594\u05d1 \u05d5\u05b0\u05d9\u05b9\u05e8\u05b5\u0599\u05e0\u05d5\u05bc\u0599 \u05de\u05b4\u05d3\u05bc\u05b0\u05e8\u05b8\u05db\u05b8\u0594\u05d9\u05d5 \u05d5\u05b0\u05e0\u05b5\u05bd\u05dc\u05b0\u05db\u05b8\u0596\u05d4 \u05d1\u05bc\u05b0\u05d0\u05b9\u05bd\u05e8\u05b0\u05d7\u05b9\u05ea\u05b8\u0591\u05d9\u05d5 \u05db\u05bc\u05b4\u059a\u05d9 \u05de\u05b4\u05e6\u05bc\u05b4\u05d9\u05bc\u05d5\u05b9\u05df\u0599 \u05ea\u05bc\u05b5\u05e6\u05b5\u05a3\u05d0 \u05ea\u05d5\u05b9\u05e8\u05b8\u0594\u05d4 \u05d5\u05bc\u05d3\u05b0\u05d1\u05b7\u05e8\u05be\u05d9\u05b0\u05d4\u05b9\u05d5\u05b8\u0596\u05d4 \u05de\u05b4\u05d9\u05e8\u05bd\u05d5\u05bc\u05e9\u05c1\u05b8\u05dc\u05b8\u05bd\u05b4\u05dd:&#8221;\u0130srail rabbe mukaddes, mahsul\u00fcn\u00fcn turfandas\u0131 idi; onu yiyenlerin hepsi su\u00e7lu tutulur, \u00fczerlerine bela gelirdi&#8221;. \u0130\u015faya 2:3Yahudi kendinden ba\u015fkas\u0131n\u0131 &#8220;insan&#8221; kendi dininden ba\u015fkas\u0131n\u0131 &#8220;hakikat&#8221; kendi topra\u011f\u0131ndan ba\u015fkas\u0131n\u0131 &#8220;mukaddes yer&#8221; t\u00fcm &#8220;d\u00fcnyay\u0131&#8221;  ba\u015fkas\u0131na verilmi\u015f g\u00f6rmez&#8230;.<\/p>\n","protected":false},"excerpt":{"rendered":"<p>\u05d5\u05b0\u05d4\u05b8\u05bd\u05dc\u05b0\u05db\u059e\u05d5\u05bc \u05e2\u05b7\u05de\u05bc\u05b4\u05a3\u05d9\u05dd \u05e8\u05b7\u05d1\u05bc\u05b4\u0597\u05d9\u05dd \u05d5\u05b0\u05d0\u05b8\u05bd\u05de\u05b0\u05e8\u05d5\u05bc\u0599 \u05dc\u05b0\u05db\u05a3\u05d5\u05bc | \u05d5\u05b0\u05e0\u05b7\u05bd\u05e2\u05b2\u05dc\u05b6\u05a3\u05d4 \u05d0\u05b6\u05dc\u05be\u05d4\u05b7\u05e8\u05be\u05d9\u05b0\u05d4\u05b9\u05d5\u05b8\u0597\u05d4 \u05d0\u05b6\u05dc\u05be\u05d1\u05bc\u05b5\u05d9\u05ea\u0599 \u05d0\u05b1\u05dc\u05b9\u05d4\u05b5\u05a3\u05d9 \u05d9\u05b7\u05bd\u05e2\u05b2\u05e7\u05b9\u0594\u05d1 \u05d5\u05b0\u05d9\u05b9\u05e8\u05b5\u0599\u05e0\u05d5\u05bc\u0599 \u05de\u05b4\u05d3\u05bc\u05b0\u05e8\u05b8\u05db\u05b8\u0594\u05d9\u05d5 \u05d5\u05b0\u05e0\u05b5\u05bd\u05dc\u05b0\u05db\u05b8\u0596\u05d4 \u05d1\u05bc\u05b0\u05d0\u05b9\u05bd\u05e8\u05b0\u05d7\u05b9\u05ea\u05b8\u0591\u05d9\u05d5 \u05db\u05bc\u05b4\u059a\u05d9 \u05de\u05b4\u05e6\u05bc\u05b4\u05d9\u05bc\u05d5\u05b9\u05df\u0599 \u05ea\u05bc\u05b5\u05e6\u05b5\u05a3\u05d0 \u05ea\u05d5\u05b9\u05e8\u05b8\u0594\u05d4 \u05d5\u05bc\u05d3\u05b0\u05d1\u05b7\u05e8\u05be\u05d9\u05b0\u05d4\u05b9\u05d5\u05b8\u0596\u05d4 \u05de\u05b4\u05d9\u05e8\u05bd\u05d5\u05bc\u05e9\u05c1\u05b8\u05dc\u05b8\u05bd\u05b4\u05dd:&#8221;\u0130srail rabbe mukaddes, mahsul\u00fcn\u00fcn turfandas\u0131 idi;<span class=\"excerpt-hellip\"> [\u2026]<\/span><\/p>\n","protected":false},"featured_media":0,"template":"","meta":{"_monsterinsights_skip_tracking":false,"_monsterinsights_sitenote_active":false,"_monsterinsights_sitenote_note":"","_monsterinsights_sitenote_category":0},"product_brand":[],"product_cat":[12718,12858],"product_tag":[],"class_list":{"0":"post-764169","1":"product","2":"type-product","3":"status-publish","5":"product_cat-din","6":"product_cat-mitolojiler","7":"pa_cilt-ciltsiz","8":"pa_tur-kitap","9":"pa_yayinevi-astana-yayinlari","10":"pa_yazar-dr-hamza-uzum","12":"first","13":"instock","14":"sale","15":"shipping-taxable","16":"purchasable","17":"product-type-simple"},"_links":{"self":[{"href":"https:\/\/roveyayinevi.com.tr\/index.php\/wp-json\/wp\/v2\/product\/764169","targetHints":{"allow":["GET"]}}],"collection":[{"href":"https:\/\/roveyayinevi.com.tr\/index.php\/wp-json\/wp\/v2\/product"}],"about":[{"href":"https:\/\/roveyayinevi.com.tr\/index.php\/wp-json\/wp\/v2\/types\/product"}],"wp:attachment":[{"href":"https:\/\/roveyayinevi.com.tr\/index.php\/wp-json\/wp\/v2\/media?parent=764169"}],"wp:term":[{"taxonomy":"product_brand","embeddable":true,"href":"https:\/\/roveyayinevi.com.tr\/index.php\/wp-json\/wp\/v2\/product_brand?post=764169"},{"taxonomy":"product_cat","embeddable":true,"href":"https:\/\/roveyayinevi.com.tr\/index.php\/wp-json\/wp\/v2\/product_cat?post=764169"},{"taxonomy":"product_tag","embeddable":true,"href":"https:\/\/roveyayinevi.com.tr\/index.php\/wp-json\/wp\/v2\/product_tag?post=764169"}],"curies":[{"name":"wp","href":"https:\/\/api.w.org\/{rel}","templated":true}]}}