{"id":764168,"date":"2025-08-28T11:01:57","date_gmt":"2025-08-28T08:01:57","guid":{"rendered":"https:\/\/roveyayinevi.com.tr\/index.php\/urun\/turk-dis-politikasi-yazilari-cumhuriyetin-yuzuncu-yilina-armagan\/"},"modified":"2026-04-15T03:29:53","modified_gmt":"2026-04-15T00:29:53","slug":"turk-dis-politikasi-yazilari-cumhuriyetin-yuzuncu-yilina-armagan","status":"publish","type":"product","link":"https:\/\/roveyayinevi.com.tr\/index.php\/urun\/turk-dis-politikasi-yazilari-cumhuriyetin-yuzuncu-yilina-armagan\/","title":{"rendered":"T\u00fcrk D\u0131\u015f Politikas\u0131 Yaz\u0131lar\u0131 &#8211; Cumhuriyetin Y\u00fcz\u00fcnc\u00fc Y\u0131l\u0131na Arma\u011fan"},"content":{"rendered":"<p>T\u00fcrkiye Cumhuriyeti, Birinci D\u00fcnya Sava\u015f\u0131\u2019n\u0131n y\u0131k\u0131m ve ke\u015fmeke\u015fi i\u00e7inde; kendisine verilmek istenmeyen Do\u011fu Trakya ve Anadolu topraklar\u0131ndaki h\u00e2kimiyeti, hem sava\u015f meydan\u0131ndaki zaferler hem de diplomasi sahas\u0131ndaki galibiyetlerle yeniden m\u00fch\u00fcrleyen Gazi Mustafa Kemal Atat\u00fcrk liderli\u011findeki T\u00fcrk milletinin mucizevi ba\u015far\u0131s\u0131d\u0131r. G\u00f6rkemli Osmanl\u0131 \u0130mparatorlu\u011fu\u2019nun yakla\u015f\u0131k 200 y\u0131l s\u00fcren \u00e7\u00f6k\u00fc\u015f s\u00fcrecinin ard\u0131ndan; sanayile\u015fmi\u015f \u00fclkelerle giri\u015filen gecikmeli bir yar\u0131\u015f, e\u011fitim ve \u00f6\u011fretimde ba\u015flat\u0131lm\u0131\u015f muazzam bir seferberlik, bilginin ve y\u00fckselmenin toplumsalla\u015fmas\u0131 istikametinde at\u0131lan dev ad\u0131mlar, refah\u0131n b\u00f6l\u00fc\u015f\u00fcm\u00fc, f\u0131rsat e\u015fitli\u011fi, yerli sermayenin geli\u015ftirilmesi gibi o d\u00f6nem i\u00e7in a\u015f\u0131lmas\u0131 zor e\u015fikler ge\u00e7ilerek bug\u00fcn\u00fcn g\u00fc\u00e7l\u00fc T\u00fcrkiyesine gelinebilmi\u015ftir. Cumhuriyetin onuncu y\u0131ld\u00f6n\u00fcm\u00fc kutlamalar\u0131na kadar d\u00fcnya devletlerinin \u00f6nemli bir k\u0131sm\u0131n\u0131n Cumhuriyet ba\u015far\u0131s\u0131na inanmakta zorlanarak Ankara\u2019da diplomatik temsilciliklerini a\u00e7mam\u0131\u015f olduklar\u0131, adeta \u201cdur bakal\u0131m ne olacak?\u201d diye seyrettikleri hat\u0131rlardad\u0131r. Binlerce y\u0131ll\u0131k T\u00fcrk tarihinin yeni ve \u015ferefli bir sayfas\u0131 olan \u201cCumhuriyet\u201din devletler d\u00fcnyas\u0131nda k\u0131dem al\u0131\u015f\u0131, t\u00fcrl\u00fc zorluklar\u0131n a\u015f\u0131ld\u0131\u011f\u0131 ba\u015far\u0131larla \u00f6r\u00fcl\u00fcd\u00fcr. Cumhuriyetin 100. y\u0131l\u0131nda T\u00fcrkiye, bir k\u00fcresel g\u00fc\u00e7 olmamakla birlikte bir b\u00f6lgesel g\u00fc\u00e7 oldu\u011fu konusunda di\u011fer akt\u00f6rlerin ku\u015fku duymad\u0131\u011f\u0131, dostlu\u011fu istenen ve d\u00fc\u015fmanl\u0131\u011f\u0131 arzu edilmeyen bir devlet olabilmi\u015ftir. \u015e\u00fcphesiz, k\u0131s\u0131r i\u00e7 tart\u0131\u015fmalarla, kamu d\u00fczenini ve toplum huzurunu baltalamaya d\u00f6n\u00fck d\u0131\u015f destekli faaliyetlerle, rejim\/devlet d\u00fc\u015fman\u0131 \u00e7evrelerin muhtelif faaliyetleriyle, demokrasiye yap\u0131lm\u0131\u015f t\u00fcrl\u00fc m\u00fcdahaleler, darbeler ve darbe giri\u015fimleriyle y\u0131llar arz\u0131nda heba olmu\u015f enerjisi, bunlardan kaynaklanan toplumsal ve idari tahribatlar\u0131 mevcuttur. Bununla birlikte devletlerin g\u00fc\u00e7 kapasiteleri bak\u0131m\u0131ndan esas kabul edilen niteliksel ve niceliksel unsurlar ba\u011flam\u0131nda az\u0131msanacak\/g\u00f6rmezden gelinebilecek bir akt\u00f6r olmad\u0131\u011f\u0131 da a\u00e7\u0131k\u00e7a g\u00f6r\u00fclmektedir. T\u00fcrkiye Cumhuriyeti ikinci y\u00fcz y\u0131l\u0131na girerken, bu \u00f6nemli d\u00f6nemece bir mim koymadan edemezdik. Cumhuriyetin ilelebet ya\u015fayaca\u011f\u0131na olan inan\u00e7la, \u00f6nemli konu ba\u015fl\u0131klar\u0131n\u0131 kapsayan bu eserin T\u00fcrk d\u0131\u015f politikas\u0131 okurlar\u0131 i\u00e7in faydal\u0131 olmas\u0131n\u0131 dileriz.<\/p>\n","protected":false},"excerpt":{"rendered":"<p>T\u00fcrkiye Cumhuriyeti, Birinci D\u00fcnya Sava\u015f\u0131\u2019n\u0131n y\u0131k\u0131m ve ke\u015fmeke\u015fi i\u00e7inde; kendisine verilmek istenmeyen Do\u011fu Trakya ve Anadolu topraklar\u0131ndaki h\u00e2kimiyeti, hem sava\u015f meydan\u0131ndaki zaferler hem de diplomasi sahas\u0131ndaki<span class=\"excerpt-hellip\"> [\u2026]<\/span><\/p>\n","protected":false},"featured_media":0,"template":"","meta":{"_monsterinsights_skip_tracking":false,"_monsterinsights_sitenote_active":false,"_monsterinsights_sitenote_note":"","_monsterinsights_sitenote_category":0},"product_brand":[],"product_cat":[13590,12337],"product_tag":[],"class_list":{"0":"post-764168","1":"product","2":"type-product","3":"status-publish","5":"product_cat-arastirma-inceleme-politika-siyaset","6":"product_cat-politika-siyaset","7":"pa_cilt-ciltsiz","8":"pa_tur-kitap","9":"pa_yayinevi-astana-yayinlari","10":"pa_yazar-editor-prof-dr-yalcin-sarikaya","12":"first","13":"instock","14":"sale","15":"shipping-taxable","16":"purchasable","17":"product-type-simple"},"_links":{"self":[{"href":"https:\/\/roveyayinevi.com.tr\/index.php\/wp-json\/wp\/v2\/product\/764168","targetHints":{"allow":["GET"]}}],"collection":[{"href":"https:\/\/roveyayinevi.com.tr\/index.php\/wp-json\/wp\/v2\/product"}],"about":[{"href":"https:\/\/roveyayinevi.com.tr\/index.php\/wp-json\/wp\/v2\/types\/product"}],"wp:attachment":[{"href":"https:\/\/roveyayinevi.com.tr\/index.php\/wp-json\/wp\/v2\/media?parent=764168"}],"wp:term":[{"taxonomy":"product_brand","embeddable":true,"href":"https:\/\/roveyayinevi.com.tr\/index.php\/wp-json\/wp\/v2\/product_brand?post=764168"},{"taxonomy":"product_cat","embeddable":true,"href":"https:\/\/roveyayinevi.com.tr\/index.php\/wp-json\/wp\/v2\/product_cat?post=764168"},{"taxonomy":"product_tag","embeddable":true,"href":"https:\/\/roveyayinevi.com.tr\/index.php\/wp-json\/wp\/v2\/product_tag?post=764168"}],"curies":[{"name":"wp","href":"https:\/\/api.w.org\/{rel}","templated":true}]}}