{"id":764167,"date":"2025-08-28T11:01:56","date_gmt":"2025-08-28T08:01:56","guid":{"rendered":"https:\/\/roveyayinevi.com.tr\/index.php\/urun\/nukleer-enerji-hukukunda-kaza-ve-zarar-kavrami-ile-uluslararasi-sozlesmeler-kapsaminda-taraf-devletlerin-hukuki-sorumlulugu\/"},"modified":"2026-04-15T03:29:53","modified_gmt":"2026-04-15T00:29:53","slug":"nukleer-enerji-hukukunda-kaza-ve-zarar-kavrami-ile-uluslararasi-sozlesmeler-kapsaminda-taraf-devletlerin-hukuki-sorumlulugu","status":"publish","type":"product","link":"https:\/\/roveyayinevi.com.tr\/index.php\/urun\/nukleer-enerji-hukukunda-kaza-ve-zarar-kavrami-ile-uluslararasi-sozlesmeler-kapsaminda-taraf-devletlerin-hukuki-sorumlulugu\/","title":{"rendered":"N\u00fckleer Enerji Hukukunda Kaza ve Zarar Kavram\u0131 \u0130le Uluslararas\u0131 S\u00f6zle\u015fmeler Kapsam\u0131nda Taraf Devletlerin Hukuki Sorumlulu\u011fu"},"content":{"rendered":"<p>G\u00fcnden g\u00fcne artan ya\u015fam ihtiya\u00e7lar\u0131n\u0131 kar\u015f\u0131lamak i\u00e7in enerjiyi \u00fcretmek zorunlu h\u00e2le gelmi\u015ftir. Enerjiyi \u00fcretmek a\u00e7\u0131s\u0131ndan g\u00fcvenlik ve d\u00fc\u015f\u00fck maliyet b\u00fcy\u00fck \u00f6nem arz etmektedir. Alternatif enerji kayna\u011f\u0131 olan n\u00fckleer enerji arz g\u00fcvenli\u011fi, enerji ithal ba\u011f\u0131ms\u0131zl\u0131\u011f\u0131n\u0131n sa\u011flanmas\u0131 ve cari a\u00e7\u0131klar\u0131n\u0131n azalt\u0131lmas\u0131 bak\u0131m\u0131ndan b\u00fcy\u00fck \u00f6nem ta\u015f\u0131maktad\u0131r. Ayr\u0131ca az miktarda hammadde ile y\u00fcksek miktarda enerji \u00fcretimi sa\u011flan\u0131r. Bu nedenle temiz, ucuz ve g\u00fcvenli enerji kayna\u011f\u0131 olan n\u00fckleer enerji, enerji kaynaklar\u0131 i\u00e7inde m\u00fchim bir yere sahiptir. N\u00fckleer enerjide g\u00fcvenlik olgusu \u00e7ok y\u00fcksek olmakla birlikte g\u00fcn\u00fcm\u00fczde olduk\u00e7a ele\u015ftirilen ve endi\u015feye yol a\u00e7an bir enerji kayna\u011f\u0131d\u0131r. Zira g\u00fcvenlik tedbirlerinin \u00e7ok y\u00fcksek olmas\u0131, hi\u00e7bir g\u00fcvenlik sorununun olmad\u0131\u011f\u0131 anlam\u0131na gelmez. N\u00fckleer kaza riski di\u011fer kaza t\u00fcrlerine k\u0131yasla olduk\u00e7a d\u00fc\u015f\u00fckt\u00fcr. Ancak n\u00fckleer kazan\u0131n ger\u00e7ekle\u015fmesi durumunda ortaya \u00e7\u0131kan zarar, di\u011fer kaza t\u00fcrleri ile kar\u015f\u0131la\u015ft\u0131r\u0131lmayacak kadar y\u00fcksektir. Bu nedenle n\u00fckleer kazadan do\u011fan zararlar\u0131 kar\u015f\u0131lamak, zarar g\u00f6renleri koruma alt\u0131na almak ve sorumlulu\u011fu belirlemek b\u00fcy\u00fck \u00f6nem arz etmektedir. Bu \u00e7al\u0131\u015fma, n\u00fckleer enerji sekt\u00f6r\u00fcnde kaza oldu\u011fu takdirde ma\u011fdurlar\u0131n zarar\u0131n\u0131n, hangi usul ve esaslar d\u00e2hilinde kar\u015f\u0131lanaca\u011f\u0131n\u0131 ve dolay\u0131s\u0131yla n\u00fckleer enerji hukukunda sorumlulu\u011fun tespit edilmesini ele almaktad\u0131r. \u0130ki b\u00f6l\u00fcmden olu\u015fan bu \u00e7al\u0131\u015fman\u0131n birinci b\u00f6l\u00fcm\u00fcnde n\u00fckleer enerjinin tan\u0131m\u0131, geli\u015fimi, enerji kaynaklar\u0131nda yeri ve \u00f6nemi, avantaj ve dezavantajlar\u0131, n\u00fckleer enerji hukuku tan\u0131m\u0131, temel ilkeleri, n\u00fckleer enerji hukukunda kaza ve zarar kavramlar\u0131 hakk\u0131nda genel bilgiler verilmi\u015ftir. \u00c7al\u0131\u015fman\u0131n ikinci b\u00f6l\u00fcm\u00fcnde ise n\u00fckleer enerji hukukunu d\u00fczenleyen kaynaklar, bu konu ile ilgili uluslararas\u0131 s\u00f6zle\u015fmeler, bu s\u00f6zle\u015fmeler \u00e7er\u00e7evesinde devletlerin hukuki sorumlulu\u011fu incelenmi\u015ftir.<\/p>\n","protected":false},"excerpt":{"rendered":"<p>G\u00fcnden g\u00fcne artan ya\u015fam ihtiya\u00e7lar\u0131n\u0131 kar\u015f\u0131lamak i\u00e7in enerjiyi \u00fcretmek zorunlu h\u00e2le gelmi\u015ftir. Enerjiyi \u00fcretmek a\u00e7\u0131s\u0131ndan g\u00fcvenlik ve d\u00fc\u015f\u00fck maliyet b\u00fcy\u00fck \u00f6nem arz etmektedir. Alternatif enerji kayna\u011f\u0131<span class=\"excerpt-hellip\"> [\u2026]<\/span><\/p>\n","protected":false},"featured_media":0,"template":"","meta":{"_monsterinsights_skip_tracking":false,"_monsterinsights_sitenote_active":false,"_monsterinsights_sitenote_note":"","_monsterinsights_sitenote_category":0},"product_brand":[],"product_cat":[15351,15350],"product_tag":[],"class_list":{"0":"post-764167","1":"product","2":"type-product","3":"status-publish","5":"product_cat-ders-kitaplari","6":"product_cat-hukuk","7":"pa_cilt-ciltsiz","8":"pa_tur-kitap","9":"pa_yayinevi-astana-yayinlari","10":"pa_yazar-naila-atmaca","12":"first","13":"instock","14":"sale","15":"shipping-taxable","16":"purchasable","17":"product-type-simple"},"_links":{"self":[{"href":"https:\/\/roveyayinevi.com.tr\/index.php\/wp-json\/wp\/v2\/product\/764167","targetHints":{"allow":["GET"]}}],"collection":[{"href":"https:\/\/roveyayinevi.com.tr\/index.php\/wp-json\/wp\/v2\/product"}],"about":[{"href":"https:\/\/roveyayinevi.com.tr\/index.php\/wp-json\/wp\/v2\/types\/product"}],"wp:attachment":[{"href":"https:\/\/roveyayinevi.com.tr\/index.php\/wp-json\/wp\/v2\/media?parent=764167"}],"wp:term":[{"taxonomy":"product_brand","embeddable":true,"href":"https:\/\/roveyayinevi.com.tr\/index.php\/wp-json\/wp\/v2\/product_brand?post=764167"},{"taxonomy":"product_cat","embeddable":true,"href":"https:\/\/roveyayinevi.com.tr\/index.php\/wp-json\/wp\/v2\/product_cat?post=764167"},{"taxonomy":"product_tag","embeddable":true,"href":"https:\/\/roveyayinevi.com.tr\/index.php\/wp-json\/wp\/v2\/product_tag?post=764167"}],"curies":[{"name":"wp","href":"https:\/\/api.w.org\/{rel}","templated":true}]}}