{"id":764162,"date":"2025-08-28T11:01:49","date_gmt":"2025-08-28T08:01:49","guid":{"rendered":"https:\/\/roveyayinevi.com.tr\/index.php\/urun\/is-sagligi-ve-guvenligi-perspektifinde-tehlikeli-madde-siniflari\/"},"modified":"2026-04-15T03:29:53","modified_gmt":"2026-04-15T00:29:53","slug":"is-sagligi-ve-guvenligi-perspektifinde-tehlikeli-madde-siniflari","status":"publish","type":"product","link":"https:\/\/roveyayinevi.com.tr\/index.php\/urun\/is-sagligi-ve-guvenligi-perspektifinde-tehlikeli-madde-siniflari\/","title":{"rendered":"\u0130\u015f Sa\u011fl\u0131\u011f\u0131 ve G\u00fcvenli\u011fi Perspektifinde Tehlikeli Madde S\u0131n\u0131flar\u0131"},"content":{"rendered":"<p>Farkl\u0131 kimyasal \u00f6zellikleri bulunan bu maddeler hem sosyal hayat\u0131m\u0131zda hem de \u00e7al\u0131\u015fma hayat\u0131m\u0131zda kar\u015f\u0131m\u0131za \u00e7\u0131kabilmektedir. Kimyasallar, \u00f6zellikle \u00e7al\u0131\u015fanlar\u0131n yapt\u0131klar\u0131 faaliyete ba\u011fl\u0131 olarak i\u015f hayatlar\u0131nda s\u0131kl\u0131kla kar\u015f\u0131la\u015fmalar\u0131 muhtemel unsurlardand\u0131r. \u00c7al\u0131\u015fma hayat\u0131nda kar\u015f\u0131la\u015f\u0131lan bu kimyasal unsurlar literat\u00fcrde tehlike ve riskleri bak\u0131m\u0131ndan farkl\u0131 \u015fekillerde s\u0131n\u0131fland\u0131r\u0131labilmektedir. Kitab\u0131m\u0131zdaki s\u0131n\u0131fland\u0131rma; patlay\u0131c\u0131 maddeler, gazlar, alevlenebilir s\u0131v\u0131lar, alevlenebilir kat\u0131lar, y\u00fckseltgen maddeler, zehirleyici maddeler, radyoaktif maddeler ve a\u015f\u0131nd\u0131r\u0131c\u0131 maddeler olmak \u00fczere sekiz s\u0131n\u0131fa ayr\u0131lm\u0131\u015ft\u0131r. Bu s\u0131n\u0131fland\u0131rma kapsam\u0131nda ilgili kimyasal maddelerin bar\u0131nd\u0131rd\u0131\u011f\u0131 tehlikeler, riskler ve \u00e7al\u0131\u015fanlar\u0131n g\u00fcvenli bir \u015fekilde \u00e7al\u0131\u015fmalar\u0131n\u0131 sa\u011flayabilecekler konusunda gerekli bilgilendirmeler yap\u0131lm\u0131\u015ft\u0131r. Bunlar\u0131n yan\u0131nda, i\u015f hayat\u0131n\u0131n taraflar\u0131 i\u00e7in mevzuattan kaynaklanan sorumluluklar ve y\u00fck\u00fcml\u00fcl\u00fckler hakk\u0131nda da bilgilendirmelerde bulunulmu\u015ftur. Burada bilgilendirmeleri yap\u0131lan konular; i\u015f sa\u011fl\u0131\u011f\u0131 ve g\u00fcvenli\u011fi ile ilgilenen t\u00fcm taraflar i\u00e7in kimyasal maddelerle \u00e7al\u0131\u015fmalarda g\u00fcvenli\u011fin en \u00fcst seviyede tesis edilebilmesine yard\u0131mc\u0131 olmak amac\u0131yla haz\u0131rlanm\u0131\u015ft\u0131r.<\/p>\n","protected":false},"excerpt":{"rendered":"<p>Farkl\u0131 kimyasal \u00f6zellikleri bulunan bu maddeler hem sosyal hayat\u0131m\u0131zda hem de \u00e7al\u0131\u015fma hayat\u0131m\u0131zda kar\u015f\u0131m\u0131za \u00e7\u0131kabilmektedir. Kimyasallar, \u00f6zellikle \u00e7al\u0131\u015fanlar\u0131n yapt\u0131klar\u0131 faaliyete ba\u011fl\u0131 olarak i\u015f hayatlar\u0131nda s\u0131kl\u0131kla kar\u015f\u0131la\u015fmalar\u0131<span class=\"excerpt-hellip\"> [\u2026]<\/span><\/p>\n","protected":false},"featured_media":0,"template":"","meta":{"_monsterinsights_skip_tracking":false,"_monsterinsights_sitenote_active":false,"_monsterinsights_sitenote_note":"","_monsterinsights_sitenote_category":0},"product_brand":[],"product_cat":[12573,12566],"product_tag":[],"class_list":{"0":"post-764162","1":"product","2":"type-product","3":"status-publish","5":"product_cat-akademik-kitaplar","6":"product_cat-egitim","7":"pa_cilt-ciltsiz","8":"pa_tur-kitap","9":"pa_yayinevi-astana-yayinlari","10":"pa_yazar-doc-dr-seda-fandakli","11":"pa_yazar-ogr-gor-fatih-mehmet-ates","13":"first","14":"instock","15":"sale","16":"shipping-taxable","17":"purchasable","18":"product-type-simple"},"_links":{"self":[{"href":"https:\/\/roveyayinevi.com.tr\/index.php\/wp-json\/wp\/v2\/product\/764162","targetHints":{"allow":["GET"]}}],"collection":[{"href":"https:\/\/roveyayinevi.com.tr\/index.php\/wp-json\/wp\/v2\/product"}],"about":[{"href":"https:\/\/roveyayinevi.com.tr\/index.php\/wp-json\/wp\/v2\/types\/product"}],"wp:attachment":[{"href":"https:\/\/roveyayinevi.com.tr\/index.php\/wp-json\/wp\/v2\/media?parent=764162"}],"wp:term":[{"taxonomy":"product_brand","embeddable":true,"href":"https:\/\/roveyayinevi.com.tr\/index.php\/wp-json\/wp\/v2\/product_brand?post=764162"},{"taxonomy":"product_cat","embeddable":true,"href":"https:\/\/roveyayinevi.com.tr\/index.php\/wp-json\/wp\/v2\/product_cat?post=764162"},{"taxonomy":"product_tag","embeddable":true,"href":"https:\/\/roveyayinevi.com.tr\/index.php\/wp-json\/wp\/v2\/product_tag?post=764162"}],"curies":[{"name":"wp","href":"https:\/\/api.w.org\/{rel}","templated":true}]}}