{"id":764161,"date":"2025-08-28T11:01:48","date_gmt":"2025-08-28T08:01:48","guid":{"rendered":"https:\/\/roveyayinevi.com.tr\/index.php\/urun\/yetimler-1-islamin-dogusundan-gunumuze\/"},"modified":"2026-04-15T03:29:53","modified_gmt":"2026-04-15T00:29:53","slug":"yetimler-1-islamin-dogusundan-gunumuze","status":"publish","type":"product","link":"https:\/\/roveyayinevi.com.tr\/index.php\/urun\/yetimler-1-islamin-dogusundan-gunumuze\/","title":{"rendered":"Yetimler-1 \u0130slam\u2019\u0131n Do\u011fu\u015fundan G\u00fcn\u00fcm\u00fcze"},"content":{"rendered":"<p>Bug\u00fcn d\u00fcnyan\u0131n farkl\u0131 co\u011frafyalar\u0131nda ya\u015fanan do\u011fal afetler, sava\u015flar ve g\u00f6\u00e7ler sonucunda \u00e7ocuklar kimsesiz kalmaktad\u0131r. Rengine, \u0131rk\u0131na ve dinine bak\u0131lmaks\u0131z\u0131n yetimlerin say\u0131s\u0131 her ge\u00e7en g\u00fcn \u00e7o\u011falmaktad\u0131r. Ne ac\u0131d\u0131r ki bu durumu g\u00f6rmezden gelen devletlerin\/toplumlar\u0131n say\u0131s\u0131 g\u00f6renlerin say\u0131s\u0131ndan \u00e7ok daha fazlad\u0131r. Her toplumun gelece\u011fi olan \u00e7ocuklar d\u00fcnyevi ama\u00e7lar u\u011fruna heba edilmektedir. Kimsesiz \u00e7ocuklar\u0131n himayesi her devleti yak\u0131ndan ilgilendirmektedir. Di\u011fer bir ifadeyle her toplumun siyasilerini, ayd\u0131nlar\u0131n\u0131, okur-yazarlar\u0131n\u0131 ve sivil potansiyelinin ilgisini beklemektedir. Eser, yetimlerin himayesi konusunu \u0130slam\u2019\u0131n Do\u011fu\u015fundan g\u00fcn\u00fcm\u00fcze kadar \u0130slam toplumlar\u0131n\u0131n kurdu\u011fu devletlerin yetimlere y\u00f6nelik g\u00f6sterdi\u011fi yakla\u015f\u0131m\u0131n\u0131 irdelemektedir. Eserde konular Kur\u2019an-\u0131 Kerimde Yetimler, Kur\u2019an-\u0131 Kerimde Yetimlerin Evlat Edinilmesi, Hz. Peygamberin S\u00fcnnetinde Yetimler, Abbasi D\u00f6nemi \u015eiirlerinde Yetimler, Sel\u00e7uklu Devletlerinde Yetimler, Osmanl\u0131 Devletinde Yetim Kurumlar\u0131, T\u00fcrkiye Cumhuriyetinde Yetim Kurumlar\u0131 ve T\u00fcrkiye\u2019de Sivil Toplum Kurulu\u015flar\u0131n\u0131n Yetimlere Y\u00f6nelik Hizmetleri: \u0130HH ve Yetim Vakf\u0131 \u00d6rnekleri \u015feklinde ba\u015fl\u0131kland\u0131r\u0131lm\u0131\u015ft\u0131r. Bu eserin yetimlerin himayesiyle ilgili \u00e7al\u0131\u015fmalara bir ivme kazand\u0131raca\u011f\u0131n\u0131 d\u00fc\u015f\u00fcnmekteyiz.<\/p>\n","protected":false},"excerpt":{"rendered":"<p>Bug\u00fcn d\u00fcnyan\u0131n farkl\u0131 co\u011frafyalar\u0131nda ya\u015fanan do\u011fal afetler, sava\u015flar ve g\u00f6\u00e7ler sonucunda \u00e7ocuklar kimsesiz kalmaktad\u0131r. Rengine, \u0131rk\u0131na ve dinine bak\u0131lmaks\u0131z\u0131n yetimlerin say\u0131s\u0131 her ge\u00e7en g\u00fcn \u00e7o\u011falmaktad\u0131r. Ne<span class=\"excerpt-hellip\"> [\u2026]<\/span><\/p>\n","protected":false},"featured_media":0,"template":"","meta":{"_monsterinsights_skip_tracking":false,"_monsterinsights_sitenote_active":false,"_monsterinsights_sitenote_note":"","_monsterinsights_sitenote_category":0},"product_brand":[],"product_cat":[12718,12719],"product_tag":[],"class_list":{"0":"post-764161","1":"product","2":"type-product","3":"status-publish","5":"product_cat-din","6":"product_cat-islam","7":"pa_cilt-ciltsiz","8":"pa_tur-kitap","9":"pa_yayinevi-astana-yayinlari","10":"pa_yazar-rasim-bayraktar","11":"pa_yazar-yusuf-yurt","13":"first","14":"instock","15":"sale","16":"shipping-taxable","17":"purchasable","18":"product-type-simple"},"_links":{"self":[{"href":"https:\/\/roveyayinevi.com.tr\/index.php\/wp-json\/wp\/v2\/product\/764161","targetHints":{"allow":["GET"]}}],"collection":[{"href":"https:\/\/roveyayinevi.com.tr\/index.php\/wp-json\/wp\/v2\/product"}],"about":[{"href":"https:\/\/roveyayinevi.com.tr\/index.php\/wp-json\/wp\/v2\/types\/product"}],"wp:attachment":[{"href":"https:\/\/roveyayinevi.com.tr\/index.php\/wp-json\/wp\/v2\/media?parent=764161"}],"wp:term":[{"taxonomy":"product_brand","embeddable":true,"href":"https:\/\/roveyayinevi.com.tr\/index.php\/wp-json\/wp\/v2\/product_brand?post=764161"},{"taxonomy":"product_cat","embeddable":true,"href":"https:\/\/roveyayinevi.com.tr\/index.php\/wp-json\/wp\/v2\/product_cat?post=764161"},{"taxonomy":"product_tag","embeddable":true,"href":"https:\/\/roveyayinevi.com.tr\/index.php\/wp-json\/wp\/v2\/product_tag?post=764161"}],"curies":[{"name":"wp","href":"https:\/\/api.w.org\/{rel}","templated":true}]}}