{"id":764160,"date":"2025-08-28T11:01:47","date_gmt":"2025-08-28T08:01:47","guid":{"rendered":"https:\/\/roveyayinevi.com.tr\/index.php\/urun\/gorunmeyen-tehlike-kbrn-kimyasal-biyolojik-radyolojik-ve-nukleer-yapay-zeka-destekli\/"},"modified":"2026-04-15T03:29:53","modified_gmt":"2026-04-15T00:29:53","slug":"gorunmeyen-tehlike-kbrn-kimyasal-biyolojik-radyolojik-ve-nukleer-yapay-zeka-destekli","status":"publish","type":"product","link":"https:\/\/roveyayinevi.com.tr\/index.php\/urun\/gorunmeyen-tehlike-kbrn-kimyasal-biyolojik-radyolojik-ve-nukleer-yapay-zeka-destekli\/","title":{"rendered":"G\u00f6r\u00fcnmeyen Tehlike KBRN &#8211; Kimyasal, Biyolojik, Radyolojik ve N\u00fckleer (Yapay Zeka Destekli)"},"content":{"rendered":"<p>KBRN&#8217;nin karma\u015f\u0131k ve \u00e7ok y\u00f6nl\u00fc d\u00fcnyas\u0131nda yolculu\u011fumuzu tamamlarken, bu tehditlerin yaratt\u0131\u011f\u0131 zorluklar\u0131n sadece varsay\u0131mlar de\u011fil, kesin ger\u00e7ekler oldu\u011funu hat\u0131rlatmak istiyorum. Kazalardan, ter\u00f6r eylemlerinden veya di\u011fer durumlardan kaynaklanan KBRN tehditleri, sars\u0131lmaz bir dikkat g\u00f6stermemizi gerektirmektedir. Bu kitapta KBRN tehlikelerinin bilimsel temellerini genel \u00e7er\u00e7evede inceledik, tespit ve tan\u0131mlaman\u0131n inceliklerine de\u011findik, koruma ve dekontaminasyon ilkelerini inceledik ve m\u00fcdahale stratejilerimizi \u015fekillendiren etik ve politik hususlar\u0131 ortaya koyduk. KBRN&#8217;nin zorluklar\u0131n\u0131n a\u015f\u0131lamaz olmad\u0131\u011f\u0131 ortadad\u0131r. Bilgi, haz\u0131rl\u0131k ve i\u015fbirli\u011fi ile bu tehditlerin etkisini hafifletmek ve zorluklar kar\u015f\u0131s\u0131nda bireyler ve k\u00fcresel bir topluluk olarak haz\u0131rl\u0131kl\u0131 olmak ve g\u00fcvenlik konusundaki kararl\u0131l\u0131\u011f\u0131m\u0131z\u0131 s\u00fcrd\u00fcrmek hepimizin g\u00f6revidir. Teknik bir kitap olma formundan farkl\u0131 olarak, bu kitab\u0131n sayfalar\u0131nda derledi\u011fimiz konular\u0131n elbette \u00e7ok daha detayl\u0131 oldu\u011funu ancak genel kapsamda konu ba\u015fl\u0131klar\u0131yla kamusal bilin\u00e7lendirmeyi hedefledi\u011fini \u00f6nemle vurgulamak isterim. KBRN\u2019nin her bir alan\u0131na ilk m\u00fcdahale ekiplerinin g\u00fcnl\u00fck \u00e7al\u0131\u015fmalar\u0131nda ve h\u00fck\u00fcmetlerin stratejik politikalar\u0131nda rastlamak m\u00fcmk\u00fcnd\u00fcr. D\u00fcnyam\u0131z\u0131n g\u00fcvenli\u011finin ve refah\u0131n\u0131n kolektif ellerimizde oldu\u011funu unutmayal\u0131m. KBRN&#8217;nin zorluklar\u0131 soyut veya uzak de\u011fildir. Bunlar acil ve somut olup g\u00fcvenli\u011fe, haz\u0131rl\u0131\u011fa ve ortak gelece\u011fimizin korunmas\u0131na sars\u0131lmaz ba\u011fl\u0131l\u0131\u011f\u0131m\u0131z\u0131 gerektirir. Bu kitab\u0131n, KBRN tehditlerine; cesaretle, bilgiyle ve sars\u0131lmaz bir kararl\u0131l\u0131kla kar\u015f\u0131 koymaya y\u00f6nelik devam eden \u00e7abalar i\u00e7in bir mihenk ta\u015f\u0131 olarak hizmet etmesini diliyorum. Gelece\u011fimiz, bug\u00fcn ger\u00e7ekle\u015ftirdi\u011fimiz eylemlerle \u015fekillenecektir ve gelecek nesillere aktaraca\u011f\u0131m\u0131z d\u00fcnya, g\u00fcvenli\u011fe, emniyete ve de\u011fer verdi\u011fimiz herkesin korunmas\u0131na olan ba\u011fl\u0131l\u0131\u011f\u0131m\u0131zla tan\u0131mlanacakt\u0131r. Kat\u0131l\u0131m\u0131n\u0131z ve okumakta g\u00f6sterdi\u011finiz sab\u0131r i\u00e7in y\u00fcrekten te\u015fekk\u00fcrlerimle\u2026 S\u00fcmeyra U\u00c7AR<br \/>Savunma Sanayii Politikalar\u0131 Uzman\u0131<\/p>\n","protected":false},"excerpt":{"rendered":"<p>KBRN&#8217;nin karma\u015f\u0131k ve \u00e7ok y\u00f6nl\u00fc d\u00fcnyas\u0131nda yolculu\u011fumuzu tamamlarken, bu tehditlerin yaratt\u0131\u011f\u0131 zorluklar\u0131n sadece varsay\u0131mlar de\u011fil, kesin ger\u00e7ekler oldu\u011funu hat\u0131rlatmak istiyorum. Kazalardan, ter\u00f6r eylemlerinden veya di\u011fer durumlardan<span class=\"excerpt-hellip\"> [\u2026]<\/span><\/p>\n","protected":false},"featured_media":0,"template":"","meta":{"_monsterinsights_skip_tracking":false,"_monsterinsights_sitenote_active":false,"_monsterinsights_sitenote_note":"","_monsterinsights_sitenote_category":0},"product_brand":[],"product_cat":[12573,12566],"product_tag":[],"class_list":{"0":"post-764160","1":"product","2":"type-product","3":"status-publish","5":"product_cat-akademik-kitaplar","6":"product_cat-egitim","7":"pa_cilt-ciltsiz","8":"pa_tur-kitap","9":"pa_yayinevi-astana-yayinlari","10":"pa_yazar-sumeyra-ucar","12":"first","13":"instock","14":"sale","15":"shipping-taxable","16":"purchasable","17":"product-type-simple"},"_links":{"self":[{"href":"https:\/\/roveyayinevi.com.tr\/index.php\/wp-json\/wp\/v2\/product\/764160","targetHints":{"allow":["GET"]}}],"collection":[{"href":"https:\/\/roveyayinevi.com.tr\/index.php\/wp-json\/wp\/v2\/product"}],"about":[{"href":"https:\/\/roveyayinevi.com.tr\/index.php\/wp-json\/wp\/v2\/types\/product"}],"wp:attachment":[{"href":"https:\/\/roveyayinevi.com.tr\/index.php\/wp-json\/wp\/v2\/media?parent=764160"}],"wp:term":[{"taxonomy":"product_brand","embeddable":true,"href":"https:\/\/roveyayinevi.com.tr\/index.php\/wp-json\/wp\/v2\/product_brand?post=764160"},{"taxonomy":"product_cat","embeddable":true,"href":"https:\/\/roveyayinevi.com.tr\/index.php\/wp-json\/wp\/v2\/product_cat?post=764160"},{"taxonomy":"product_tag","embeddable":true,"href":"https:\/\/roveyayinevi.com.tr\/index.php\/wp-json\/wp\/v2\/product_tag?post=764160"}],"curies":[{"name":"wp","href":"https:\/\/api.w.org\/{rel}","templated":true}]}}