{"id":764158,"date":"2025-08-28T11:01:44","date_gmt":"2025-08-28T08:01:44","guid":{"rendered":"https:\/\/roveyayinevi.com.tr\/index.php\/urun\/cocuklar-icin-islam-felsefesi-p4c-uygulamalarinda-hayy-bin-yakzan\/"},"modified":"2026-04-15T03:29:53","modified_gmt":"2026-04-15T00:29:53","slug":"cocuklar-icin-islam-felsefesi-p4c-uygulamalarinda-hayy-bin-yakzan","status":"publish","type":"product","link":"https:\/\/roveyayinevi.com.tr\/index.php\/urun\/cocuklar-icin-islam-felsefesi-p4c-uygulamalarinda-hayy-bin-yakzan\/","title":{"rendered":"\u00c7ocuklar \u0130\u00e7in \u0130slam Felsefesi P4C Uygulamalar\u0131nda Hayy Bin Yakzan"},"content":{"rendered":"<p>Bilgeli\u011fi temsil etmesi y\u00f6n\u00fcyle felsefe ben de hep hayranl\u0131k uyand\u0131rd\u0131. \u0130slam Felsefesi alan\u0131nda \u00f6\u011frenci oldu\u011fum ilk y\u0131l, k\u0131z\u0131m Eyl\u00fcl\u2019\u00fcn \u201cK\u00f6pekbal\u0131klar\u0131 iftarda ne yer?\u201d sorusu ise beni \u00c7ocuklarla Felsefeye y\u00f6nlendirdi. Bu s\u00fcre\u00e7te iki farkl\u0131 alan\u0131n literat\u00fcr\u00fcn\u00fc ayn\u0131 d\u00f6nemlerde inceleme imk\u00e2n\u0131m oldu. \u00c7ocuklarla Felsefe uygulamalar\u0131nda felsefi alegorilere s\u0131k\u00e7a yer verildi\u011fini ancak bu a\u00e7\u0131dan zengin bir literat\u00fcre sahip olan \u0130slam felsefesinin kullan\u0131m eksikli\u011fini fark ettim. \u00c7ocuklara d\u00fc\u015f\u00fcnme becerileri kazand\u0131rmak, ki\u015fisel geli\u015fimlerini ve toplumla uyum i\u00e7inde ya\u015famalar\u0131n\u0131 sa\u011flamak i\u00e7in ihtiya\u00e7 duyacaklar\u0131 entelekt\u00fcel birikimin, \u00f6ncelikle kendi inan\u00e7 ve k\u00fclt\u00fcr sistemlerinden temin edilmesi gerekti\u011fi d\u00fc\u015f\u00fcncesi ile \u00e7al\u0131\u015fmam\u0131 planlad\u0131m. Eser, kullan\u0131m kolayl\u0131\u011f\u0131 a\u00e7\u0131s\u0131ndan anla\u015f\u0131l\u0131r bir kurguya d\u00f6n\u00fc\u015febilmeliydi. \u0130slam felsefesi alegori gelene\u011fi \u00fczerindeki incelemeler sonucu uyarlanabilir pek \u00e7ok se\u00e7enekten birini uygulama haline getirmeye karar verdik. Hayy b. Yakz\u00e2n hem kurgusu hem y\u00f6ntemi ile kendisinden sonra pek \u00e7ok esere \u00f6rnek olmas\u0131yla da \u00f6n plana \u00e7\u0131k\u0131yordu. B\u00f6ylelikle \u0130bn Tufeyl\u2019e ait Hayy b. Yakz\u00e2n\u2019\u0131n merak duygusunun ula\u015ft\u0131\u011f\u0131 noktalar\u0131, \u00e7ocuklar\u0131n ilgisini \u00e7ekebilecek bir kurguya d\u00f6n\u00fc\u015ft\u00fcrme fikri ortaya \u00e7\u0131kt\u0131.<\/p>\n","protected":false},"excerpt":{"rendered":"<p>Bilgeli\u011fi temsil etmesi y\u00f6n\u00fcyle felsefe ben de hep hayranl\u0131k uyand\u0131rd\u0131. \u0130slam Felsefesi alan\u0131nda \u00f6\u011frenci oldu\u011fum ilk y\u0131l, k\u0131z\u0131m Eyl\u00fcl\u2019\u00fcn \u201cK\u00f6pekbal\u0131klar\u0131 iftarda ne yer?\u201d sorusu ise beni<span class=\"excerpt-hellip\"> [\u2026]<\/span><\/p>\n","protected":false},"featured_media":0,"template":"","meta":{"_monsterinsights_skip_tracking":false,"_monsterinsights_sitenote_active":false,"_monsterinsights_sitenote_note":"","_monsterinsights_sitenote_category":0},"product_brand":[],"product_cat":[20351,12388],"product_tag":[],"class_list":{"0":"post-764158","1":"product","2":"type-product","3":"status-publish","5":"product_cat-dusunce","6":"product_cat-felsefe","7":"pa_cilt-ciltsiz","8":"pa_tur-kitap","9":"pa_yayinevi-astana-yayinlari","10":"pa_yazar-fatma-demirel-mistak","12":"first","13":"instock","14":"sale","15":"shipping-taxable","16":"purchasable","17":"product-type-simple"},"_links":{"self":[{"href":"https:\/\/roveyayinevi.com.tr\/index.php\/wp-json\/wp\/v2\/product\/764158","targetHints":{"allow":["GET"]}}],"collection":[{"href":"https:\/\/roveyayinevi.com.tr\/index.php\/wp-json\/wp\/v2\/product"}],"about":[{"href":"https:\/\/roveyayinevi.com.tr\/index.php\/wp-json\/wp\/v2\/types\/product"}],"wp:attachment":[{"href":"https:\/\/roveyayinevi.com.tr\/index.php\/wp-json\/wp\/v2\/media?parent=764158"}],"wp:term":[{"taxonomy":"product_brand","embeddable":true,"href":"https:\/\/roveyayinevi.com.tr\/index.php\/wp-json\/wp\/v2\/product_brand?post=764158"},{"taxonomy":"product_cat","embeddable":true,"href":"https:\/\/roveyayinevi.com.tr\/index.php\/wp-json\/wp\/v2\/product_cat?post=764158"},{"taxonomy":"product_tag","embeddable":true,"href":"https:\/\/roveyayinevi.com.tr\/index.php\/wp-json\/wp\/v2\/product_tag?post=764158"}],"curies":[{"name":"wp","href":"https:\/\/api.w.org\/{rel}","templated":true}]}}