{"id":764156,"date":"2025-08-28T11:01:40","date_gmt":"2025-08-28T08:01:40","guid":{"rendered":"https:\/\/roveyayinevi.com.tr\/index.php\/urun\/gazzalide-ilim\/"},"modified":"2026-04-15T03:29:53","modified_gmt":"2026-04-15T00:29:53","slug":"gazzalide-ilim","status":"publish","type":"product","link":"https:\/\/roveyayinevi.com.tr\/index.php\/urun\/gazzalide-ilim\/","title":{"rendered":"Gazzali\u2019de \u0130lim"},"content":{"rendered":"<p>M\u00fctekellim, fakih ve s\u00fbf\u00ee gibi kimliklerinin yan\u0131 s\u0131ra bir felsefe m\u00fcnekkidi olarak da \u015f\u00f6hret bulan Gazz\u00e2l\u00ee, \u0130sl\u00e2m d\u00fc\u015f\u00fcnce gelene\u011fimizin g\u00fczide \u015fahsiyetlerinden biridir. \u0130sl\u00e2m ilimlerinin pek \u00e7o\u011funa dair telif\u00e2t\u0131 bulunan bu k\u0131ymetli \u00e2lim, ilimlere getirdi\u011fi bak\u0131\u015f a\u00e7\u0131s\u0131 ile sadece kendi d\u00f6nemine kadarki gelene\u011fin birikimini yans\u0131tmakla kalmam\u0131\u015f ayn\u0131 zamanda kendisinden sonraki pek \u00e7ok ilim tasnifine \u00f6rneklik te\u015fkil etmi\u015ftir. Bu \u00e7al\u0131\u015fmada hakikat aray\u0131\u015f\u0131ndaki insanlara ilm\u00ee faaliyetleri ibadet anlay\u0131\u015f\u0131 i\u00e7erisinde nas\u0131l ger\u00e7ekle\u015ftirebilecekleri hususunda rehberlik etmesi a\u00e7\u0131s\u0131ndan Gazz\u00e2l\u00ee\u2019nin \u0130\u1e25y\u0101u \u2018ul\u016bmi\u2019d-d\u012bn adl\u0131 eserinin ilim bahsini inceledik. \u00c7al\u0131\u015f\u0131rken odaklanma sorunu ya\u015fayanlar, saatlerce \u00e7al\u0131\u015fmalar\u0131na ra\u011fmen verim alamayanlar ve hepsinden \u00f6nemlisi \u00e7al\u0131\u015fmaktan zevk alamayanlar, bu eserde sizlere \u0130mam Gazz\u00e2l\u00ee\u2019nin g\u00f6lgesinde seslenmekteyim.<\/p>\n","protected":false},"excerpt":{"rendered":"<p>M\u00fctekellim, fakih ve s\u00fbf\u00ee gibi kimliklerinin yan\u0131 s\u0131ra bir felsefe m\u00fcnekkidi olarak da \u015f\u00f6hret bulan Gazz\u00e2l\u00ee, \u0130sl\u00e2m d\u00fc\u015f\u00fcnce gelene\u011fimizin g\u00fczide \u015fahsiyetlerinden biridir. \u0130sl\u00e2m ilimlerinin pek \u00e7o\u011funa<span class=\"excerpt-hellip\"> [\u2026]<\/span><\/p>\n","protected":false},"featured_media":0,"template":"","meta":{"_monsterinsights_skip_tracking":false,"_monsterinsights_sitenote_active":false,"_monsterinsights_sitenote_note":"","_monsterinsights_sitenote_category":0},"product_brand":[],"product_cat":[18545,12291],"product_tag":[],"class_list":{"0":"post-764156","1":"product","2":"type-product","3":"status-publish","5":"product_cat-anlati","6":"product_cat-edebiyat","7":"pa_cilt-ciltsiz","8":"pa_tur-kitap","9":"pa_yayinevi-astana-yayinlari","10":"pa_yazar-sumeyye-sevinc","12":"first","13":"instock","14":"sale","15":"shipping-taxable","16":"purchasable","17":"product-type-simple"},"_links":{"self":[{"href":"https:\/\/roveyayinevi.com.tr\/index.php\/wp-json\/wp\/v2\/product\/764156","targetHints":{"allow":["GET"]}}],"collection":[{"href":"https:\/\/roveyayinevi.com.tr\/index.php\/wp-json\/wp\/v2\/product"}],"about":[{"href":"https:\/\/roveyayinevi.com.tr\/index.php\/wp-json\/wp\/v2\/types\/product"}],"wp:attachment":[{"href":"https:\/\/roveyayinevi.com.tr\/index.php\/wp-json\/wp\/v2\/media?parent=764156"}],"wp:term":[{"taxonomy":"product_brand","embeddable":true,"href":"https:\/\/roveyayinevi.com.tr\/index.php\/wp-json\/wp\/v2\/product_brand?post=764156"},{"taxonomy":"product_cat","embeddable":true,"href":"https:\/\/roveyayinevi.com.tr\/index.php\/wp-json\/wp\/v2\/product_cat?post=764156"},{"taxonomy":"product_tag","embeddable":true,"href":"https:\/\/roveyayinevi.com.tr\/index.php\/wp-json\/wp\/v2\/product_tag?post=764156"}],"curies":[{"name":"wp","href":"https:\/\/api.w.org\/{rel}","templated":true}]}}