{"id":764153,"date":"2025-08-28T11:01:36","date_gmt":"2025-08-28T08:01:36","guid":{"rendered":"https:\/\/roveyayinevi.com.tr\/index.php\/urun\/trafik-is-kazalarindan-kaynaklanan-bedensel-zararlarin-maddi-tazmini\/"},"modified":"2026-04-15T03:29:53","modified_gmt":"2026-04-15T00:29:53","slug":"trafik-is-kazalarindan-kaynaklanan-bedensel-zararlarin-maddi-tazmini","status":"publish","type":"product","link":"https:\/\/roveyayinevi.com.tr\/index.php\/urun\/trafik-is-kazalarindan-kaynaklanan-bedensel-zararlarin-maddi-tazmini\/","title":{"rendered":"Trafik-\u0130\u015f Kazalar\u0131ndan Kaynaklanan Bedensel Zararlar\u0131n Maddi Tazmini"},"content":{"rendered":"<p>&#8211; Trafik-\u0130\u015f Kazas\u0131 Kavram\u0131 &#8211; \u0130\u015fveren ve \u0130\u015fleten Kavramlar\u0131n\u0131n Birle\u015fmesi &#8211; Motorlu Ara\u00e7 \u0130\u015fleten Olarak \u0130\u015fverenin Sorumlulu\u011fu &#8211; Karayollar\u0131 Trafik Kanunu\u2019na G\u00f6re Sorumluluk T\u00fcrleri-Trafik-\u0130\u015f Kazalar\u0131ndan Kaynaklanan Bedensel Zararlarda Akt\u00fcerya Hesaplamalar &#8211; \u00d6rnek Bilirki\u015fi Raporlar\u0131<\/p>\n","protected":false},"excerpt":{"rendered":"<p>&#8211; Trafik-\u0130\u015f Kazas\u0131 Kavram\u0131 &#8211; \u0130\u015fveren ve \u0130\u015fleten Kavramlar\u0131n\u0131n Birle\u015fmesi &#8211; Motorlu Ara\u00e7 \u0130\u015fleten Olarak \u0130\u015fverenin Sorumlulu\u011fu &#8211; Karayollar\u0131 Trafik Kanunu\u2019na G\u00f6re Sorumluluk T\u00fcrleri-Trafik-\u0130\u015f Kazalar\u0131ndan Kaynaklanan<span class=\"excerpt-hellip\"> [\u2026]<\/span><\/p>\n","protected":false},"featured_media":0,"template":"","meta":{"_monsterinsights_skip_tracking":false,"_monsterinsights_sitenote_active":false,"_monsterinsights_sitenote_note":"","_monsterinsights_sitenote_category":0},"product_brand":[],"product_cat":[15350],"product_tag":[],"class_list":{"0":"post-764153","1":"product","2":"type-product","3":"status-publish","5":"product_cat-hukuk","6":"pa_cilt-ciltsiz","7":"pa_tur-kitap","8":"pa_yayinevi-astana-yayinlari","9":"pa_yazar-doc-dr-ertugrul-yuvali","11":"first","12":"instock","13":"sale","14":"shipping-taxable","15":"purchasable","16":"product-type-simple"},"_links":{"self":[{"href":"https:\/\/roveyayinevi.com.tr\/index.php\/wp-json\/wp\/v2\/product\/764153","targetHints":{"allow":["GET"]}}],"collection":[{"href":"https:\/\/roveyayinevi.com.tr\/index.php\/wp-json\/wp\/v2\/product"}],"about":[{"href":"https:\/\/roveyayinevi.com.tr\/index.php\/wp-json\/wp\/v2\/types\/product"}],"wp:attachment":[{"href":"https:\/\/roveyayinevi.com.tr\/index.php\/wp-json\/wp\/v2\/media?parent=764153"}],"wp:term":[{"taxonomy":"product_brand","embeddable":true,"href":"https:\/\/roveyayinevi.com.tr\/index.php\/wp-json\/wp\/v2\/product_brand?post=764153"},{"taxonomy":"product_cat","embeddable":true,"href":"https:\/\/roveyayinevi.com.tr\/index.php\/wp-json\/wp\/v2\/product_cat?post=764153"},{"taxonomy":"product_tag","embeddable":true,"href":"https:\/\/roveyayinevi.com.tr\/index.php\/wp-json\/wp\/v2\/product_tag?post=764153"}],"curies":[{"name":"wp","href":"https:\/\/api.w.org\/{rel}","templated":true}]}}