{"id":764152,"date":"2025-08-28T11:01:35","date_gmt":"2025-08-28T08:01:35","guid":{"rendered":"https:\/\/roveyayinevi.com.tr\/index.php\/urun\/muslimin-kaynaklari\/"},"modified":"2026-04-15T03:29:53","modified_gmt":"2026-04-15T00:29:53","slug":"muslimin-kaynaklari","status":"publish","type":"product","link":"https:\/\/roveyayinevi.com.tr\/index.php\/urun\/muslimin-kaynaklari\/","title":{"rendered":"M\u00fcslim\u2019in Kaynaklar\u0131"},"content":{"rendered":"<p>Rivayet k\u00fclliyat\u0131m\u0131zla ilgili en \u00f6nemli konulardan birisi s\u00f6z konusu k\u00fclliyat\u0131n kaynaklar\u0131 meselesidir. Hadis musannefat\u0131n\u0131n dayand\u0131\u011f\u0131 kaynaklar\u0131n tespiti, hadis rivayet tarihinin netli\u011fe kavu\u015fturulmas\u0131 i\u00e7in anla\u015f\u0131lmas\u0131 gereken m\u00fchim bir meseledir. Haberlerin \u015fif\u00e2h\u00ee mi yoksa kit\u00e2b\u00ee mi nakledildi\u011fi noktas\u0131nda farkl\u0131 kanaatler mevcuttur. \u0130snad sistemi ve bu sistemde kullan\u0131lan haddesen\u00e2, ahberan\u00e2 gibi rivayet laf\u0131zlar\u0131, haberlerin \u015fif\u00e2h\u00ee olarak nakledildi\u011fi izlenimini vermektedir. Rivayet tarihine bak\u0131ld\u0131\u011f\u0131nda Buh\u00e2r\u00ee&#8217;nin ve M\u00fcslim&#8217;in Sah\u00eeh\u2019leri gibi hadis eserlerinin titiz nakil y\u00f6ntemleri takip edilerek v\u00fccuda getirildi\u011fi, s\u00f6z konusu musanniflerin kendilerinden \u00f6nceki literat\u00fcr\u00fcn sonraki nesillere ula\u015fmas\u0131nda \u00f6nemli rol oynad\u0131klar\u0131 g\u00f6r\u00fclmektedir. \u0130\u015fte bu ba\u011flamda M\u00fcslim&#8217;in Sah\u00eeh&#8217;inin kaynaklar\u0131 s\u00f6z konusu edildi\u011finde, onun eserine ald\u0131\u011f\u0131 rivayetlerin \u00f6nceki d\u00f6nem kaynaklar\u0131 ile ili\u015fkisi akla gelmektedir. Bu eserin k\u0131ymetini tespit etmek i\u00e7in her \u015feyden \u00f6nce kendi kaynaklar\u0131 ile mukayeseli tetkikinin yap\u0131lmas\u0131 zarur\u00eedir. M\u00fcslim&#8217;in eseri \u00f6zelinde, onun zat\u00ee k\u0131ymetine dair s\u00f6ylenenlerin ilm\u00ee m\u00fctalaalar olup olmad\u0131\u011f\u0131, kaynaklar\u0131yla mukayeseli bir tetkik sonucuna b\u0131rak\u0131lmal\u0131d\u0131r. Elinizdeki eser \u00f6ncelikle yaz\u0131l\u0131-\u015fif\u00e2h\u00ee rivayet meselesini teorik olarak tart\u0131\u015fmakta sonras\u0131nda ise M\u00fcslim\u2019in Sah\u00eeh\u2019nin, kaynaklar\u0131 ile olan irtibat\u0131n\u0131 ayr\u0131nt\u0131l\u0131 metin mukayeselerinden hareketle ortaya koymaktad\u0131r.<\/p>\n","protected":false},"excerpt":{"rendered":"<p>Rivayet k\u00fclliyat\u0131m\u0131zla ilgili en \u00f6nemli konulardan birisi s\u00f6z konusu k\u00fclliyat\u0131n kaynaklar\u0131 meselesidir. Hadis musannefat\u0131n\u0131n dayand\u0131\u011f\u0131 kaynaklar\u0131n tespiti, hadis rivayet tarihinin netli\u011fe kavu\u015fturulmas\u0131 i\u00e7in anla\u015f\u0131lmas\u0131 gereken m\u00fchim<span class=\"excerpt-hellip\"> [\u2026]<\/span><\/p>\n","protected":false},"featured_media":0,"template":"","meta":{"_monsterinsights_skip_tracking":false,"_monsterinsights_sitenote_active":false,"_monsterinsights_sitenote_note":"","_monsterinsights_sitenote_category":0},"product_brand":[],"product_cat":[12718,12719,15238],"product_tag":[],"class_list":{"0":"post-764152","1":"product","2":"type-product","3":"status-publish","5":"product_cat-din","6":"product_cat-islam","7":"product_cat-tasavvuf","8":"pa_cilt-ciltsiz","9":"pa_tur-kitap","10":"pa_yayinevi-astana-yayinlari","11":"pa_yazar-dilek-tekin","13":"first","14":"instock","15":"sale","16":"shipping-taxable","17":"purchasable","18":"product-type-simple"},"_links":{"self":[{"href":"https:\/\/roveyayinevi.com.tr\/index.php\/wp-json\/wp\/v2\/product\/764152","targetHints":{"allow":["GET"]}}],"collection":[{"href":"https:\/\/roveyayinevi.com.tr\/index.php\/wp-json\/wp\/v2\/product"}],"about":[{"href":"https:\/\/roveyayinevi.com.tr\/index.php\/wp-json\/wp\/v2\/types\/product"}],"wp:attachment":[{"href":"https:\/\/roveyayinevi.com.tr\/index.php\/wp-json\/wp\/v2\/media?parent=764152"}],"wp:term":[{"taxonomy":"product_brand","embeddable":true,"href":"https:\/\/roveyayinevi.com.tr\/index.php\/wp-json\/wp\/v2\/product_brand?post=764152"},{"taxonomy":"product_cat","embeddable":true,"href":"https:\/\/roveyayinevi.com.tr\/index.php\/wp-json\/wp\/v2\/product_cat?post=764152"},{"taxonomy":"product_tag","embeddable":true,"href":"https:\/\/roveyayinevi.com.tr\/index.php\/wp-json\/wp\/v2\/product_tag?post=764152"}],"curies":[{"name":"wp","href":"https:\/\/api.w.org\/{rel}","templated":true}]}}