{"id":764150,"date":"2025-08-28T11:01:31","date_gmt":"2025-08-28T08:01:31","guid":{"rendered":"https:\/\/roveyayinevi.com.tr\/index.php\/urun\/bm-guvenlik-konseyinin-suriye-hakkinda-kararlarinin-tercumesi-2012-2023\/"},"modified":"2026-04-15T03:29:53","modified_gmt":"2026-04-15T00:29:53","slug":"bm-guvenlik-konseyinin-suriye-hakkinda-kararlarinin-tercumesi-2012-2023","status":"publish","type":"product","link":"https:\/\/roveyayinevi.com.tr\/index.php\/urun\/bm-guvenlik-konseyinin-suriye-hakkinda-kararlarinin-tercumesi-2012-2023\/","title":{"rendered":"BM G\u00fcvenlik Konseyi\u2019nin Suriye Hakk\u0131nda Kararlar\u0131n\u0131n Terc\u00fcmesi (2012-2023)"},"content":{"rendered":"<p>Bug\u00fcn Suriye olarak bilinen topraklar, Mezopotamya\u2019da en eski uygarl\u0131k olan bilinen S\u00fcmerlerden bug\u00fcne birbirinden farkl\u0131 \u0131rktan, dinden say\u0131s\u0131z medeniyete ev sahipli\u011fi yapm\u0131\u015ft\u0131r. Ocak 2011\u2019den itibaren Suriye\u2019de ya\u015fan\u0131lan, literat\u00fcrde \u2018Arap Bahar\u0131\u2019 s\u00fcreci ile ili\u015fkilendirilen, \u00e7ok akt\u00f6rl\u00fc i\u00e7 \u00e7at\u0131\u015fman\u0131n, olaylar\u0131n kitlesel boyuta ta\u015f\u0131nd\u0131\u011f\u0131 Mart 2011\u2019den bug\u00fcne kadar farkl\u0131 d\u00fczeyde \u00fclkesel, b\u00f6lgesel ve k\u00fcresel bir\u00e7ok etkileri olmu\u015ftur Bu \u00e7al\u0131\u015fma Nisan 2012- Ekim 2023 zaman aral\u0131\u011f\u0131nda G\u00fcvenlik Konseyi\u2019nin Suriye hakk\u0131nda ald\u0131\u011f\u0131 kararlar\u0131n terc\u00fcmesini i\u00e7ermektedir. BM G\u00fcvenlik Konseyi\u2019nin Suriye hakk\u0131nda Nisan 2012- Ekim2023 y\u0131llar\u0131 aras\u0131ndaki kararlar\u0131n\u0131n terc\u00fcmesi, \u00f6ncelikle \u2018etkin devlet y\u00f6netimi yoklu\u011fu\u2019 olgusuna Konsey\u2019in kararlar\u0131 \u00e7er\u00e7evesinde b\u00fct\u00fcnsel olarak bakabilmek a\u00e7\u0131s\u0131ndan \u00f6nemlidir. Bu ba\u011flamda kararlar, insan haklar\u0131 ihlallerinden uluslararas\u0131 ceza hukukunun kendisine konu ald\u0131\u011f\u0131 su\u00e7lara; tarihi eserlerin tahrip edilmesinden b\u00f6lgeden \u00e7\u0131kar\u0131lmas\u0131na ve \u00e7evrenin b\u00fct\u00fcn bu s\u00fcre\u00e7te g\u00f6rd\u00fc\u011f\u00fc zararlara kar\u015f\u0131 G\u00fcvenlik Konseyi\u2019nin konumlanmas\u0131na b\u00fct\u00fcnsel a\u00e7\u0131dan bakabilme imk\u00e2n\u0131 sunmaktad\u0131r. Bunun yan\u0131nda uluslararas\u0131 hukukunun; egemenlik, m\u00fcdahale yasa\u011f\u0131 ile kuvvet kullanma yasa\u011f\u0131 ve halklar\u0131n kendi kaderini tayin hakk\u0131 gibi en temel prensiplerinin Suriye ile ilgili kararlardaki izd\u00fc\u015f\u00fcmlerine dair veri elde etmek a\u00e7\u0131s\u0131ndan da kararlar\u0131n terc\u00fcmesi de\u011ferlidir. Dr. \u00d6\u011fretim \u00dcyesi Neyire Akp\u0131narl\u0131, ASBU Hukuk Fak\u00fcltesi, Uluslararas\u0131 Hukuk Anabilim Dal\u0131. Mustafa Berk Arslan, ASBU Siyaset Bilimi, Uluslararas\u0131 \u0130li\u015fkiler B\u00f6l\u00fcm\u00fc 2022 mezunu. Serap Karaman, ASBU Siyaset Bilimi, Uluslararas\u0131 \u0130li\u015fkiler B\u00f6l\u00fcm\u00fc 2022 mezunu. Ahmet Berat Korkut, ASBU Hukuk Fak\u00fcltesi 2023 y\u0131l\u0131 mezunu. Melisa Birsu Pay\u00e7u, ASBU Siyaset Bilimi, Uluslararas\u0131 \u0130li\u015fkiler B\u00f6l\u00fcm\u00fc 2022 mezunu. Muhammed \u015eamil \u015eahin, ASBU Hukuk Fak\u00fcltesi 2023 y\u0131l\u0131 mezunu<\/p>\n","protected":false},"excerpt":{"rendered":"<p>Bug\u00fcn Suriye olarak bilinen topraklar, Mezopotamya\u2019da en eski uygarl\u0131k olan bilinen S\u00fcmerlerden bug\u00fcne birbirinden farkl\u0131 \u0131rktan, dinden say\u0131s\u0131z medeniyete ev sahipli\u011fi yapm\u0131\u015ft\u0131r. Ocak 2011\u2019den itibaren Suriye\u2019de<span class=\"excerpt-hellip\"> [\u2026]<\/span><\/p>\n","protected":false},"featured_media":0,"template":"","meta":{"_monsterinsights_skip_tracking":false,"_monsterinsights_sitenote_active":false,"_monsterinsights_sitenote_note":"","_monsterinsights_sitenote_category":0},"product_brand":[],"product_cat":[13590,12337],"product_tag":[],"class_list":{"0":"post-764150","1":"product","2":"type-product","3":"status-publish","5":"product_cat-arastirma-inceleme-politika-siyaset","6":"product_cat-politika-siyaset","7":"pa_cilt-ciltsiz","8":"pa_tur-kitap","9":"pa_yayinevi-astana-yayinlari","10":"pa_yazar-m-b-paycu-ms-sahin","11":"pa_yazar-n-akpinarli-m-b-arslan-s-karaman-a-b-korkut","13":"first","14":"instock","15":"sale","16":"shipping-taxable","17":"purchasable","18":"product-type-simple"},"_links":{"self":[{"href":"https:\/\/roveyayinevi.com.tr\/index.php\/wp-json\/wp\/v2\/product\/764150","targetHints":{"allow":["GET"]}}],"collection":[{"href":"https:\/\/roveyayinevi.com.tr\/index.php\/wp-json\/wp\/v2\/product"}],"about":[{"href":"https:\/\/roveyayinevi.com.tr\/index.php\/wp-json\/wp\/v2\/types\/product"}],"wp:attachment":[{"href":"https:\/\/roveyayinevi.com.tr\/index.php\/wp-json\/wp\/v2\/media?parent=764150"}],"wp:term":[{"taxonomy":"product_brand","embeddable":true,"href":"https:\/\/roveyayinevi.com.tr\/index.php\/wp-json\/wp\/v2\/product_brand?post=764150"},{"taxonomy":"product_cat","embeddable":true,"href":"https:\/\/roveyayinevi.com.tr\/index.php\/wp-json\/wp\/v2\/product_cat?post=764150"},{"taxonomy":"product_tag","embeddable":true,"href":"https:\/\/roveyayinevi.com.tr\/index.php\/wp-json\/wp\/v2\/product_tag?post=764150"}],"curies":[{"name":"wp","href":"https:\/\/api.w.org\/{rel}","templated":true}]}}