{"id":764149,"date":"2025-08-28T11:01:30","date_gmt":"2025-08-28T08:01:30","guid":{"rendered":"https:\/\/roveyayinevi.com.tr\/index.php\/urun\/sosyolojik-acidan-turkiyenin-turk-dunyasi-politikalari\/"},"modified":"2026-04-15T03:29:53","modified_gmt":"2026-04-15T00:29:53","slug":"sosyolojik-acidan-turkiyenin-turk-dunyasi-politikalari","status":"publish","type":"product","link":"https:\/\/roveyayinevi.com.tr\/index.php\/urun\/sosyolojik-acidan-turkiyenin-turk-dunyasi-politikalari\/","title":{"rendered":"Sosyolojik A\u00e7\u0131dan T\u00fcrkiye\u2019nin T\u00fcrk D\u00fcnyas\u0131 Politikalar\u0131"},"content":{"rendered":"<p>T\u00fcrk tarihinin geni\u015fleme d\u00f6nemlerinde s\u0131n\u0131rl\u0131 d\u00fczeyde de olsa ili\u015fki i\u00e7inde olunan, ancak \u00c7arl\u0131k d\u00f6neminde zay\u0131flama e\u011filimine giren ve Sovyet d\u00f6neminde tam bir kopuklu\u011fa u\u011frayan T\u00fcrkiye ve T\u00fcrk D\u00fcnyas\u0131 ili\u015fkileri otuz y\u0131l\u0131 a\u015fk\u0131n bir s\u00fcredir sa\u011flam bir temele oturma e\u011filimine girmi\u015ftir. Bu s\u00fcre\u00e7 i\u00e7inde, b\u00fcy\u00fck umutlar ve arzularla geli\u015ftirilmek istenen ili\u015fkiler, zaman zaman krizlere maruz kalsa da bu krizler T\u00fcrk d\u00fcnyas\u0131nda i\u00e7kin olan bir g\u00fc\u00e7 ile a\u015f\u0131lm\u0131\u015ft\u0131r. K\u00fcresel d\u00fcnya d\u00fczeninde olduk\u00e7a fazla d\u0131\u015f bask\u0131ya maruz kalma ihtimali de olan T\u00fcrk D\u00fcnyas\u0131, T\u00fcrkiye gibi di\u011fer bile\u015fenleri ile birlikte gelece\u011fe umutla bakmak i\u00e7in potansiyellere ve dayanaklara sahiptir. Ba\u011f\u0131ms\u0131zl\u0131k d\u00f6nemlerinde T\u00fcrkiye\u2019nin T\u00fcrk Cumhuriyetleri ile kurdu\u011fu ili\u015fkileri titizlikle inceleyen elinizdeki kitap, T\u00fcrk D\u00fcnyas\u0131ndaki b\u00fct\u00fcnle\u015fmenin \u00f6zellikle sosyolojik temelini izah etmeye y\u00f6nelmektedir. T\u00fcrk D\u00fcnyas\u0131, b\u00fct\u00fcn olumsuz d\u0131\u015f etkenlere ra\u011fmen ortak siyaset \u00fcretme g\u00fcc\u00fcne her ge\u00e7en g\u00fcn g\u00fc\u00e7 katmaya devam etmekte, g\u00fc\u00e7l\u00fc ba\u011flar\u0131ndan hem kendi sorunlar\u0131n\u0131 \u00e7\u00f6zecek hem de d\u00fcnyaya huzur soluyacak bir g\u00fc\u00e7 olarak b\u00fcy\u00fcmeye devam etmektedir.<\/p>\n","protected":false},"excerpt":{"rendered":"<p>T\u00fcrk tarihinin geni\u015fleme d\u00f6nemlerinde s\u0131n\u0131rl\u0131 d\u00fczeyde de olsa ili\u015fki i\u00e7inde olunan, ancak \u00c7arl\u0131k d\u00f6neminde zay\u0131flama e\u011filimine giren ve Sovyet d\u00f6neminde tam bir kopuklu\u011fa u\u011frayan T\u00fcrkiye ve<span class=\"excerpt-hellip\"> [\u2026]<\/span><\/p>\n","protected":false},"featured_media":0,"template":"","meta":{"_monsterinsights_skip_tracking":false,"_monsterinsights_sitenote_active":false,"_monsterinsights_sitenote_note":"","_monsterinsights_sitenote_category":0},"product_brand":[],"product_cat":[12337],"product_tag":[],"class_list":{"0":"post-764149","1":"product","2":"type-product","3":"status-publish","5":"product_cat-politika-siyaset","6":"pa_cilt-ciltsiz","7":"pa_tur-kitap","8":"pa_yayinevi-astana-yayinlari","9":"pa_yazar-ilteris-yildirim","11":"first","12":"instock","13":"sale","14":"shipping-taxable","15":"purchasable","16":"product-type-simple"},"_links":{"self":[{"href":"https:\/\/roveyayinevi.com.tr\/index.php\/wp-json\/wp\/v2\/product\/764149","targetHints":{"allow":["GET"]}}],"collection":[{"href":"https:\/\/roveyayinevi.com.tr\/index.php\/wp-json\/wp\/v2\/product"}],"about":[{"href":"https:\/\/roveyayinevi.com.tr\/index.php\/wp-json\/wp\/v2\/types\/product"}],"wp:attachment":[{"href":"https:\/\/roveyayinevi.com.tr\/index.php\/wp-json\/wp\/v2\/media?parent=764149"}],"wp:term":[{"taxonomy":"product_brand","embeddable":true,"href":"https:\/\/roveyayinevi.com.tr\/index.php\/wp-json\/wp\/v2\/product_brand?post=764149"},{"taxonomy":"product_cat","embeddable":true,"href":"https:\/\/roveyayinevi.com.tr\/index.php\/wp-json\/wp\/v2\/product_cat?post=764149"},{"taxonomy":"product_tag","embeddable":true,"href":"https:\/\/roveyayinevi.com.tr\/index.php\/wp-json\/wp\/v2\/product_tag?post=764149"}],"curies":[{"name":"wp","href":"https:\/\/api.w.org\/{rel}","templated":true}]}}