{"id":764148,"date":"2025-08-28T11:01:29","date_gmt":"2025-08-28T08:01:29","guid":{"rendered":"https:\/\/roveyayinevi.com.tr\/index.php\/urun\/kamu-yonetimi-ve-etik-teoriden-pratige\/"},"modified":"2026-04-15T03:29:53","modified_gmt":"2026-04-15T00:29:53","slug":"kamu-yonetimi-ve-etik-teoriden-pratige","status":"publish","type":"product","link":"https:\/\/roveyayinevi.com.tr\/index.php\/urun\/kamu-yonetimi-ve-etik-teoriden-pratige\/","title":{"rendered":"Kamu Y\u00f6netimi ve Etik: Teoriden Prati\u011fe"},"content":{"rendered":"<p>Etik konusu, ahlak felsefesine kar\u015f\u0131l\u0131k gelerek binlerce y\u0131ld\u0131r \u00e7e\u015fitli medeniyetlerde filozoflar, d\u00fc\u015f\u00fcn\u00fcrler ve ekoller taraf\u0131ndan tart\u0131\u015f\u0131la gelmektedir. Etik, bir\u00e7ok farkl\u0131 disiplinin de oda\u011f\u0131nda yer almaktad\u0131r. Bu ba\u011flamda, farkl\u0131 disiplinlerin eti\u011fe bak\u0131\u015f\u0131 \u00f6nem ta\u015f\u0131maktad\u0131r. Bu kitapta da kamu y\u00f6netimi ba\u015fta olmak \u00fczere belli ba\u015fl\u0131 sosyal bilim dallar\u0131n\u0131n etik konusundaki temelleri incelenmi\u015ftir. Bu \u015fekilde de kamu y\u00f6netimi eti\u011fi, b\u00fct\u00fcnc\u00fcl d\u00fczeyde kitapta ele al\u0131nm\u0131\u015ft\u0131r. Kamu y\u00f6netimi eti\u011fi, temelde kamu g\u00f6revlilerinin etik ve ahlaki temeller \u00fczerine g\u00f6rev ve davran\u0131\u015f g\u00f6stermesi \u00fczerine bir kural ve kaide olu\u015fturmaya dayal\u0131 bilimsel etkinliklerdir. Nitekim 20. Y\u00fczy\u0131lda sosyal bilimlerdeki yak\u0131nla\u015fma ba\u011flam\u0131nda farkl\u0131 disiplinlerin eti\u011fe bak\u0131\u015f\u0131, kamu y\u00f6netimi eti\u011finin tam olarak anla\u015f\u0131lmas\u0131 i\u00e7in a\u00e7\u0131klanmal\u0131d\u0131r. Bu kitapta da kamu y\u00f6netimi eti\u011fine destek amac\u0131yla siyaset bilimi, siyasi d\u00fc\u015f\u00fcnceler tarihi, sosyal politika, kamu politikas\u0131, sosyoloji, i\u015fletme ve iktisat gibi disiplinlerden b\u00f6l\u00fcmlere yer verilmi\u015ftir. Nitekim eti\u011fin t\u00fcm sosyal bilim dallar\u0131n\u0131n bilgi \u00fcretilmesinde ve y\u00f6ntem belirlenmesinde temel kaidelerinden biri oldu\u011fu d\u00fc\u015f\u00fcn\u00fclmektedir. K\u00fclt\u00fcrel a\u00e7\u0131dan sa\u011fl\u0131kl\u0131 ve geli\u015fmi\u015f toplumlar, ancak etik ile kurulmu\u015f ve i\u015fleyen kamusal kurumlar ile donand\u0131klar\u0131 taktirde ba\u015far\u0131ya ula\u015fabilirler. Kamusal etik bilincine sahip toplumlar, geli\u015fir ve kalk\u0131nmas\u0131n\u0131 s\u00fcrd\u00fcr\u00fcr. Bu kitap, bu anlamda T\u00fcrk kamu y\u00f6netiminde literat\u00fcre \u00f6nemli katk\u0131 sunmaktad\u0131r. Yine bu kitab\u0131n ba\u015fta lisans ve lisans\u00fcst\u00fc \u00f6\u011frencileri olmak \u00fczere bu konu ile ilgili akademisyen, ara\u015ft\u0131rmac\u0131 ve di\u011fer ilgililere de katk\u0131 sa\u011flayaca\u011f\u0131 muhakkakt\u0131r.<\/p>\n","protected":false},"excerpt":{"rendered":"<p>Etik konusu, ahlak felsefesine kar\u015f\u0131l\u0131k gelerek binlerce y\u0131ld\u0131r \u00e7e\u015fitli medeniyetlerde filozoflar, d\u00fc\u015f\u00fcn\u00fcrler ve ekoller taraf\u0131ndan tart\u0131\u015f\u0131la gelmektedir. Etik, bir\u00e7ok farkl\u0131 disiplinin de oda\u011f\u0131nda yer almaktad\u0131r. Bu<span class=\"excerpt-hellip\"> [\u2026]<\/span><\/p>\n","protected":false},"featured_media":0,"template":"","meta":{"_monsterinsights_skip_tracking":false,"_monsterinsights_sitenote_active":false,"_monsterinsights_sitenote_note":"","_monsterinsights_sitenote_category":0},"product_brand":[],"product_cat":[13043,14381],"product_tag":[],"class_list":{"0":"post-764148","1":"product","2":"type-product","3":"status-publish","5":"product_cat-ekonomi","6":"product_cat-isletme-muhasebe-maliye","7":"pa_cilt-ciltsiz","8":"pa_tur-kitap","9":"pa_yayinevi-astana-yayinlari","10":"pa_yazar-doc-dr-kadir-caner-dogan","11":"pa_yazar-prof-dr-bekir-parlak","13":"first","14":"instock","15":"sale","16":"shipping-taxable","17":"purchasable","18":"product-type-simple"},"_links":{"self":[{"href":"https:\/\/roveyayinevi.com.tr\/index.php\/wp-json\/wp\/v2\/product\/764148","targetHints":{"allow":["GET"]}}],"collection":[{"href":"https:\/\/roveyayinevi.com.tr\/index.php\/wp-json\/wp\/v2\/product"}],"about":[{"href":"https:\/\/roveyayinevi.com.tr\/index.php\/wp-json\/wp\/v2\/types\/product"}],"wp:attachment":[{"href":"https:\/\/roveyayinevi.com.tr\/index.php\/wp-json\/wp\/v2\/media?parent=764148"}],"wp:term":[{"taxonomy":"product_brand","embeddable":true,"href":"https:\/\/roveyayinevi.com.tr\/index.php\/wp-json\/wp\/v2\/product_brand?post=764148"},{"taxonomy":"product_cat","embeddable":true,"href":"https:\/\/roveyayinevi.com.tr\/index.php\/wp-json\/wp\/v2\/product_cat?post=764148"},{"taxonomy":"product_tag","embeddable":true,"href":"https:\/\/roveyayinevi.com.tr\/index.php\/wp-json\/wp\/v2\/product_tag?post=764148"}],"curies":[{"name":"wp","href":"https:\/\/api.w.org\/{rel}","templated":true}]}}