{"id":764147,"date":"2025-08-28T11:01:27","date_gmt":"2025-08-28T08:01:27","guid":{"rendered":"https:\/\/roveyayinevi.com.tr\/index.php\/urun\/biyokutle-enerjisi-biyokimyasal-donusumler-ve-teknolojileri\/"},"modified":"2026-04-15T03:29:53","modified_gmt":"2026-04-15T00:29:53","slug":"biyokutle-enerjisi-biyokimyasal-donusumler-ve-teknolojileri","status":"publish","type":"product","link":"https:\/\/roveyayinevi.com.tr\/index.php\/urun\/biyokutle-enerjisi-biyokimyasal-donusumler-ve-teknolojileri\/","title":{"rendered":"Biyok\u00fctle Enerjisi: Biyokimyasal D\u00f6n\u00fc\u015f\u00fcmler ve Teknolojileri"},"content":{"rendered":"<p>Biyok\u00fctlenin biyokimyasal d\u00f6n\u00fc\u015f\u00fcm\u00fc, s\u00fcrd\u00fcr\u00fclebilir biyoenerji ve biyokimyasal \u00fcr\u00fcnler alan\u0131nda gittik\u00e7e umut verici olmaktad\u0131r. Tar\u0131msal art\u0131klar, odun veya algler gibi organik maddelerden elde edilen biyok\u00fctle, biyoyak\u0131tlar, kimyasallar ve biyoplastikler gibi bir\u00e7ok de\u011ferli \u00fcr\u00fcn elde etmek i\u00e7in bir dizi karma\u015f\u0131k biyokimyasal s\u00fcre\u00e7ten ge\u00e7ebilir. Bu d\u00f6n\u00fc\u015f\u00fcmlerin merkezinde, sel\u00fcloz ve lignin gibi karma\u015f\u0131k biyok\u00fctle bile\u015fenlerini verimli bir \u015fekilde daha basit, daha kullan\u0131\u015fl\u0131 bile\u015fiklere d\u00f6n\u00fc\u015ft\u00fcren \u00e7e\u015fitli mikroorganizmalar, enzimler ve metabolik yollar yer almaktad\u0131r. Biyok\u00fctle biyokimyasal d\u00f6n\u00fc\u015f\u00fcm\u00fcndeki kilit s\u00fcre\u00e7lerden biri, enzimlerin sel\u00fcloz ve hemisel\u00fclozu fermente edilebilir \u015fekerlere par\u00e7alad\u0131\u011f\u0131 enzimatik hidrolizdir. Bu \u015fekerler daha sonra maya veya bakteri gibi mikroorganizmalar taraf\u0131ndan fermente edilerek biyoetanol veya di\u011fer biyoyak\u0131tlar \u00fcretilebilir. Ayr\u0131ca, biyok\u00fctle piroliz veya gazla\u015ft\u0131rma gibi termokimyasal i\u015flemlere tabi tutularak sentez gaz\u0131 \u00fcretilebilir ve bu da bir dizi biyokimyasal i\u015flem yoluyla s\u0131v\u0131 biyoyak\u0131tlara d\u00f6n\u00fc\u015ft\u00fcr\u00fclebilir. Bu d\u00f6n\u00fc\u015f\u00fcm yollar\u0131 sadece fosil yak\u0131tlara olan ba\u011f\u0131ml\u0131l\u0131\u011f\u0131m\u0131z\u0131 azaltmakla kalmaz, ayn\u0131 zamanda tar\u0131msal ve ormanc\u0131l\u0131k at\u0131klar\u0131n\u0131n y\u00f6netimi i\u00e7in s\u00fcrd\u00fcr\u00fclebilir bir \u00e7\u00f6z\u00fcm sunar. Ayr\u0131ca, biyok\u00fctlenin biyokimyasal d\u00f6n\u00fc\u015f\u00fcm\u00fc sera gaz\u0131 emisyonlar\u0131n\u0131n azalt\u0131lmas\u0131 i\u00e7in b\u00fcy\u00fck bir potansiyele sahiptir. Biyokataliz\u00f6rlerin g\u00fcc\u00fcnden yararlanarak \u00e7ok \u00e7e\u015fitli biyo-bazl\u0131 kimyasallar ve malzemeler \u00fcretebilir ve geleneksel petrokimyasal \u00fcretimle ili\u015fkili \u00e7evresel ayak izini azaltabiliriz. Ara\u015ft\u0131rma ve teknoloji bu alanda ilerlemeye devam ettik\u00e7e, biyok\u00fctle bazl\u0131 \u00e7\u00f6z\u00fcmler i\u00e7in beklentiler giderek daha heyecan verici hale gelmekte ve daha ye\u015fil ve daha s\u00fcrd\u00fcr\u00fclebilir bir gelece\u011fe do\u011fru \u00fcmit verici bir yol sunmaktad\u0131r. Bu biyokimyasal d\u00f6n\u00fc\u015f\u00fcmleri ger\u00e7ekle\u015ftirmek i\u00e7in \u00e7e\u015fitli tipte reakt\u00f6rler kullan\u0131lmaktad\u0131r. Bu reakt\u00f6rler mikrobiyal b\u00fcy\u00fcme ve aktivite i\u00e7in gerekli ko\u015fullar\u0131n sa\u011flanmas\u0131nda \u00e7ok \u00f6nemli bir rol oynamaktad\u0131r. Biyoreakt\u00f6rler, biyokimyasal s\u00fcre\u00e7leri optimize etmek i\u00e7in s\u0131cakl\u0131k, pH, oksijen seviyeleri ve besin kayna\u011f\u0131 gibi parametreleri kontrol etmek \u00fczere tasarlanm\u0131\u015ft\u0131r. Biyok\u00fctle d\u00f6n\u00fc\u015f\u00fcm s\u00fcrecinin \u00f6zel gereksinimlerine ba\u011fl\u0131 olarak kesikli, s\u00fcrekli ak\u0131\u015fl\u0131 ve beslemeli kesikli sistemler dahil olmak \u00fczere farkl\u0131 reakt\u00f6r konfig\u00fcrasyonlar\u0131 kullan\u0131labilir. Ayr\u0131ca, reakt\u00f6r teknolojisindeki ilerlemeler, b\u00fcy\u00fck \u00f6l\u00e7ekli biyoyak\u0131t ve biyokimyasal \u00fcretim i\u00e7in gerekli olan daha verimli ve \u00f6l\u00e7eklenebilir sistemlerin geli\u015ftirilmesine yol a\u00e7m\u0131\u015ft\u0131r. Bu reakt\u00f6rlerin farkl\u0131 biyok\u00fctle t\u00fcrlerini i\u015fleme ve reaksiyon ko\u015fullar\u0131n\u0131 uyarlama konusundaki \u00e7ok y\u00f6nl\u00fcl\u00fc\u011f\u00fc, onlar\u0131 s\u00fcrd\u00fcr\u00fclebilir ve \u00e7evre dostu \u00e7\u00f6z\u00fcmler aray\u0131\u015f\u0131nda vazge\u00e7ilmez ara\u00e7lar haline getirmektedir. Ara\u015ft\u0131rmalar biyok\u00fctle d\u00f6n\u00fc\u015f\u00fcm s\u00fcre\u00e7lerini ve reakt\u00f6r tasar\u0131mlar\u0131n\u0131 iyile\u015ftirmeye devam ettik\u00e7e, bu teknolojilerin enerji verimlili\u011fimizi \u00f6nemli \u00f6l\u00e7\u00fcde iyile\u015ftirme ve sera gaz\u0131 emisyonlar\u0131n\u0131 azaltma potansiyeli giderek daha umut verici hale gelmektedir.<\/p>\n","protected":false},"excerpt":{"rendered":"<p>Biyok\u00fctlenin biyokimyasal d\u00f6n\u00fc\u015f\u00fcm\u00fc, s\u00fcrd\u00fcr\u00fclebilir biyoenerji ve biyokimyasal \u00fcr\u00fcnler alan\u0131nda gittik\u00e7e umut verici olmaktad\u0131r. Tar\u0131msal art\u0131klar, odun veya algler gibi organik maddelerden elde edilen biyok\u00fctle, biyoyak\u0131tlar, kimyasallar<span class=\"excerpt-hellip\"> [\u2026]<\/span><\/p>\n","protected":false},"featured_media":0,"template":"","meta":{"_monsterinsights_skip_tracking":false,"_monsterinsights_sitenote_active":false,"_monsterinsights_sitenote_note":"","_monsterinsights_sitenote_category":0},"product_brand":[],"product_cat":[12573,12566],"product_tag":[],"class_list":{"0":"post-764147","1":"product","2":"type-product","3":"status-publish","5":"product_cat-akademik-kitaplar","6":"product_cat-egitim","7":"pa_cilt-ciltsiz","8":"pa_tur-kitap","9":"pa_yayinevi-astana-yayinlari","10":"pa_yazar-prof-dr-mehmet-hakki-alma","11":"pa_yazar-prof-dr-sefa-altikat","13":"first","14":"instock","15":"sale","16":"shipping-taxable","17":"purchasable","18":"product-type-simple"},"_links":{"self":[{"href":"https:\/\/roveyayinevi.com.tr\/index.php\/wp-json\/wp\/v2\/product\/764147","targetHints":{"allow":["GET"]}}],"collection":[{"href":"https:\/\/roveyayinevi.com.tr\/index.php\/wp-json\/wp\/v2\/product"}],"about":[{"href":"https:\/\/roveyayinevi.com.tr\/index.php\/wp-json\/wp\/v2\/types\/product"}],"wp:attachment":[{"href":"https:\/\/roveyayinevi.com.tr\/index.php\/wp-json\/wp\/v2\/media?parent=764147"}],"wp:term":[{"taxonomy":"product_brand","embeddable":true,"href":"https:\/\/roveyayinevi.com.tr\/index.php\/wp-json\/wp\/v2\/product_brand?post=764147"},{"taxonomy":"product_cat","embeddable":true,"href":"https:\/\/roveyayinevi.com.tr\/index.php\/wp-json\/wp\/v2\/product_cat?post=764147"},{"taxonomy":"product_tag","embeddable":true,"href":"https:\/\/roveyayinevi.com.tr\/index.php\/wp-json\/wp\/v2\/product_tag?post=764147"}],"curies":[{"name":"wp","href":"https:\/\/api.w.org\/{rel}","templated":true}]}}