{"id":764146,"date":"2025-08-28T11:01:26","date_gmt":"2025-08-28T08:01:26","guid":{"rendered":"https:\/\/roveyayinevi.com.tr\/index.php\/urun\/medeniyet-merkezli-bakisla-orta-cagda-turkistandan-dogu-akdenize-turkler\/"},"modified":"2026-04-15T03:29:53","modified_gmt":"2026-04-15T00:29:53","slug":"medeniyet-merkezli-bakisla-orta-cagda-turkistandan-dogu-akdenize-turkler","status":"publish","type":"product","link":"https:\/\/roveyayinevi.com.tr\/index.php\/urun\/medeniyet-merkezli-bakisla-orta-cagda-turkistandan-dogu-akdenize-turkler\/","title":{"rendered":"Medeniyet Merkezli Bak\u0131\u015fla Orta \u00c7a\u011f\u2019da T\u00fcrkistan\u2019dan Do\u011fu Akdeniz\u2019e T\u00fcrkler"},"content":{"rendered":"<p>Bu \u00e7al\u0131\u015fma Cumhuriyetimizin 100. Y\u0131l\u0131na ithaf edilmi\u015ftir. T\u00fcrkistan ve T\u00fcrkiye b\u00fct\u00fcnl\u00fc\u011f\u00fcnde de\u011ferlendirilen tarihimiz i\u00e7erisinden; T\u00fcrkistanl\u0131l\u0131k \u00e7at\u0131s\u0131nda mazimizden devletimizin 100. y\u0131l\u0131nda gelece\u011fe bakmaktay\u0131z. T\u00fcrkistanl\u0131l\u0131k bir mefk\u00fbre, \u015fahsiyet ve mesuliyet kavram\u0131d\u0131r. Kavram tarihi mitolojik- pop\u00fcler-politik bir \u00e7er\u00e7eveyi ifade etmez. Mefk\u00fbresi medeniyet\u00e7i milliyet\u00e7ilik olarak kavramla\u015fan fikriyat, kendi yolunda medeniyet mesuliyeti ta\u015f\u0131yan bir mefhumu kar\u015f\u0131lar. Bu yoldaki \u015fahsiyet, \u015f\u00fcphesiz esas\u0131n\u0131 tarihten ve onun i\u00e7indeki kend\u00f6z\u00fcm\u00fczden al\u0131r. Mesuliyetinde bir nezaket, incelik ve hassasiyet \u015fahsiyetini ve tarihini ta\u015f\u0131r. Neden T\u00fcrkistan\u2019dan Do\u011fu Akdeniz\u2019e? \u00c7\u00fcnki T\u00fcrklerin, bu \u00e7al\u0131\u015fmada konu edinilen devresinin tarihi ve co\u011frafi istikameti bu y\u00f6nde ger\u00e7ekle\u015fti. T\u00fcrklerin G\u00f6kt\u00fcrk \u00e7a\u011f\u0131 sonras\u0131 \u0130slam ile kar\u015f\u0131la\u015fmalar\u0131 ve m\u00fcteakip as\u0131rlarda \u0130slam\u2019\u0131 benim-semeleri s\u00fcrecinde T\u00fcrkistan\u2019dan Do\u011fu Akdeniz\u2019e do\u011fru bir geli\u015fme izlenir. T\u00fcrkistan ve T\u00fcrkiye birlikte tarihi zemini olu\u015fturdu. Umumi tarih bak\u0131\u015f\u0131 olmay\u0131\u015f\u0131 bizi hep eksik ve b\u00f6l\u00fcnm\u00fc\u015f b\u0131rakt\u0131. Neden Medeniyet merkezli bir bak\u0131\u015fla? Ke\u015ffedilmemi\u015f her haf\u0131za yok h\u00fck\u00fcmdedir. Milletler tarihle ili\u015fkilerini bilin\u00e7 d\u00fczeyinde kurduklar\u0131nda h\u00e2lin mazi ve m\u00fcstakbelle alakas\u0131 canlan\u0131r. T\u00fcrkler medeniyet\u00e7i bir millet olduklar\u0131n\u0131 medeniyetin d\u0131\u015f ve i\u00e7yap\u0131lar\u0131 ba\u011flam\u0131nda hat\u0131rlad\u0131klar\u0131nda mazideki malumat m\u00fcstakbel i\u00e7in de\u011fere d\u00f6n\u00fc\u015febilecektir. Neden Orta \u00c7a\u011f\u2019da T\u00fcrkler? T\u00fcrk tarihi uzun bir s\u00fcre\u00e7tir. Bunun ger\u00e7ekle\u015fti\u011fi \u00f6nemli bir saha T\u00fcrkistan\u2019dan Do\u011fu Akdeniz\u2019e uzanan aland\u0131r. Burada medeniyet ad\u0131na her t\u00fcrl\u00fc tezah\u00fcr\u00fc var eden T\u00fcrklerin hayat\u0131nda kadim zamanlardan, mitolojik devirlerden itibaren bug\u00fcn modern hayat\u0131n i\u00e7indeki devreye kadar s\u00fcre\u00e7 i\u00e7erisinde ikisinin ortas\u0131nda yer alan ve bize g\u00f6re din ve topra\u011fa ba\u011fl\u0131 hayat unsurlar\u0131n\u0131n esas y\u00f6nlendirici etkisinde geli\u015fen devreler T\u00fcrklerin orta zamanlar\u0131n\u0131 olu\u015fturmaktad\u0131r.<\/p>\n","protected":false},"excerpt":{"rendered":"<p>Bu \u00e7al\u0131\u015fma Cumhuriyetimizin 100. Y\u0131l\u0131na ithaf edilmi\u015ftir. T\u00fcrkistan ve T\u00fcrkiye b\u00fct\u00fcnl\u00fc\u011f\u00fcnde de\u011ferlendirilen tarihimiz i\u00e7erisinden; T\u00fcrkistanl\u0131l\u0131k \u00e7at\u0131s\u0131nda mazimizden devletimizin 100. y\u0131l\u0131nda gelece\u011fe bakmaktay\u0131z. T\u00fcrkistanl\u0131l\u0131k bir mefk\u00fbre, \u015fahsiyet<span class=\"excerpt-hellip\"> [\u2026]<\/span><\/p>\n","protected":false},"featured_media":0,"template":"","meta":{"_monsterinsights_skip_tracking":false,"_monsterinsights_sitenote_active":false,"_monsterinsights_sitenote_note":"","_monsterinsights_sitenote_category":0},"product_brand":[],"product_cat":[12370,12304],"product_tag":[],"class_list":{"0":"post-764146","1":"product","2":"type-product","3":"status-publish","5":"product_cat-arastirma-inceleme","6":"product_cat-tarih","7":"pa_cilt-ciltsiz","8":"pa_tur-kitap","9":"pa_yayinevi-astana-yayinlari","10":"pa_yazar-altan-cetin","12":"first","13":"instock","14":"sale","15":"shipping-taxable","16":"purchasable","17":"product-type-simple"},"_links":{"self":[{"href":"https:\/\/roveyayinevi.com.tr\/index.php\/wp-json\/wp\/v2\/product\/764146","targetHints":{"allow":["GET"]}}],"collection":[{"href":"https:\/\/roveyayinevi.com.tr\/index.php\/wp-json\/wp\/v2\/product"}],"about":[{"href":"https:\/\/roveyayinevi.com.tr\/index.php\/wp-json\/wp\/v2\/types\/product"}],"wp:attachment":[{"href":"https:\/\/roveyayinevi.com.tr\/index.php\/wp-json\/wp\/v2\/media?parent=764146"}],"wp:term":[{"taxonomy":"product_brand","embeddable":true,"href":"https:\/\/roveyayinevi.com.tr\/index.php\/wp-json\/wp\/v2\/product_brand?post=764146"},{"taxonomy":"product_cat","embeddable":true,"href":"https:\/\/roveyayinevi.com.tr\/index.php\/wp-json\/wp\/v2\/product_cat?post=764146"},{"taxonomy":"product_tag","embeddable":true,"href":"https:\/\/roveyayinevi.com.tr\/index.php\/wp-json\/wp\/v2\/product_tag?post=764146"}],"curies":[{"name":"wp","href":"https:\/\/api.w.org\/{rel}","templated":true}]}}