{"id":764145,"date":"2025-08-28T11:01:25","date_gmt":"2025-08-28T08:01:25","guid":{"rendered":"https:\/\/roveyayinevi.com.tr\/index.php\/urun\/saglik-guvenligi\/"},"modified":"2026-04-15T03:29:53","modified_gmt":"2026-04-15T00:29:53","slug":"saglik-guvenligi","status":"publish","type":"product","link":"https:\/\/roveyayinevi.com.tr\/index.php\/urun\/saglik-guvenligi\/","title":{"rendered":"Sa\u011fl\u0131k G\u00fcvenli\u011fi"},"content":{"rendered":"<p>Sa\u011fl\u0131k G\u00fcvenli\u011fi konusu, son y\u0131llarda g\u00fcvenlik \u00e7al\u0131\u015fmalar\u0131 i\u00e7inde olduk\u00e7a \u00f6nemli bir yere sahiptir. \u201cSa\u011fl\u0131k \u0130nsan G\u00fcc\u00fc\u2019n\u00fcn\u201d, askeri sa\u011fl\u0131k sisteminin, milli a\u015f\u0131n\u0131n ve ila\u00e7 \u00fcretiminin \u00f6nemini ba\u011f\u0131ms\u0131z olmak, d\u00fcnyada g\u00fc\u00e7l\u00fc bir yer edinmek isteyen hi\u00e7bir \u00fclke g\u00f6z ard\u0131 edemez. \u00dclkelerin sa\u011fl\u0131k y\u00f6netimi otoritelerini DS\u00d6\u2019ye tamamen teslim etmeleri, ayr\u0131ca s\u0131\u011f\u0131nmac\u0131 ve ka\u00e7ak g\u00f6\u00e7menlerin yarataca\u011f\u0131 sa\u011fl\u0131k g\u00fcvenli\u011fi a\u00e7\u0131\u011f\u0131 \u00fclkemiz i\u00e7in de uyar\u0131c\u0131 olmal\u0131d\u0131r. Bu \u00e7al\u0131\u015fman\u0131n, T\u00fcrkiye\u2019de sa\u011fl\u0131k g\u00fcvenli\u011fi \u00e7al\u0131\u015fmalar\u0131na ve literat\u00fcr\u00fcne de\u011fer kataca\u011f\u0131na inanmaktay\u0131m. Prof. Dr. \u00dcmit \u00d6zda\u011f Ulusal ba\u011flamda g\u00fc\u00e7l\u00fc bir sa\u011fl\u0131k sisteminin kurulu\u015fu ve s\u00fcrd\u00fcr\u00fclebilirli\u011fi o ulusun ge\u00e7mi\u015ften gelen k\u00fcresel ve yerel sa\u011fl\u0131k sorunlar\u0131na kar\u015f\u0131 edindi\u011fi bilgi ve tecr\u00fcbelerin bir neticesidir. Covid-19 sonras\u0131 g\u00f6r\u00fclm\u00fc\u015ft\u00fcr ki her \u00fclkenin kendi sa\u011fl\u0131k ekosistemini gerek sa\u011fl\u0131k personeli gerekse a\u015f\u0131 ve ila\u00e7 tedari\u011fi ba\u011flam\u0131nda ger\u00e7ekle\u015ftirebilmesi demek k\u00fcresel ve yerel anlamda olu\u015fabilecek kriz ortam\u0131ndan en az hasarla \u00e7\u0131kabilmesi demektir. \u00dclkeler i\u00e7in sa\u011fl\u0131k kapasitesi ve g\u00fcc\u00fc en az askeri g\u00fc\u00e7 kadar \u00f6nemlidir. Askeri Sa\u011fl\u0131k ve Uluslararas\u0131 \u0130li\u015fkiler alan\u0131nda birikimleri olan Dr. Tayfun \u00d6zdem&#8217;in Sa\u011fl\u0131k g\u00fcvenli\u011fi alan\u0131nda literat\u00fcre olduk\u00e7a \u00f6nemli katk\u0131lar sa\u011flayan bu \u00e7al\u0131\u015fmas\u0131; gerek askeri sa\u011fl\u0131k sisteminin gerekse milli a\u015f\u0131 ve ila\u00e7 \u00fcretiminin sa\u011fl\u0131k g\u00fcvenli\u011fi bak\u0131m\u0131ndan \u00f6nemi konusunda dikkatle de\u011ferlendirilmelidir. Prof. Dr. Ali \u015eehirlio\u011flu Sa\u011fl\u0131k g\u00fcvenli\u011finin g\u00fc\u00e7l\u00fc bir \u015fekilde sa\u011flanmas\u0131, ortaya \u00e7\u0131kan acil sa\u011fl\u0131k sorunlar\u0131n\u0131n \u00f6nlenmesinde doktorlar, hem\u015fireler ve teknisyenlerin \u00f6n planda oldu\u011fu nitelikli bir sa\u011fl\u0131k i\u015fg\u00fcc\u00fcne ba\u011fl\u0131d\u0131r. Bu noktada ulusal g\u00fcvenli\u011fi etkileme potansiyeli ta\u015f\u0131yan ve acil durum ihtiva eden halk sa\u011fl\u0131\u011f\u0131 tehditlerine kar\u015f\u0131 m\u00fccadelede askeri sa\u011fl\u0131k sisteminin hususiyeti \u00f6zellikle vurgulanmal\u0131d\u0131r. Askeri sa\u011fl\u0131k sistemi, silahl\u0131 kuvvetlerin halk sa\u011fl\u0131\u011f\u0131n\u0131 ilgilendiren acil durumlarda h\u0131zl\u0131 m\u00fcdahale i\u00e7in benzersiz kaynaklara sahip olmas\u0131 nedeniyle \u00e7ok \u00f6nemli bir rol oynamaktad\u0131r. D\u00fcnya Sa\u011fl\u0131k \u00d6rg\u00fct\u00fc gibi kurulu\u015flar arac\u0131l\u0131\u011f\u0131yla k\u00fcresel i\u015fbirli\u011fi esas olmakla birlikte, ulusal karar alma yetkisinin korunmas\u0131, muhtelif sa\u011fl\u0131k sorunlar\u0131n\u0131n etkili bir \u015fekilde ele al\u0131nmas\u0131 i\u00e7in olduk\u00e7a hayatidir. Askeri Sa\u011fl\u0131k ve Uluslararas\u0131 \u0130li\u015fkiler alan\u0131nda de\u011ferli birikimi olan Dr. Tayfun \u00d6zdem&#8217;in Sa\u011fl\u0131k g\u00fcvenli\u011fi ile ilgili tespitleri olduk\u00e7a \u00f6nemli olup Ulusal G\u00fcvenlik a\u00e7\u0131s\u0131ndan dikkatle de\u011ferlendirilmelidir. Bu minvalde bu elinizde bulunan eserin kamuoyunda ve akademik camiada \u00f6nemli bir yeri olaca\u011f\u0131na inan\u0131yorum. Prof. Dr. Metin Hasde Bu eser; Sa\u011fl\u0131k g\u00fcvenli\u011fi, D\u00fcnya Sa\u011fl\u0131k \u00d6rg\u00fct\u00fc ve salg\u0131n hastal\u0131klar konusunu bir arada ele alan T\u00fcrkiye\u2019deki ilk kitapt\u0131r. Yazar, hem t\u0131p alan\u0131ndaki uzmanl\u0131\u011f\u0131n\u0131 hem de uluslararas\u0131 ili\u015fkilerdeki bilgi ve tecr\u00fcbesini birle\u015ftirip, disiplinler-aras\u0131 bir \u00e7al\u0131\u015fma ortaya koymaktad\u0131r. Sa\u011fl\u0131k olgusu \u00f6zellikle son y\u0131llarda k\u00fcresel siyasete etki eden en \u00f6nemli konulardan biri olmaya ba\u015flam\u0131\u015ft\u0131r. Bu \u00e7al\u0131\u015fma, T\u00fcrkiye\u2019de bu alanda ya\u015fanan kaynak eksikli\u011fini giderme noktas\u0131nda literat\u00fcre olduk\u00e7a \u00f6nemli bir katk\u0131 sa\u011flamaktad\u0131r. Prof. Dr. Bilal Karabulut<\/p>\n","protected":false},"excerpt":{"rendered":"<p>Sa\u011fl\u0131k G\u00fcvenli\u011fi konusu, son y\u0131llarda g\u00fcvenlik \u00e7al\u0131\u015fmalar\u0131 i\u00e7inde olduk\u00e7a \u00f6nemli bir yere sahiptir. \u201cSa\u011fl\u0131k \u0130nsan G\u00fcc\u00fc\u2019n\u00fcn\u201d, askeri sa\u011fl\u0131k sisteminin, milli a\u015f\u0131n\u0131n ve ila\u00e7 \u00fcretiminin \u00f6nemini ba\u011f\u0131ms\u0131z<span class=\"excerpt-hellip\"> [\u2026]<\/span><\/p>\n","protected":false},"featured_media":0,"template":"","meta":{"_monsterinsights_skip_tracking":false,"_monsterinsights_sitenote_active":false,"_monsterinsights_sitenote_note":"","_monsterinsights_sitenote_category":0},"product_brand":[],"product_cat":[13366,13365],"product_tag":[],"class_list":{"0":"post-764145","1":"product","2":"type-product","3":"status-publish","5":"product_cat-diger-saglik","6":"product_cat-saglik","7":"pa_cilt-ciltsiz","8":"pa_tur-kitap","9":"pa_yayinevi-astana-yayinlari","10":"pa_yazar-tayfun-ozdem","12":"first","13":"instock","14":"sale","15":"shipping-taxable","16":"purchasable","17":"product-type-simple"},"_links":{"self":[{"href":"https:\/\/roveyayinevi.com.tr\/index.php\/wp-json\/wp\/v2\/product\/764145","targetHints":{"allow":["GET"]}}],"collection":[{"href":"https:\/\/roveyayinevi.com.tr\/index.php\/wp-json\/wp\/v2\/product"}],"about":[{"href":"https:\/\/roveyayinevi.com.tr\/index.php\/wp-json\/wp\/v2\/types\/product"}],"wp:attachment":[{"href":"https:\/\/roveyayinevi.com.tr\/index.php\/wp-json\/wp\/v2\/media?parent=764145"}],"wp:term":[{"taxonomy":"product_brand","embeddable":true,"href":"https:\/\/roveyayinevi.com.tr\/index.php\/wp-json\/wp\/v2\/product_brand?post=764145"},{"taxonomy":"product_cat","embeddable":true,"href":"https:\/\/roveyayinevi.com.tr\/index.php\/wp-json\/wp\/v2\/product_cat?post=764145"},{"taxonomy":"product_tag","embeddable":true,"href":"https:\/\/roveyayinevi.com.tr\/index.php\/wp-json\/wp\/v2\/product_tag?post=764145"}],"curies":[{"name":"wp","href":"https:\/\/api.w.org\/{rel}","templated":true}]}}