{"id":764144,"date":"2025-08-28T11:01:24","date_gmt":"2025-08-28T08:01:24","guid":{"rendered":"https:\/\/roveyayinevi.com.tr\/index.php\/urun\/uluslararasi-guvenlik-2\/"},"modified":"2026-04-15T03:29:53","modified_gmt":"2026-04-15T00:29:53","slug":"uluslararasi-guvenlik-2","status":"publish","type":"product","link":"https:\/\/roveyayinevi.com.tr\/index.php\/urun\/uluslararasi-guvenlik-2\/","title":{"rendered":"Uluslararas\u0131 G\u00fcvenlik"},"content":{"rendered":"<p>K\u00fcreselle\u015fmenin etkisiyle uluslararas\u0131 politik, ekonomik, askeri, sosyal ve k\u00fclt\u00fcrel ili\u015fkiler b\u00fct\u00fcn\u00fcnde ya\u015fanan de\u011fi\u015fimler, uluslararas\u0131 ili\u015fkilerin yaln\u0131zca So\u011fuk Sava\u015f D\u00f6nemi\u2019nde hakim olan geleneksel g\u00fcvenlik anlay\u0131\u015f\u0131na dayal\u0131 olarak a\u00e7\u0131klanabilmesini imkans\u0131z hale getirerek ele\u015ftirel g\u00fcvenlik perspektifinin do\u011fmas\u0131n\u0131 sa\u011flam\u0131\u015ft\u0131r. Nitekim, g\u00fcn\u00fcm\u00fczde, uluslararas\u0131 sistemin \u00e7ok boyutlu bir yap\u0131ya evrilmesi, kitle imha silahlar\u0131n\u0131n yay\u0131lmas\u0131n\u0131n engellenememesi, devlet ba\u015far\u0131s\u0131zl\u0131\u011f\u0131n\u0131n yay\u0131lmas\u0131na ba\u011fl\u0131 olarak uluslararas\u0131 silah, uyu\u015fturucu ve insan ka\u00e7ak\u00e7\u0131l\u0131\u011f\u0131n\u0131n artmas\u0131, kitlesel g\u00f6\u00e7 hareketlili\u011finin kontrol edilemez hale gelmesi, ter\u00f6rizmin k\u00fcreselle\u015fmesi ve end\u00fcstri 4.0 gibi geli\u015fmeler, g\u00fcvenlik meselesinin yaln\u0131zca toprak b\u00fct\u00fcnl\u00fc\u011f\u00fc ve self-determinasyon hakk\u0131na dayal\u0131 geleneksel g\u00fcvenlik anlay\u0131\u015f\u0131 ekseninde de\u011ferlendirilemeyece\u011fini; ayn\u0131 zamanda ekonomik, toplumsal, bireysel, \u00e7evresel ve teknolojik dinamikleri dikkate alan kapsaml\u0131 bir g\u00fcvenlik anlay\u0131\u015f\u0131n\u0131n gereklili\u011fini beraberinde getirmi\u015ftir. Bu do\u011frultuda, alan\u0131nda uzman \u2026\u2026.. \u00f6\u011fretim eleman\u0131n kaleme ald\u0131\u011f\u0131 \u2026\u2026. farkl\u0131 b\u00f6l\u00fcmden olu\u015fan kitab\u0131m\u0131z, geleneksel g\u00fcvenlik anlay\u0131\u015f\u0131nda ya\u015fanan de\u011fi\u015fimler ile ele\u015ftirel ve geni\u015fletilmi\u015f (modern) g\u00fcvenlik anlay\u0131\u015f\u0131n\u0131n temel dinamiklerine dair kavramsal ve teorik nitelikli kapsaml\u0131 tart\u0131\u015fmalar sayesinde, okuyucunun de\u011fi\u015fen g\u00fcvenlik anlay\u0131\u015f\u0131n\u0131n t\u00fcm boyutlar\u0131n\u0131 net bir \u015fekilde anlayabilmesine imkan vermektedir.<\/p>\n","protected":false},"excerpt":{"rendered":"<p>K\u00fcreselle\u015fmenin etkisiyle uluslararas\u0131 politik, ekonomik, askeri, sosyal ve k\u00fclt\u00fcrel ili\u015fkiler b\u00fct\u00fcn\u00fcnde ya\u015fanan de\u011fi\u015fimler, uluslararas\u0131 ili\u015fkilerin yaln\u0131zca So\u011fuk Sava\u015f D\u00f6nemi\u2019nde hakim olan geleneksel g\u00fcvenlik anlay\u0131\u015f\u0131na dayal\u0131 olarak<span class=\"excerpt-hellip\"> [\u2026]<\/span><\/p>\n","protected":false},"featured_media":0,"template":"","meta":{"_monsterinsights_skip_tracking":false,"_monsterinsights_sitenote_active":false,"_monsterinsights_sitenote_note":"","_monsterinsights_sitenote_category":0},"product_brand":[],"product_cat":[12337],"product_tag":[],"class_list":{"0":"post-764144","1":"product","2":"type-product","3":"status-publish","5":"product_cat-politika-siyaset","6":"pa_cilt-ciltsiz","7":"pa_tur-kitap","8":"pa_yayinevi-astana-yayinlari","9":"pa_yazar-prof-dr-nesrin-demir-prof-dr-ugur-burc-yildiz","11":"first","12":"instock","13":"sale","14":"shipping-taxable","15":"purchasable","16":"product-type-simple"},"_links":{"self":[{"href":"https:\/\/roveyayinevi.com.tr\/index.php\/wp-json\/wp\/v2\/product\/764144","targetHints":{"allow":["GET"]}}],"collection":[{"href":"https:\/\/roveyayinevi.com.tr\/index.php\/wp-json\/wp\/v2\/product"}],"about":[{"href":"https:\/\/roveyayinevi.com.tr\/index.php\/wp-json\/wp\/v2\/types\/product"}],"wp:attachment":[{"href":"https:\/\/roveyayinevi.com.tr\/index.php\/wp-json\/wp\/v2\/media?parent=764144"}],"wp:term":[{"taxonomy":"product_brand","embeddable":true,"href":"https:\/\/roveyayinevi.com.tr\/index.php\/wp-json\/wp\/v2\/product_brand?post=764144"},{"taxonomy":"product_cat","embeddable":true,"href":"https:\/\/roveyayinevi.com.tr\/index.php\/wp-json\/wp\/v2\/product_cat?post=764144"},{"taxonomy":"product_tag","embeddable":true,"href":"https:\/\/roveyayinevi.com.tr\/index.php\/wp-json\/wp\/v2\/product_tag?post=764144"}],"curies":[{"name":"wp","href":"https:\/\/api.w.org\/{rel}","templated":true}]}}