{"id":764143,"date":"2025-08-28T11:01:22","date_gmt":"2025-08-28T08:01:22","guid":{"rendered":"https:\/\/roveyayinevi.com.tr\/index.php\/urun\/ataturk-vahdettin-gorusmeleri\/"},"modified":"2026-04-15T03:29:53","modified_gmt":"2026-04-15T00:29:53","slug":"ataturk-vahdettin-gorusmeleri","status":"publish","type":"product","link":"https:\/\/roveyayinevi.com.tr\/index.php\/urun\/ataturk-vahdettin-gorusmeleri\/","title":{"rendered":"Atat\u00fcrk &#8211; Vahdettin G\u00f6r\u00fc\u015fmeleri"},"content":{"rendered":"<p>Bu \u00e7al\u0131\u015fman\u0131n konusunu Mustafa Kemal&#8217;in Veliaht Vahdettin ile yapt\u0131\u011f\u0131 Almanya gezisiyle, 13 Kas\u0131m 1918 den 16 May\u0131s 1919 a kadar aralar\u0131nda ge\u00e7en 9 g\u00f6r\u00fc\u015fme olu\u015fturmaktad\u0131r. Devlet-Halk-Ordu \u00fc\u00e7geninde d\u00f6nem ko\u015fullar\u0131 g\u00f6z \u00f6n\u00fcne serilip, Mustafa Kemal ve silah arkada\u015flar\u0131n\u0131n verdi\u011fi kurtulu\u015f m\u00fccadelesine \u0131\u015f\u0131k tutulmaya \u00e7al\u0131\u015f\u0131lm\u0131\u015ft\u0131r.<\/p>\n","protected":false},"excerpt":{"rendered":"<p>Bu \u00e7al\u0131\u015fman\u0131n konusunu Mustafa Kemal&#8217;in Veliaht Vahdettin ile yapt\u0131\u011f\u0131 Almanya gezisiyle, 13 Kas\u0131m 1918 den 16 May\u0131s 1919 a kadar aralar\u0131nda ge\u00e7en 9 g\u00f6r\u00fc\u015fme olu\u015fturmaktad\u0131r. Devlet-Halk-Ordu<span class=\"excerpt-hellip\"> [\u2026]<\/span><\/p>\n","protected":false},"featured_media":0,"template":"","meta":{"_monsterinsights_skip_tracking":false,"_monsterinsights_sitenote_active":false,"_monsterinsights_sitenote_note":"","_monsterinsights_sitenote_category":0},"product_brand":[],"product_cat":[12530,12304],"product_tag":[],"class_list":{"0":"post-764143","1":"product","2":"type-product","3":"status-publish","5":"product_cat-mustafa-kemal-ataturk","6":"product_cat-tarih","7":"pa_cilt-ciltsiz","8":"pa_tur-kitap","9":"pa_yayinevi-astana-yayinlari","10":"pa_yazar-ali-ak","12":"first","13":"instock","14":"sale","15":"shipping-taxable","16":"purchasable","17":"product-type-simple"},"_links":{"self":[{"href":"https:\/\/roveyayinevi.com.tr\/index.php\/wp-json\/wp\/v2\/product\/764143","targetHints":{"allow":["GET"]}}],"collection":[{"href":"https:\/\/roveyayinevi.com.tr\/index.php\/wp-json\/wp\/v2\/product"}],"about":[{"href":"https:\/\/roveyayinevi.com.tr\/index.php\/wp-json\/wp\/v2\/types\/product"}],"wp:attachment":[{"href":"https:\/\/roveyayinevi.com.tr\/index.php\/wp-json\/wp\/v2\/media?parent=764143"}],"wp:term":[{"taxonomy":"product_brand","embeddable":true,"href":"https:\/\/roveyayinevi.com.tr\/index.php\/wp-json\/wp\/v2\/product_brand?post=764143"},{"taxonomy":"product_cat","embeddable":true,"href":"https:\/\/roveyayinevi.com.tr\/index.php\/wp-json\/wp\/v2\/product_cat?post=764143"},{"taxonomy":"product_tag","embeddable":true,"href":"https:\/\/roveyayinevi.com.tr\/index.php\/wp-json\/wp\/v2\/product_tag?post=764143"}],"curies":[{"name":"wp","href":"https:\/\/api.w.org\/{rel}","templated":true}]}}