{"id":764138,"date":"2025-08-28T11:01:15","date_gmt":"2025-08-28T08:01:15","guid":{"rendered":"https:\/\/roveyayinevi.com.tr\/index.php\/urun\/rus-imparatorlugunun-kuzey-kirgizistandaki-tarim-siyaseti\/"},"modified":"2026-04-15T03:29:52","modified_gmt":"2026-04-15T00:29:52","slug":"rus-imparatorlugunun-kuzey-kirgizistandaki-tarim-siyaseti","status":"publish","type":"product","link":"https:\/\/roveyayinevi.com.tr\/index.php\/urun\/rus-imparatorlugunun-kuzey-kirgizistandaki-tarim-siyaseti\/","title":{"rendered":"Rus \u0130mparatorlu\u011fu\u2019nun Kuzey K\u0131rg\u0131zistan\u2019daki Tar\u0131m Siyaseti"},"content":{"rendered":"<p>K\u0131rg\u0131zistan\u2019\u0131n tarihinin \u00f6\u011fretiminde en \u00f6nemli konular\u0131n birisi XIX. Y\u00fczy\u0131l\u0131n ikinci yar\u0131s\u0131 XX. Y\u00fczy\u0131l\u0131n ba\u015flang\u0131c\u0131ndaki Rus \u0130mparatorlu\u011funun K\u0131rg\u0131zistan\u2019da y\u00fcr\u00fctt\u00fc\u011f\u00fc tar\u0131m siyaseti say\u0131lmaktad\u0131r. Ad\u0131 ge\u00e7en konu ile ilgili ara\u015ft\u0131rmac\u0131lar\u0131n bilimsel \u00e7al\u0131\u015fmalar\u0131 her d\u00f6nemin siyasi bak\u0131\u015f a\u00e7\u0131s\u0131na g\u00f6re farkl\u0131 farkl\u0131 de\u011fi\u015ftirmelere u\u011fram\u0131\u015ft\u0131r. Bu kitapta bu konu \u00fczerinde geni\u015f durabilmek i\u00e7in devrime kadarki ve Sovyet, Eski Sovyet d\u00f6nemlerdeki bu konuyla ilgili olan bilimsel ara\u015ft\u0131rmalar\u0131 inceleyerek ger\u00e7ek bir sonuca varabilmek i\u00e7in \u00e7abalanm\u0131\u015ft\u0131r. K\u0131rg\u0131zistan Rus \u0130mparatorlu\u011funa kat\u0131ld\u0131\u011f\u0131ndan ba\u015flayarak bu s\u00fcreci yans\u0131tan kavramsal y\u00f6ntemdeki bir \u00e7ok tarihsel eserler yay\u0131nlanmaya ba\u015flam\u0131\u015ft\u0131r. Bu eserlerin de\u011feri yazarlar\u0131n ara\u015ft\u0131rmas\u0131nda bu konuyla ilgili olumlu ve olumsuz taraflar\u0131n\u0131n tam olarak yans\u0131t\u0131lmas\u0131ndad\u0131r. \u0130lk eserler Rus \u0130mparatorlu\u011funun ele ge\u00e7irme siyasetine kat\u0131lan insanlar taraf\u0131nca yaz\u0131ld\u0131\u011f\u0131ndan dolay bu s\u00fcre\u00e7 bilimsel \u00f6zelli\u011fi kazanamay\u0131p sadece olay\u0131 betimleme olmu\u015ftur. Bu eserlerde baz\u0131 yazarlar olaylar hakk\u0131nda a\u00e7\u0131klamalar\u0131n\u0131 da belirtmi\u015flerdir. Toplumun ayd\u0131nlanmas\u0131yla her bir ara\u015ft\u0131rmac\u0131 Rus \u0130mparatorlu\u011funun T\u00fcrkistan\u2019da y\u00fcr\u00fc\u011f\u00fc siyasetinin olumlu taraflar\u0131n\u0131 belirtmekle birlikte, bazen bu s\u00fcrecin olumsuz taraflar\u0131n\u0131 da a\u00e7\u0131k\u00e7a belirtmi\u015flerdir. B\u00f6ylece bizim dikkatimizi \u00e7eken bu konu d\u00f6neme g\u00f6re de\u011ferlendirilmi\u015ftir. Rus imparatorlu\u011fu G\u00fcney K\u0131rg\u0131zistan\u2019daki toprak siyasetini Kuzey K\u0131rg\u0131zistan\u2019dakine g\u00f6re bir az farkl\u0131 y\u00f6netmi\u015ftir. \u00c7arl\u0131k h\u00fck\u00fcmetinin g\u00f6\u00e7 siyasetini genelde Ruslar y\u00f6neterek bu durumdan bir \u00e7ok f\u0131rsattan yararlanm\u0131\u015flard\u0131r. Rusya\u2019n\u0131n toprak siyaseti tamamen soygunculuk, ya\u011fmalama niteli\u011finde olmu\u015ftur. \u0130leride Rusya\u2019n\u0131n yine bu kadar tora\u011f\u0131 yerel halk\u0131n elinden alma amac\u0131 olmu\u015ftur. K\u0131rg\u0131zistan\u2019\u0131n g\u00fcney b\u00f6lgesinde topra\u011f\u0131n \u00fclkenin m\u00fclkiyeti olarak ilan etmek \u00c7arl\u0131k H\u00fck\u00fbmeti i\u00e7in \u00e7ok uygun olmu\u015ftur. Rus \u0130mparatorlu\u011funun K\u0131rg\u0131zistan\u2019da y\u00fcr\u00fctt\u00fc\u011f\u00fc tar\u0131m siyasetinin olumlu ve olumsuz taraflar\u0131 hakk\u0131nda k\u0131sa bilgi verecektir. Toprak siyasetinin genel olarak yerel halka olan siyasi ve ekonomik etkilerini incelenmi\u015ftir. Rus iktidar\u0131 bu b\u00f6lgede kendi iktidar\u0131n\u0131 olu\u015fturmak i\u00e7in y\u00fcr\u00fctt\u00fc\u011f\u00fc faaliyetleri ele al\u0131nm\u0131\u015ft\u0131r. Her Rus iktidar\u0131n\u0131n yerel halka de\u011fer vermedikleri ve dikkat \u00e7ekti\u011fini g\u00f6rmek m\u00fcmk\u00fcn.<\/p>\n","protected":false},"excerpt":{"rendered":"<p>K\u0131rg\u0131zistan\u2019\u0131n tarihinin \u00f6\u011fretiminde en \u00f6nemli konular\u0131n birisi XIX. Y\u00fczy\u0131l\u0131n ikinci yar\u0131s\u0131 XX. Y\u00fczy\u0131l\u0131n ba\u015flang\u0131c\u0131ndaki Rus \u0130mparatorlu\u011funun K\u0131rg\u0131zistan\u2019da y\u00fcr\u00fctt\u00fc\u011f\u00fc tar\u0131m siyaseti say\u0131lmaktad\u0131r. Ad\u0131 ge\u00e7en konu ile ilgili<span class=\"excerpt-hellip\"> [\u2026]<\/span><\/p>\n","protected":false},"featured_media":0,"template":"","meta":{"_monsterinsights_skip_tracking":false,"_monsterinsights_sitenote_active":false,"_monsterinsights_sitenote_note":"","_monsterinsights_sitenote_category":0},"product_brand":[],"product_cat":[12337],"product_tag":[],"class_list":{"0":"post-764138","1":"product","2":"type-product","3":"status-publish","5":"product_cat-politika-siyaset","6":"pa_cilt-ciltsiz","7":"pa_tur-kitap","8":"pa_yayinevi-astana-yayinlari","9":"pa_yazar-doc-dr-nazgul-isabaeva","11":"first","12":"instock","13":"sale","14":"shipping-taxable","15":"purchasable","16":"product-type-simple"},"_links":{"self":[{"href":"https:\/\/roveyayinevi.com.tr\/index.php\/wp-json\/wp\/v2\/product\/764138","targetHints":{"allow":["GET"]}}],"collection":[{"href":"https:\/\/roveyayinevi.com.tr\/index.php\/wp-json\/wp\/v2\/product"}],"about":[{"href":"https:\/\/roveyayinevi.com.tr\/index.php\/wp-json\/wp\/v2\/types\/product"}],"wp:attachment":[{"href":"https:\/\/roveyayinevi.com.tr\/index.php\/wp-json\/wp\/v2\/media?parent=764138"}],"wp:term":[{"taxonomy":"product_brand","embeddable":true,"href":"https:\/\/roveyayinevi.com.tr\/index.php\/wp-json\/wp\/v2\/product_brand?post=764138"},{"taxonomy":"product_cat","embeddable":true,"href":"https:\/\/roveyayinevi.com.tr\/index.php\/wp-json\/wp\/v2\/product_cat?post=764138"},{"taxonomy":"product_tag","embeddable":true,"href":"https:\/\/roveyayinevi.com.tr\/index.php\/wp-json\/wp\/v2\/product_tag?post=764138"}],"curies":[{"name":"wp","href":"https:\/\/api.w.org\/{rel}","templated":true}]}}