{"id":764137,"date":"2025-08-28T11:01:14","date_gmt":"2025-08-28T08:01:14","guid":{"rendered":"https:\/\/roveyayinevi.com.tr\/index.php\/urun\/suriyeli-genclik-arastirmasi-sorunlar-beklentiler-ve-cozum-onerileri-sanliurfa-ornegi\/"},"modified":"2026-04-15T03:29:52","modified_gmt":"2026-04-15T00:29:52","slug":"suriyeli-genclik-arastirmasi-sorunlar-beklentiler-ve-cozum-onerileri-sanliurfa-ornegi","status":"publish","type":"product","link":"https:\/\/roveyayinevi.com.tr\/index.php\/urun\/suriyeli-genclik-arastirmasi-sorunlar-beklentiler-ve-cozum-onerileri-sanliurfa-ornegi\/","title":{"rendered":"Suriyeli Gen\u00e7lik Ara\u015ft\u0131rmas\u0131 &#8211; Sorunlar, Beklentiler ve \u00c7\u00f6z\u00fcm \u00d6nerileri: \u015eanl\u0131urfa \u00d6rne\u011fi"},"content":{"rendered":"<p>Arap Bahar\u0131 sonras\u0131nda ba\u015flayan T\u00fcrkiye\u2019ye y\u00f6nelik Suriyeli s\u0131\u011f\u0131nmac\u0131 g\u00f6\u00e7\u00fc giderek kal\u0131c\u0131 hale gelmektedir. Ku\u015fkusuz bu g\u00f6\u00e7\u00fcn T\u00fcrk toplumu bak\u0131m\u0131ndan yaratt\u0131\u011f\u0131 \u00e7ok farkl\u0131 olumlu\/olumsuz etkiler bulunmaktad\u0131r. Sosyal medya \u00fczerinden Suriyelileri tart\u0131\u015fmak, t\u00fcm Suriyelileri ayn\u0131 potada de\u011ferlendirmek ya da g\u00f6\u00e7 s\u00fcrecini g\u00fcvenlikle\u015ftirmek ya\u015fanan bu sorunlar\u0131 \u00e7\u00f6zmeyecektir. Suriyeli s\u0131\u011f\u0131nmac\u0131 g\u00f6\u00e7\u00fcn\u00fcn bilimsel y\u00f6ntemlerin \u0131\u015f\u0131\u011f\u0131nda incelenmesi, bu g\u00f6\u00e7\u00fcn T\u00fcrk toplumu bak\u0131m\u0131ndan do\u011furdu\u011fu etkilerin en do\u011fru bi\u00e7imde analiz edilmesi b\u00fcy\u00fck bir \u00f6nem ta\u015f\u0131maktad\u0131r. Say\u0131lar\u0131 3,4 milyona yakla\u015fan Suriyeli s\u0131\u011f\u0131nmac\u0131lar\u0131n 1,6 milyonu 18 ya\u015f\u0131ndan k\u00fc\u00e7\u00fck iken, yakla\u015f\u0131k 600 bini gen\u00e7lerden (15-24 ya\u015f) olu\u015fmaktad\u0131r. Bu nedenle Suriyeli gen\u00e7ler \u00f6zel bir \u00f6nem arz etmektedir. Suriyeli s\u0131\u011f\u0131nmac\u0131 g\u00f6\u00e7\u00fcn\u00fcn gelecekte nas\u0131l bir \u015fekil alaca\u011f\u0131, Suriyelilerin T\u00fcrk toplumundaki konumunun ne olaca\u011f\u0131, \u00fclke kalk\u0131nmas\u0131na ne \u00f6l\u00e7\u00fcde katk\u0131 sunacaklar\u0131, Suriyelilerin yeni geldikleri topluma ne derece uyum sa\u011flayacaklar\u0131 vb. sorular\u0131n cevab\u0131 bu gen\u00e7lerin ileride sergileyecekleri tutum ve davran\u0131\u015flar\u0131nda sakl\u0131d\u0131r. \u015eanl\u0131urfa \u00f6zelinde Suriyeli gen\u00e7leri ele ald\u0131\u011f\u0131m\u0131z \u00e7al\u0131\u015fmam\u0131z\u0131n amac\u0131; Suriyeli gen\u00e7lerin profilini ortaya \u00e7\u0131karmak, ya\u015fad\u0131klar\u0131 sorunlar\u0131 ve beklentileri tespit etmek, belirlenen sorunlar i\u00e7in \u00e7\u00f6z\u00fcm \u00f6nerileri getirmektir. Farkl\u0131 disiplinlerden akademisyenlerin bir araya geldi\u011fi \u00e7al\u0131\u015fmada, nitel ve nicel ara\u015ft\u0131rma tekniklerinin birlikte kullan\u0131ld\u0131\u011f\u0131 karma ara\u015ft\u0131rma metodu benimsenmi\u015ftir.<\/p>\n","protected":false},"excerpt":{"rendered":"<p>Arap Bahar\u0131 sonras\u0131nda ba\u015flayan T\u00fcrkiye\u2019ye y\u00f6nelik Suriyeli s\u0131\u011f\u0131nmac\u0131 g\u00f6\u00e7\u00fc giderek kal\u0131c\u0131 hale gelmektedir. Ku\u015fkusuz bu g\u00f6\u00e7\u00fcn T\u00fcrk toplumu bak\u0131m\u0131ndan yaratt\u0131\u011f\u0131 \u00e7ok farkl\u0131 olumlu\/olumsuz etkiler bulunmaktad\u0131r. Sosyal<span class=\"excerpt-hellip\"> [\u2026]<\/span><\/p>\n","protected":false},"featured_media":0,"template":"","meta":{"_monsterinsights_skip_tracking":false,"_monsterinsights_sitenote_active":false,"_monsterinsights_sitenote_note":"","_monsterinsights_sitenote_category":0},"product_brand":[],"product_cat":[13590,12337],"product_tag":[],"class_list":{"0":"post-764137","1":"product","2":"type-product","3":"status-publish","5":"product_cat-arastirma-inceleme-politika-siyaset","6":"product_cat-politika-siyaset","7":"pa_cilt-ciltsiz","8":"pa_tur-kitap","9":"pa_yayinevi-astana-yayinlari","10":"pa_yazar-editor-prof-dr-mithat-arman-karasu","12":"first","13":"instock","14":"sale","15":"shipping-taxable","16":"purchasable","17":"product-type-simple"},"_links":{"self":[{"href":"https:\/\/roveyayinevi.com.tr\/index.php\/wp-json\/wp\/v2\/product\/764137","targetHints":{"allow":["GET"]}}],"collection":[{"href":"https:\/\/roveyayinevi.com.tr\/index.php\/wp-json\/wp\/v2\/product"}],"about":[{"href":"https:\/\/roveyayinevi.com.tr\/index.php\/wp-json\/wp\/v2\/types\/product"}],"wp:attachment":[{"href":"https:\/\/roveyayinevi.com.tr\/index.php\/wp-json\/wp\/v2\/media?parent=764137"}],"wp:term":[{"taxonomy":"product_brand","embeddable":true,"href":"https:\/\/roveyayinevi.com.tr\/index.php\/wp-json\/wp\/v2\/product_brand?post=764137"},{"taxonomy":"product_cat","embeddable":true,"href":"https:\/\/roveyayinevi.com.tr\/index.php\/wp-json\/wp\/v2\/product_cat?post=764137"},{"taxonomy":"product_tag","embeddable":true,"href":"https:\/\/roveyayinevi.com.tr\/index.php\/wp-json\/wp\/v2\/product_tag?post=764137"}],"curies":[{"name":"wp","href":"https:\/\/api.w.org\/{rel}","templated":true}]}}