{"id":764136,"date":"2025-08-28T11:01:13","date_gmt":"2025-08-28T08:01:13","guid":{"rendered":"https:\/\/roveyayinevi.com.tr\/index.php\/urun\/fransiz-ihtilali-doneminde-batili-dusunurlerin-tanri-ve-din-anlayisi\/"},"modified":"2026-04-15T03:29:52","modified_gmt":"2026-04-15T00:29:52","slug":"fransiz-ihtilali-doneminde-batili-dusunurlerin-tanri-ve-din-anlayisi","status":"publish","type":"product","link":"https:\/\/roveyayinevi.com.tr\/index.php\/urun\/fransiz-ihtilali-doneminde-batili-dusunurlerin-tanri-ve-din-anlayisi\/","title":{"rendered":"Frans\u0131z \u0130htilali D\u00f6neminde Bat\u0131l\u0131 D\u00fc\u015f\u00fcn\u00fcrlerin Tanr\u0131 ve Din Anlay\u0131\u015f\u0131"},"content":{"rendered":"<p>Yeni fikirler ve bulu\u015flara a\u00e7\u0131k olan Frans\u0131z ihtilali d\u00f6neminde yeni ya\u015fam anlay\u0131\u015f\u0131 Tanr\u0131\u2019n\u0131n emrine de\u011fil ayd\u0131nlar\u0131n zihninde sistemle\u015fmi\u015f ak\u0131l \u00fcr\u00fcn\u00fc ilkelere dayan\u0131yordu. Bu nedenle kutsal de\u011ferler inan\u00e7, din ve gelenek akl\u0131n s\u00fczgecine tabi tutularak yeni yorumlar, bak\u0131\u015f a\u00e7\u0131lar\u0131 ifade edilmi\u015ftir. \u00d6zellikle kurulu d\u00fczen Soylu ve Rahip s\u0131n\u0131f\u0131n Tanr\u0131 ve din ad\u0131na dogmalar\u0131 halk nezdinde ele\u015ftirilmi\u015ftir. \u0130nsanlar\u0131n e\u015fitli\u011fi, h\u00fcrriyet ve siyasi haklar gibi yeni fikirler k\u0131sa zaman i\u00e7erisinde bildiriler haline gelmi\u015f ve her yeni geli\u015fme toplumda be\u011feni kazanm\u0131\u015ft\u0131r. \u0130\u015fte bu ele\u015ftiri ve be\u011feni d\u00f6nemine Fransa\u2019da \u00f6nc\u00fcl\u00fck eden d\u00fc\u015f\u00fcn\u00fcrler\/filozoflar Montesguieu (1689-1755), Voltaire (1694\u20131778), Rousseau (1712\u20131778), Diderot (1713\u20131789) ve Baron d\u2019Holbach (1723\u20131789)\u2019t\u0131r. D\u00f6nemin bu d\u00fc\u015f\u00fcn\u00fcrleri 1700-1789 y\u0131llar\u0131 aras\u0131nda yeni fikri, siyasi, iktisadi ve dini yorumlara \u00e7anak tutmu\u015ftur. Bu \u00e7er\u00e7evede eserin ana temas\u0131 1789 Frans\u0131z ihtilali d\u00f6neminin fikri ve dini d\u00f6n\u00fc\u015f\u00fcm s\u00fcrecini kapsamaktad\u0131r.<\/p>\n","protected":false},"excerpt":{"rendered":"<p>Yeni fikirler ve bulu\u015flara a\u00e7\u0131k olan Frans\u0131z ihtilali d\u00f6neminde yeni ya\u015fam anlay\u0131\u015f\u0131 Tanr\u0131\u2019n\u0131n emrine de\u011fil ayd\u0131nlar\u0131n zihninde sistemle\u015fmi\u015f ak\u0131l \u00fcr\u00fcn\u00fc ilkelere dayan\u0131yordu. Bu nedenle kutsal de\u011ferler<span class=\"excerpt-hellip\"> [\u2026]<\/span><\/p>\n","protected":false},"featured_media":0,"template":"","meta":{"_monsterinsights_skip_tracking":false,"_monsterinsights_sitenote_active":false,"_monsterinsights_sitenote_note":"","_monsterinsights_sitenote_category":0},"product_brand":[],"product_cat":[20351,12388],"product_tag":[],"class_list":{"0":"post-764136","1":"product","2":"type-product","3":"status-publish","5":"product_cat-dusunce","6":"product_cat-felsefe","7":"pa_cilt-ciltsiz","8":"pa_tur-kitap","9":"pa_yayinevi-astana-yayinlari","10":"pa_yazar-dr-rasim-bayraktar","12":"first","13":"instock","14":"sale","15":"shipping-taxable","16":"purchasable","17":"product-type-simple"},"_links":{"self":[{"href":"https:\/\/roveyayinevi.com.tr\/index.php\/wp-json\/wp\/v2\/product\/764136","targetHints":{"allow":["GET"]}}],"collection":[{"href":"https:\/\/roveyayinevi.com.tr\/index.php\/wp-json\/wp\/v2\/product"}],"about":[{"href":"https:\/\/roveyayinevi.com.tr\/index.php\/wp-json\/wp\/v2\/types\/product"}],"wp:attachment":[{"href":"https:\/\/roveyayinevi.com.tr\/index.php\/wp-json\/wp\/v2\/media?parent=764136"}],"wp:term":[{"taxonomy":"product_brand","embeddable":true,"href":"https:\/\/roveyayinevi.com.tr\/index.php\/wp-json\/wp\/v2\/product_brand?post=764136"},{"taxonomy":"product_cat","embeddable":true,"href":"https:\/\/roveyayinevi.com.tr\/index.php\/wp-json\/wp\/v2\/product_cat?post=764136"},{"taxonomy":"product_tag","embeddable":true,"href":"https:\/\/roveyayinevi.com.tr\/index.php\/wp-json\/wp\/v2\/product_tag?post=764136"}],"curies":[{"name":"wp","href":"https:\/\/api.w.org\/{rel}","templated":true}]}}